{"id":1055,"date":"2021-02-14T15:40:13","date_gmt":"2021-02-14T13:40:13","guid":{"rendered":"https:\/\/uusimeidanmetsamme.jlehtinen.net\/?page_id=1055"},"modified":"2024-09-05T07:48:10","modified_gmt":"2024-09-05T04:48:10","slug":"ajankohtaista","status":"publish","type":"page","link":"https:\/\/meidanmetsamme.org\/index.php\/ajankohtaista\/","title":{"rendered":"Ajankohtaista"},"content":{"rendered":"\n<div class=\"wp-block-columns is-layout-flex wp-container-core-columns-is-layout-9d6595d7 wp-block-columns-is-layout-flex\">\n<div class=\"wp-block-column is-layout-flow wp-block-column-is-layout-flow\"><ul class=\"wp-block-latest-posts__list has-dates is-style-default wp-block-latest-posts\"><li><a class=\"wp-block-latest-posts__post-title\" href=\"https:\/\/meidanmetsamme.org\/index.php\/2026\/02\/05\/kiitos\/\">Kiitos!<\/a><time datetime=\"2026-02-05T20:21:00+02:00\" class=\"wp-block-latest-posts__post-date\">5.2.2026<\/time><div class=\"wp-block-latest-posts__post-excerpt\">Eeva-Stiina L\u00f6nnemon muistomets\u00e4ker\u00e4ys on p\u00e4\u00e4ttynyt. Luonnonperint\u00f6s\u00e4\u00e4ti\u00f6n ker\u00e4ys ja tilisiirrot tuottivat yhteens\u00e4 27 380 euroa &#8211; l\u00e4mmin kiitos kaikille lahjoittajille! Eeva-Stiinan&hellip; <a class=\"more-link\" href=\"https:\/\/meidanmetsamme.org\/index.php\/2026\/02\/05\/kiitos\/\">Jatka lukemista <span class=\"screen-reader-text\">Kiitos!<\/span><\/a><\/div><\/li>\n<li><a class=\"wp-block-latest-posts__post-title\" href=\"https:\/\/meidanmetsamme.org\/index.php\/2025\/12\/10\/joululahja-metsassa-elaville\/\">Joululahja mets\u00e4ss\u00e4 el\u00e4ville<\/a><time datetime=\"2025-12-10T14:09:00+02:00\" class=\"wp-block-latest-posts__post-date\">10.12.2025<\/time><div class=\"wp-block-latest-posts__post-excerpt\">Eeva-Stiinan muistomets\u00e4ker\u00e4yksen loppukiriin osallistumalla annat joululahjan mets\u00e4ss\u00e4 el\u00e4ville! Eeva-Stiina L\u00f6nnemon muistomets\u00e4 tullaan perustamaan h\u00e4nen L\u00f6nnemo-kotitilansa viereen mets\u00e4kaistaleelle, jota h\u00e4n yritti&hellip; <a class=\"more-link\" href=\"https:\/\/meidanmetsamme.org\/index.php\/2025\/12\/10\/joululahja-metsassa-elaville\/\">Jatka lukemista <span class=\"screen-reader-text\">Joululahja mets\u00e4ss\u00e4 el\u00e4ville<\/span><\/a><\/div><\/li>\n<li><a class=\"wp-block-latest-posts__post-title\" href=\"https:\/\/meidanmetsamme.org\/index.php\/2025\/11\/08\/tallenne-maa-metsa-ja-talous-keskustelusta-on-julkaistu\/\">Tallenne Maa, mets\u00e4 ja talous -keskustelusta on julkaistu<\/a><time datetime=\"2025-11-08T10:14:36+02:00\" class=\"wp-block-latest-posts__post-date\">8.11.2025<\/time><div class=\"wp-block-latest-posts__post-excerpt\">Videotallenne Helsingiss\u00e4 ke 8.10.2025 pidetyst\u00e4 Maa, mets\u00e4 ja talous -keskustelusta Eeva-Stiina L\u00f6nnemon muistoksi on katseltavissa. Videotallenteen on koonnut Staffan S\u00f6derlund.&hellip; <a class=\"more-link\" href=\"https:\/\/meidanmetsamme.org\/index.php\/2025\/11\/08\/tallenne-maa-metsa-ja-talous-keskustelusta-on-julkaistu\/\">Jatka lukemista <span class=\"screen-reader-text\">Tallenne Maa, mets\u00e4 ja talous -keskustelusta on julkaistu<\/span><\/a><\/div><\/li>\n<li><a class=\"wp-block-latest-posts__post-title\" href=\"https:\/\/meidanmetsamme.org\/index.php\/2025\/08\/25\/maa-metsa-ja-talous-keskustelua-oleellisesta-eeva-stiina-lonnemon-muistoksi\/\">Maa, mets\u00e4 ja talous: keskustelua oleellisesta Eeva-Stiina L\u00f6nnemon muistoksi<\/a><time datetime=\"2025-08-25T15:13:16+03:00\" class=\"wp-block-latest-posts__post-date\">25.8.2025<\/time><div class=\"wp-block-latest-posts__post-excerpt\">Keskustelutilaisuus Helsingiss\u00e4 ke 8.10.2025 klo 14:00-16:00 Helsingin yliopiston P\u00e4\u00e4rakennus, sali F3010, Fabianinkatu 33 Hyv\u00e4 seminaari voi muuttaa maailmaa. T\u00e4h\u00e4n uskoi&hellip; <a class=\"more-link\" href=\"https:\/\/meidanmetsamme.org\/index.php\/2025\/08\/25\/maa-metsa-ja-talous-keskustelua-oleellisesta-eeva-stiina-lonnemon-muistoksi\/\">Jatka lukemista <span class=\"screen-reader-text\">Maa, mets\u00e4 ja talous: keskustelua oleellisesta Eeva-Stiina L\u00f6nnemon muistoksi<\/span><\/a><\/div><\/li>\n<li><a class=\"wp-block-latest-posts__post-title\" href=\"https:\/\/meidanmetsamme.org\/index.php\/2025\/05\/17\/2715\/\">Lahjoita Eeva-Stiina L\u00f6nnemon muistomets\u00e4\u00e4n<\/a><time datetime=\"2025-05-17T16:54:23+03:00\" class=\"wp-block-latest-posts__post-date\">17.5.2025<\/time><div class=\"wp-block-latest-posts__post-excerpt\">Juhlitaan ja suojellaan el\u00e4m\u00e4\u00e4 yhdess\u00e4!&nbsp;Anna&nbsp;h\u00e4nelle, joka juhlii valmistujaisia tai syntym\u00e4p\u00e4ivi\u00e4, rakkautta tai muuta t\u00e4rke\u00e4\u00e4, mets\u00e4n el\u00e4m\u00e4\u00e4 suojeleva lahja! Lahjasi voit&hellip; <a class=\"more-link\" href=\"https:\/\/meidanmetsamme.org\/index.php\/2025\/05\/17\/2715\/\">Jatka lukemista <span class=\"screen-reader-text\">Lahjoita Eeva-Stiina L\u00f6nnemon muistomets\u00e4\u00e4n<\/span><\/a><\/div><\/li>\n<li><a class=\"wp-block-latest-posts__post-title\" href=\"https:\/\/meidanmetsamme.org\/index.php\/2025\/05\/17\/paivitetty-kannanotto-luovutettu-ymparistoministeri-multalalle\/\">P\u00e4ivitetty kannanotto luovutettu ymp\u00e4rist\u00f6ministeri Multalalle<\/a><time datetime=\"2025-05-17T16:41:51+03:00\" class=\"wp-block-latest-posts__post-date\">17.5.2025<\/time><div class=\"wp-block-latest-posts__post-excerpt\">Meid\u00e4n mets\u00e4mme -ty\u00f6ryhm\u00e4n j\u00e4senet luovuttivat p\u00e4ivitetyn kansalaisten kannanoton Suomen metsien puolesta ymp\u00e4rist\u00f6ministeri Sari Multalalle to 15.5.2025. Ministerin kanssa keskusteltiin mm.&hellip; <a class=\"more-link\" href=\"https:\/\/meidanmetsamme.org\/index.php\/2025\/05\/17\/paivitetty-kannanotto-luovutettu-ymparistoministeri-multalalle\/\">Jatka lukemista <span class=\"screen-reader-text\">P\u00e4ivitetty kannanotto luovutettu ymp\u00e4rist\u00f6ministeri Multalalle<\/span><\/a><\/div><\/li>\n<li><a class=\"wp-block-latest-posts__post-title\" href=\"https:\/\/meidanmetsamme.org\/index.php\/2024\/10\/22\/eeva-stiina-lonnemo-1-1-1959-13-10-2024\/\">Eeva-Stiina L\u00f6nnemo 1.1.1959 &#8211; 13.10.2024<\/a><time datetime=\"2024-10-22T18:00:00+03:00\" class=\"wp-block-latest-posts__post-date\">22.10.2024<\/time><div class=\"wp-block-latest-posts__post-excerpt\">Meid\u00e4n mets\u00e4mme -kansalaisliikkeen perustaja Eeva-Stiina L\u00f6nnemo menehtyi vakavaan sairauteen 65-vuotiaana, L\u00f6nnemon kotitilalla 13.10.2024. Tahdomme kunnioittaa Eeva-Stiinan v\u00e4sym\u00e4t\u00f6nt\u00e4 ty\u00f6t\u00e4 ja perint\u00f6\u00e4&hellip; <a class=\"more-link\" href=\"https:\/\/meidanmetsamme.org\/index.php\/2024\/10\/22\/eeva-stiina-lonnemo-1-1-1959-13-10-2024\/\">Jatka lukemista <span class=\"screen-reader-text\">Eeva-Stiina L\u00f6nnemo 1.1.1959 &#8211; 13.10.2024<\/span><\/a><\/div><\/li>\n<li><a class=\"wp-block-latest-posts__post-title\" href=\"https:\/\/meidanmetsamme.org\/index.php\/2024\/10\/22\/meidan-metsamme-kansalaisten-kannanotto-luovutettu-ymparistoministeri-kai-mykkaselle\/\">Meid\u00e4n mets\u00e4mme -kansalaisliikkeen kannanotto luovutettu ymp\u00e4rist\u00f6ministeri Kai Mykk\u00e4selle<\/a><time datetime=\"2024-10-22T17:00:52+03:00\" class=\"wp-block-latest-posts__post-date\">22.10.2024<\/time><div class=\"wp-block-latest-posts__post-excerpt\">Meid\u00e4n mets\u00e4mme-kansalaisliikkeest\u00e4 Toni Ruuska ja Sini Holopainen luovuttivat p\u00e4ivitetyn kannanoton ymp\u00e4rist\u00f6- ja ilmastoministerille Kai Mykk\u00e4selle tapaamisessa ymp\u00e4rist\u00f6ministeri\u00f6ss\u00e4 torstaina 17.10.2024. Kannanotossa&hellip; <a class=\"more-link\" href=\"https:\/\/meidanmetsamme.org\/index.php\/2024\/10\/22\/meidan-metsamme-kansalaisten-kannanotto-luovutettu-ymparistoministeri-kai-mykkaselle\/\">Jatka lukemista <span class=\"screen-reader-text\">Meid\u00e4n mets\u00e4mme -kansalaisliikkeen kannanotto luovutettu ymp\u00e4rist\u00f6ministeri Kai Mykk\u00e4selle<\/span><\/a><\/div><\/li>\n<li><a class=\"wp-block-latest-posts__post-title\" href=\"https:\/\/meidanmetsamme.org\/index.php\/2024\/09\/04\/kohtuullisuutta-metsapolitiikkaan-tapaaminen-maa-ja-metsatalousministeri-sari-essayahin-kanssa\/\">Kohtuullisuutta mets\u00e4politiikkaan \u2013 tapaaminen maa- ja mets\u00e4talousministeri Sari Essayahin kanssa<\/a><time datetime=\"2024-09-04T14:24:53+03:00\" class=\"wp-block-latest-posts__post-date\">4.9.2024<\/time><div class=\"wp-block-latest-posts__post-excerpt\">Meid\u00e4n mets\u00e4mme-kansalaisliikkeest\u00e4 Eeva Houtbeckers ja Sini Holopainen luovuttivat p\u00e4ivitetyn kannanoton maa- ja mets\u00e4talousministeri Sari Essayahille tapaamisessa 13.8.2024. Kannanotossa nostetaan esille&hellip; <a class=\"more-link\" href=\"https:\/\/meidanmetsamme.org\/index.php\/2024\/09\/04\/kohtuullisuutta-metsapolitiikkaan-tapaaminen-maa-ja-metsatalousministeri-sari-essayahin-kanssa\/\">Jatka lukemista <span class=\"screen-reader-text\">Kohtuullisuutta mets\u00e4politiikkaan \u2013 tapaaminen maa- ja mets\u00e4talousministeri Sari Essayahin kanssa<\/span><\/a><\/div><\/li>\n<li><a class=\"wp-block-latest-posts__post-title\" href=\"https:\/\/meidanmetsamme.org\/index.php\/2024\/08\/12\/meidan-metsamme-tyoryhman-lausunto-vanhojen-metsien-kriteereista-7-8-2024\/\">Meid\u00e4n mets\u00e4mme -ty\u00f6ryhm\u00e4n lausunto vanhojen metsien kriteereist\u00e4 7.8.2024<\/a><time datetime=\"2024-08-12T16:53:34+03:00\" class=\"wp-block-latest-posts__post-date\">12.8.2024<\/time><div class=\"wp-block-latest-posts__post-excerpt\">Emme voi hyv\u00e4ksy\u00e4 nyt lausunnolla olevaa vanhojen metsien kriteeriluonnosta. Suomen Luontopaneelin, Luonnonmets\u00e4ty\u00f6ryhm\u00e4n, Suomen Ymp\u00e4rist\u00f6keskuksen, Jyv\u00e4skyl\u00e4n yliopiston ja Helsingin yliopiston asiantuntevien,&hellip; <a class=\"more-link\" href=\"https:\/\/meidanmetsamme.org\/index.php\/2024\/08\/12\/meidan-metsamme-tyoryhman-lausunto-vanhojen-metsien-kriteereista-7-8-2024\/\">Jatka lukemista <span class=\"screen-reader-text\">Meid\u00e4n mets\u00e4mme -ty\u00f6ryhm\u00e4n lausunto vanhojen metsien kriteereist\u00e4 7.8.2024<\/span><\/a><\/div><\/li>\n<li><a class=\"wp-block-latest-posts__post-title\" href=\"https:\/\/meidanmetsamme.org\/index.php\/2024\/08\/01\/metsan-aani-dokumenttisarjan-jaksot-jalleen-katsottavissa\/\">Mets\u00e4n \u00e4\u00e4ni -dokumenttisarjan jaksot j\u00e4lleen katsottavissa<\/a><time datetime=\"2024-08-01T11:33:22+03:00\" class=\"wp-block-latest-posts__post-date\">1.8.2024<\/time><div class=\"wp-block-latest-posts__post-excerpt\">Mets\u00e4n \u00e4\u00e4ni -dokumenttisarjan jaksot ovat katsottavissa Areenassa. Jaksot 2 ja 3 n\u00e4kyv\u00e4t my\u00f6s telkkarissa Yle TV1:ss\u00e4 maanantaina 5.8. klo 15:25&hellip; <a class=\"more-link\" href=\"https:\/\/meidanmetsamme.org\/index.php\/2024\/08\/01\/metsan-aani-dokumenttisarjan-jaksot-jalleen-katsottavissa\/\">Jatka lukemista <span class=\"screen-reader-text\">Mets\u00e4n \u00e4\u00e4ni -dokumenttisarjan jaksot j\u00e4lleen katsottavissa<\/span><\/a><\/div><\/li>\n<li><a class=\"wp-block-latest-posts__post-title\" href=\"https:\/\/meidanmetsamme.org\/index.php\/2024\/07\/29\/tervetuloa-metsamarssille-helsinkiin-lauantaina-17-elokuuta-klo-14\/\">Tervetuloa Mets\u00e4marssille Helsinkiin lauantaina 17. elokuuta klo 14!<\/a><time datetime=\"2024-07-29T15:01:47+03:00\" class=\"wp-block-latest-posts__post-date\">29.7.2024<\/time><div class=\"wp-block-latest-posts__post-excerpt\">Kokoonnumme Eduskuntatalolle, josta marssimme Senaatintorille. METS\u00c4MARSSI nostaa esille hallituksen satumets\u00e4kriteerit ja vaatii niiden sijaan tieteeseen perustuvia kriteerej\u00e4 ja suojelun lis\u00e4\u00e4mist\u00e4.&hellip; <a class=\"more-link\" href=\"https:\/\/meidanmetsamme.org\/index.php\/2024\/07\/29\/tervetuloa-metsamarssille-helsinkiin-lauantaina-17-elokuuta-klo-14\/\">Jatka lukemista <span class=\"screen-reader-text\">Tervetuloa Mets\u00e4marssille Helsinkiin lauantaina 17. elokuuta klo 14!<\/span><\/a><\/div><\/li>\n<li><a class=\"wp-block-latest-posts__post-title\" href=\"https:\/\/meidanmetsamme.org\/index.php\/2024\/04\/21\/meidan-metsamme-ja-hyvinvointimme-uhattuna\/\">Meid\u00e4n mets\u00e4mme ja hyvinvointimme uhattuna!<\/a><time datetime=\"2024-04-21T22:06:28+03:00\" class=\"wp-block-latest-posts__post-date\">21.4.2024<\/time><div class=\"wp-block-latest-posts__post-excerpt\">Uusimme kannanottomme metsien puolesta. Hyvinvoivat mets\u00e4ekosysteemit kuuluvat planetaarisen terveyden edellytyksiin. Tarvitaan lain velvoittavuutta, koska vapaaehtoisuus ei ole t\u00e4h\u00e4n asti toiminut.&hellip; <a class=\"more-link\" href=\"https:\/\/meidanmetsamme.org\/index.php\/2024\/04\/21\/meidan-metsamme-ja-hyvinvointimme-uhattuna\/\">Jatka lukemista <span class=\"screen-reader-text\">Meid\u00e4n mets\u00e4mme ja hyvinvointimme uhattuna!<\/span><\/a><\/div><\/li>\n<li><a class=\"wp-block-latest-posts__post-title\" href=\"https:\/\/meidanmetsamme.org\/index.php\/2024\/02\/07\/metsien-ennallistamisseminaari-5-3-2024-turussa\/\">Ennallistamiskeskustelu jatkuu Turussa<\/a><time datetime=\"2024-02-07T15:53:37+02:00\" class=\"wp-block-latest-posts__post-date\">7.2.2024<\/time><div class=\"wp-block-latest-posts__post-excerpt\">Metsien ennallistamisseminaari j\u00e4rjestet\u00e4\u00e4n Turussa tiistaina 5.3.2024 klo 18.00 &#8211; 20.00. Paikkana on Linnasm\u00e4en opisto, Lustokatu 7, 20380 Turku. Ilmoittaudu 29.2.&hellip; <a class=\"more-link\" href=\"https:\/\/meidanmetsamme.org\/index.php\/2024\/02\/07\/metsien-ennallistamisseminaari-5-3-2024-turussa\/\">Jatka lukemista <span class=\"screen-reader-text\">Ennallistamiskeskustelu jatkuu Turussa<\/span><\/a><\/div><\/li>\n<li><a class=\"wp-block-latest-posts__post-title\" href=\"https:\/\/meidanmetsamme.org\/index.php\/2024\/01\/30\/monitavoitteellista-ekologista-metsanhoitoa\/\">Monitavoitteellista ekologista mets\u00e4nhoitoa<\/a><time datetime=\"2024-01-30T20:44:00+02:00\" class=\"wp-block-latest-posts__post-date\">30.1.2024<\/time><div class=\"wp-block-latest-posts__post-excerpt\">Pohdimme t\u00e4t\u00e4 teemaa Mets\u00e4n puolella -yhteis\u00f6n tiloissa Helsingiss\u00e4 15.1.2024. Miten moninainen onkaan se 600 000 yksityisten mets\u00e4nomistajien joukko, josta yhten\u00e4isen\u00e4&hellip; <a class=\"more-link\" href=\"https:\/\/meidanmetsamme.org\/index.php\/2024\/01\/30\/monitavoitteellista-ekologista-metsanhoitoa\/\">Jatka lukemista <span class=\"screen-reader-text\">Monitavoitteellista ekologista mets\u00e4nhoitoa<\/span><\/a><\/div><\/li>\n<li><a class=\"wp-block-latest-posts__post-title\" href=\"https:\/\/meidanmetsamme.org\/index.php\/2024\/01\/16\/keskustelu-ennallistamisesta-jatkuu\/\">Keskustelu ennallistamisesta jatkuu<\/a><time datetime=\"2024-01-16T21:05:50+02:00\" class=\"wp-block-latest-posts__post-date\">16.1.2024<\/time><div class=\"wp-block-latest-posts__post-excerpt\">Meid\u00e4n mets\u00e4mme on mukana j\u00e4rjest\u00e4m\u00e4ss\u00e4 eri puolilla Suomea tilaisuuksia osana Talousmetsien ennallistamiskiertuetta. Yksi t\u00e4llainen tilaisuus oli marraskuussa \u00c4\u00e4nekoskella. Tilaisuuden teemana&hellip; <a class=\"more-link\" href=\"https:\/\/meidanmetsamme.org\/index.php\/2024\/01\/16\/keskustelu-ennallistamisesta-jatkuu\/\">Jatka lukemista <span class=\"screen-reader-text\">Keskustelu ennallistamisesta jatkuu<\/span><\/a><\/div><\/li>\n<li><a class=\"wp-block-latest-posts__post-title\" href=\"https:\/\/meidanmetsamme.org\/index.php\/2023\/11\/01\/luontoystavallista-metsanhoitoa-kannattaako\/\">Luontoyst\u00e4v\u00e4llist\u00e4 mets\u00e4nhoitoa &#8211; kannattaako?<\/a><time datetime=\"2023-11-01T10:40:33+02:00\" class=\"wp-block-latest-posts__post-date\">1.11.2023<\/time><div class=\"wp-block-latest-posts__post-excerpt\">Viime kev\u00e4\u00e4n\u00e4 alkanut talousmetsien ennallistamisiltojen sarja jatkuu Joensuussa ja \u00c4\u00e4nekoskella! Tilaisuuksien tarkoituksena on tasavertainen tiedon ja kokemuksien jakaminen sek\u00e4 keskusteluyhteyden&hellip; <a class=\"more-link\" href=\"https:\/\/meidanmetsamme.org\/index.php\/2023\/11\/01\/luontoystavallista-metsanhoitoa-kannattaako\/\">Jatka lukemista <span class=\"screen-reader-text\">Luontoyst\u00e4v\u00e4llist\u00e4 mets\u00e4nhoitoa &#8211; kannattaako?<\/span><\/a><\/div><\/li>\n<li><a class=\"wp-block-latest-posts__post-title\" href=\"https:\/\/meidanmetsamme.org\/index.php\/2023\/09\/20\/hallituspuolueille\/\">Hallituspuolueille!<\/a><time datetime=\"2023-09-20T12:47:49+03:00\" class=\"wp-block-latest-posts__post-date\">20.9.2023<\/time><div class=\"wp-block-latest-posts__post-excerpt\">T\u00e4ll\u00e4 viikolla hallitus p\u00e4\u00e4tt\u00e4\u00e4 valtionbudjetista, jolla tulee olemaan suuri merkitys Suomen luonnolle ja meille ihmisille, jotka olemme osa sit\u00e4. Alla&hellip; <a class=\"more-link\" href=\"https:\/\/meidanmetsamme.org\/index.php\/2023\/09\/20\/hallituspuolueille\/\">Jatka lukemista <span class=\"screen-reader-text\">Hallituspuolueille!<\/span><\/a><\/div><\/li>\n<li><a class=\"wp-block-latest-posts__post-title\" href=\"https:\/\/meidanmetsamme.org\/index.php\/2023\/08\/30\/miten-saamme-luonnon-elpymaan-nopeammin\/\">Miten saamme luonnon elpym\u00e4\u00e4n nopeammin?<\/a><time datetime=\"2023-08-30T17:11:16+03:00\" class=\"wp-block-latest-posts__post-date\">30.8.2023<\/time><div class=\"wp-block-latest-posts__post-excerpt\">Meid\u00e4n mets\u00e4mme-kansalaisliikkeen ty\u00f6ryhm\u00e4 oli kutsunut koolle monen kirjavan joukon luonnon elpymisen puolesta toimivia ihmisi\u00e4 Pertteliss\u00e4 18.8.2023. K\u00e4vimme Salon seudulla mets\u00e4kohteella&hellip; <a class=\"more-link\" href=\"https:\/\/meidanmetsamme.org\/index.php\/2023\/08\/30\/miten-saamme-luonnon-elpymaan-nopeammin\/\">Jatka lukemista <span class=\"screen-reader-text\">Miten saamme luonnon elpym\u00e4\u00e4n nopeammin?<\/span><\/a><\/div><\/li>\n<li><a class=\"wp-block-latest-posts__post-title\" href=\"https:\/\/meidanmetsamme.org\/index.php\/2023\/06\/18\/meidan-metsamme-osuuskunta-lumimuutoksen-vieraina-pohjois-karjalassa\/\">Meid\u00e4n mets\u00e4mme osuuskunta Lumimuutoksen vieraina Pohjois-Karjalassa<\/a><time datetime=\"2023-06-18T18:32:46+03:00\" class=\"wp-block-latest-posts__post-date\">18.6.2023<\/time><div class=\"wp-block-latest-posts__post-excerpt\">Pohjois-Karjalan vaaramaisemissa toimii Osuuskunta Lumimuutos, jonka juuret ovat syv\u00e4ll\u00e4 karjalaisessa perinteess\u00e4. Kalastus on ikiaikainen elinkeino ja el\u00e4m\u00e4ntapa, jota nuoret osuuskunnan&hellip; <a class=\"more-link\" href=\"https:\/\/meidanmetsamme.org\/index.php\/2023\/06\/18\/meidan-metsamme-osuuskunta-lumimuutoksen-vieraina-pohjois-karjalassa\/\">Jatka lukemista <span class=\"screen-reader-text\">Meid\u00e4n mets\u00e4mme osuuskunta Lumimuutoksen vieraina Pohjois-Karjalassa<\/span><\/a><\/div><\/li>\n<\/ul>\n\n\n<h2 class=\"wp-block-heading\"><a href=\"https:\/\/meidanmetsamme.org\/index.php\/kaikki-ajankohtaissisallot\/\">Lue kaikki ajankohtaissis\u00e4ll\u00f6t<\/a><\/h2>\n<\/div>\n<\/div>\n\n\n\n<p><\/p>\n","protected":false},"excerpt":{"rendered":"<p>Lue kaikki ajankohtaissis\u00e4ll\u00f6t<\/p>\n","protected":false},"author":3,"featured_media":0,"parent":0,"menu_order":0,"comment_status":"closed","ping_status":"closed","template":"","meta":{"footnotes":""},"class_list":["post-1055","page","type-page","status-publish","hentry","entry"],"yoast_head":"<!-- This site is optimized with the Yoast SEO plugin v27.3 - https:\/\/yoast.com\/product\/yoast-seo-wordpress\/ -->\n<title>Ajankohtaista - MEID\u00c4N METS\u00c4MME \u2011kansalaisliike<\/title>\n<meta name=\"robots\" content=\"index, follow, max-snippet:-1, max-image-preview:large, max-video-preview:-1\" \/>\n<link rel=\"canonical\" href=\"https:\/\/meidanmetsamme.org\/index.php\/ajankohtaista\/\" \/>\n<meta property=\"og:locale\" content=\"fi_FI\" \/>\n<meta property=\"og:type\" content=\"article\" \/>\n<meta property=\"og:title\" content=\"Ajankohtaista - MEID\u00c4N METS\u00c4MME \u2011kansalaisliike\" \/>\n<meta property=\"og:description\" content=\"Lue kaikki ajankohtaissis\u00e4ll\u00f6t\" \/>\n<meta property=\"og:url\" content=\"https:\/\/meidanmetsamme.org\/index.php\/ajankohtaista\/\" \/>\n<meta property=\"og:site_name\" content=\"MEID\u00c4N METS\u00c4MME \u2011kansalaisliike\" \/>\n<meta property=\"article:modified_time\" content=\"2024-09-05T04:48:10+00:00\" \/>\n<meta name=\"twitter:card\" content=\"summary_large_image\" \/>\n<script type=\"application\/ld+json\" class=\"yoast-schema-graph\">{\"@context\":\"https:\\\/\\\/schema.org\",\"@graph\":[{\"@type\":\"WebPage\",\"@id\":\"https:\\\/\\\/meidanmetsamme.org\\\/index.php\\\/ajankohtaista\\\/\",\"url\":\"https:\\\/\\\/meidanmetsamme.org\\\/index.php\\\/ajankohtaista\\\/\",\"name\":\"Ajankohtaista - MEID\u00c4N METS\u00c4MME \u2011kansalaisliike\",\"isPartOf\":{\"@id\":\"https:\\\/\\\/meidanmetsamme.org\\\/#website\"},\"datePublished\":\"2021-02-14T13:40:13+00:00\",\"dateModified\":\"2024-09-05T04:48:10+00:00\",\"breadcrumb\":{\"@id\":\"https:\\\/\\\/meidanmetsamme.org\\\/index.php\\\/ajankohtaista\\\/#breadcrumb\"},\"inLanguage\":\"fi\",\"potentialAction\":[{\"@type\":\"ReadAction\",\"target\":[\"https:\\\/\\\/meidanmetsamme.org\\\/index.php\\\/ajankohtaista\\\/\"]}]},{\"@type\":\"BreadcrumbList\",\"@id\":\"https:\\\/\\\/meidanmetsamme.org\\\/index.php\\\/ajankohtaista\\\/#breadcrumb\",\"itemListElement\":[{\"@type\":\"ListItem\",\"position\":1,\"name\":\"Home\",\"item\":\"https:\\\/\\\/meidanmetsamme.org\\\/\"},{\"@type\":\"ListItem\",\"position\":2,\"name\":\"Ajankohtaista\"}]},{\"@type\":\"WebSite\",\"@id\":\"https:\\\/\\\/meidanmetsamme.org\\\/#website\",\"url\":\"https:\\\/\\\/meidanmetsamme.org\\\/\",\"name\":\"MEID\u00c4N METS\u00c4MME \u2011kansalaisliike\",\"description\":\"Pidet\u00e4\u00e4n metsist\u00e4mme parempaa huolta\",\"publisher\":{\"@id\":\"https:\\\/\\\/meidanmetsamme.org\\\/#organization\"},\"potentialAction\":[{\"@type\":\"SearchAction\",\"target\":{\"@type\":\"EntryPoint\",\"urlTemplate\":\"https:\\\/\\\/meidanmetsamme.org\\\/?s={search_term_string}\"},\"query-input\":{\"@type\":\"PropertyValueSpecification\",\"valueRequired\":true,\"valueName\":\"search_term_string\"}}],\"inLanguage\":\"fi\"},{\"@type\":\"Organization\",\"@id\":\"https:\\\/\\\/meidanmetsamme.org\\\/#organization\",\"name\":\"MEID\u00c4N METS\u00c4MME \u2011kansalaisliike\",\"url\":\"https:\\\/\\\/meidanmetsamme.org\\\/\",\"logo\":{\"@type\":\"ImageObject\",\"inLanguage\":\"fi\",\"@id\":\"https:\\\/\\\/meidanmetsamme.org\\\/#\\\/schema\\\/logo\\\/image\\\/\",\"url\":\"https:\\\/\\\/meidanmetsamme.org\\\/wp-content\\\/uploads\\\/2019\\\/10\\\/cropped-meidanmetsamme-logo-ellipse-200px.png\",\"contentUrl\":\"https:\\\/\\\/meidanmetsamme.org\\\/wp-content\\\/uploads\\\/2019\\\/10\\\/cropped-meidanmetsamme-logo-ellipse-200px.png\",\"width\":200,\"height\":123,\"caption\":\"MEID\u00c4N METS\u00c4MME \u2011kansalaisliike\"},\"image\":{\"@id\":\"https:\\\/\\\/meidanmetsamme.org\\\/#\\\/schema\\\/logo\\\/image\\\/\"}}]}<\/script>\n<!-- \/ Yoast SEO plugin. -->","yoast_head_json":{"title":"Ajankohtaista - MEID\u00c4N METS\u00c4MME \u2011kansalaisliike","robots":{"index":"index","follow":"follow","max-snippet":"max-snippet:-1","max-image-preview":"max-image-preview:large","max-video-preview":"max-video-preview:-1"},"canonical":"https:\/\/meidanmetsamme.org\/index.php\/ajankohtaista\/","og_locale":"fi_FI","og_type":"article","og_title":"Ajankohtaista - MEID\u00c4N METS\u00c4MME \u2011kansalaisliike","og_description":"Lue kaikki ajankohtaissis\u00e4ll\u00f6t","og_url":"https:\/\/meidanmetsamme.org\/index.php\/ajankohtaista\/","og_site_name":"MEID\u00c4N METS\u00c4MME \u2011kansalaisliike","article_modified_time":"2024-09-05T04:48:10+00:00","twitter_card":"summary_large_image","schema":{"@context":"https:\/\/schema.org","@graph":[{"@type":"WebPage","@id":"https:\/\/meidanmetsamme.org\/index.php\/ajankohtaista\/","url":"https:\/\/meidanmetsamme.org\/index.php\/ajankohtaista\/","name":"Ajankohtaista - MEID\u00c4N METS\u00c4MME \u2011kansalaisliike","isPartOf":{"@id":"https:\/\/meidanmetsamme.org\/#website"},"datePublished":"2021-02-14T13:40:13+00:00","dateModified":"2024-09-05T04:48:10+00:00","breadcrumb":{"@id":"https:\/\/meidanmetsamme.org\/index.php\/ajankohtaista\/#breadcrumb"},"inLanguage":"fi","potentialAction":[{"@type":"ReadAction","target":["https:\/\/meidanmetsamme.org\/index.php\/ajankohtaista\/"]}]},{"@type":"BreadcrumbList","@id":"https:\/\/meidanmetsamme.org\/index.php\/ajankohtaista\/#breadcrumb","itemListElement":[{"@type":"ListItem","position":1,"name":"Home","item":"https:\/\/meidanmetsamme.org\/"},{"@type":"ListItem","position":2,"name":"Ajankohtaista"}]},{"@type":"WebSite","@id":"https:\/\/meidanmetsamme.org\/#website","url":"https:\/\/meidanmetsamme.org\/","name":"MEID\u00c4N METS\u00c4MME \u2011kansalaisliike","description":"Pidet\u00e4\u00e4n metsist\u00e4mme parempaa huolta","publisher":{"@id":"https:\/\/meidanmetsamme.org\/#organization"},"potentialAction":[{"@type":"SearchAction","target":{"@type":"EntryPoint","urlTemplate":"https:\/\/meidanmetsamme.org\/?s={search_term_string}"},"query-input":{"@type":"PropertyValueSpecification","valueRequired":true,"valueName":"search_term_string"}}],"inLanguage":"fi"},{"@type":"Organization","@id":"https:\/\/meidanmetsamme.org\/#organization","name":"MEID\u00c4N METS\u00c4MME \u2011kansalaisliike","url":"https:\/\/meidanmetsamme.org\/","logo":{"@type":"ImageObject","inLanguage":"fi","@id":"https:\/\/meidanmetsamme.org\/#\/schema\/logo\/image\/","url":"https:\/\/meidanmetsamme.org\/wp-content\/uploads\/2019\/10\/cropped-meidanmetsamme-logo-ellipse-200px.png","contentUrl":"https:\/\/meidanmetsamme.org\/wp-content\/uploads\/2019\/10\/cropped-meidanmetsamme-logo-ellipse-200px.png","width":200,"height":123,"caption":"MEID\u00c4N METS\u00c4MME \u2011kansalaisliike"},"image":{"@id":"https:\/\/meidanmetsamme.org\/#\/schema\/logo\/image\/"}}]}},"_links":{"self":[{"href":"https:\/\/meidanmetsamme.org\/index.php\/wp-json\/wp\/v2\/pages\/1055","targetHints":{"allow":["GET"]}}],"collection":[{"href":"https:\/\/meidanmetsamme.org\/index.php\/wp-json\/wp\/v2\/pages"}],"about":[{"href":"https:\/\/meidanmetsamme.org\/index.php\/wp-json\/wp\/v2\/types\/page"}],"author":[{"embeddable":true,"href":"https:\/\/meidanmetsamme.org\/index.php\/wp-json\/wp\/v2\/users\/3"}],"replies":[{"embeddable":true,"href":"https:\/\/meidanmetsamme.org\/index.php\/wp-json\/wp\/v2\/comments?post=1055"}],"version-history":[{"count":12,"href":"https:\/\/meidanmetsamme.org\/index.php\/wp-json\/wp\/v2\/pages\/1055\/revisions"}],"predecessor-version":[{"id":2635,"href":"https:\/\/meidanmetsamme.org\/index.php\/wp-json\/wp\/v2\/pages\/1055\/revisions\/2635"}],"wp:attachment":[{"href":"https:\/\/meidanmetsamme.org\/index.php\/wp-json\/wp\/v2\/media?parent=1055"}],"curies":[{"name":"wp","href":"https:\/\/api.w.org\/{rel}","templated":true}]}}