{"id":1061,"date":"2021-02-14T15:50:31","date_gmt":"2021-02-14T13:50:31","guid":{"rendered":"https:\/\/uusimeidanmetsamme.jlehtinen.net\/?page_id=1061"},"modified":"2021-02-14T15:51:02","modified_gmt":"2021-02-14T13:51:02","slug":"hae","status":"publish","type":"page","link":"https:\/\/meidanmetsamme.org\/index.php\/hae\/","title":{"rendered":"Hae"},"content":{"rendered":"<form role=\"search\" method=\"get\" action=\"https:\/\/meidanmetsamme.org\/\" class=\"wp-block-search__button-outside wp-block-search__text-button wp-block-search\"    ><label class=\"wp-block-search__label\" for=\"wp-block-search__input-1\" >Etsi<\/label><div class=\"wp-block-search__inside-wrapper\" ><input class=\"wp-block-search__input\" id=\"wp-block-search__input-1\" placeholder=\"Mit\u00e4 haluat hakea?\" value=\"\" type=\"search\" name=\"s\" required \/><button aria-label=\"Etsi\" class=\"wp-block-search__button wp-element-button\" type=\"submit\" >Etsi<\/button><\/div><\/form>\n\n\n<p><\/p>\n","protected":false},"excerpt":{"rendered":"","protected":false},"author":3,"featured_media":0,"parent":0,"menu_order":0,"comment_status":"closed","ping_status":"closed","template":"","meta":{"footnotes":""},"class_list":["post-1061","page","type-page","status-publish","hentry","entry"],"yoast_head":"<!-- This site is optimized with the Yoast SEO plugin v27.4 - https:\/\/yoast.com\/product\/yoast-seo-wordpress\/ -->\n<title>Hae - MEID\u00c4N METS\u00c4MME \u2011kansalaisliike<\/title>\n<meta name=\"robots\" content=\"index, follow, max-snippet:-1, max-image-preview:large, max-video-preview:-1\" \/>\n<link rel=\"canonical\" href=\"https:\/\/meidanmetsamme.org\/index.php\/hae\/\" \/>\n<meta property=\"og:locale\" content=\"fi_FI\" \/>\n<meta property=\"og:type\" content=\"article\" \/>\n<meta property=\"og:title\" content=\"Hae - MEID\u00c4N METS\u00c4MME \u2011kansalaisliike\" \/>\n<meta property=\"og:url\" content=\"https:\/\/meidanmetsamme.org\/index.php\/hae\/\" \/>\n<meta property=\"og:site_name\" content=\"MEID\u00c4N METS\u00c4MME \u2011kansalaisliike\" \/>\n<meta property=\"article:modified_time\" content=\"2021-02-14T13:51:02+00:00\" \/>\n<meta name=\"twitter:card\" content=\"summary_large_image\" \/>\n<script type=\"application\/ld+json\" class=\"yoast-schema-graph\">{\"@context\":\"https:\\\/\\\/schema.org\",\"@graph\":[{\"@type\":\"WebPage\",\"@id\":\"https:\\\/\\\/meidanmetsamme.org\\\/index.php\\\/hae\\\/\",\"url\":\"https:\\\/\\\/meidanmetsamme.org\\\/index.php\\\/hae\\\/\",\"name\":\"Hae - MEID\u00c4N METS\u00c4MME \u2011kansalaisliike\",\"isPartOf\":{\"@id\":\"https:\\\/\\\/meidanmetsamme.org\\\/#website\"},\"datePublished\":\"2021-02-14T13:50:31+00:00\",\"dateModified\":\"2021-02-14T13:51:02+00:00\",\"breadcrumb\":{\"@id\":\"https:\\\/\\\/meidanmetsamme.org\\\/index.php\\\/hae\\\/#breadcrumb\"},\"inLanguage\":\"fi\",\"potentialAction\":[{\"@type\":\"ReadAction\",\"target\":[\"https:\\\/\\\/meidanmetsamme.org\\\/index.php\\\/hae\\\/\"]}]},{\"@type\":\"BreadcrumbList\",\"@id\":\"https:\\\/\\\/meidanmetsamme.org\\\/index.php\\\/hae\\\/#breadcrumb\",\"itemListElement\":[{\"@type\":\"ListItem\",\"position\":1,\"name\":\"Home\",\"item\":\"https:\\\/\\\/meidanmetsamme.org\\\/\"},{\"@type\":\"ListItem\",\"position\":2,\"name\":\"Hae\"}]},{\"@type\":\"WebSite\",\"@id\":\"https:\\\/\\\/meidanmetsamme.org\\\/#website\",\"url\":\"https:\\\/\\\/meidanmetsamme.org\\\/\",\"name\":\"MEID\u00c4N METS\u00c4MME \u2011kansalaisliike\",\"description\":\"Pidet\u00e4\u00e4n metsist\u00e4mme parempaa huolta\",\"publisher\":{\"@id\":\"https:\\\/\\\/meidanmetsamme.org\\\/#organization\"},\"potentialAction\":[{\"@type\":\"SearchAction\",\"target\":{\"@type\":\"EntryPoint\",\"urlTemplate\":\"https:\\\/\\\/meidanmetsamme.org\\\/?s={search_term_string}\"},\"query-input\":{\"@type\":\"PropertyValueSpecification\",\"valueRequired\":true,\"valueName\":\"search_term_string\"}}],\"inLanguage\":\"fi\"},{\"@type\":\"Organization\",\"@id\":\"https:\\\/\\\/meidanmetsamme.org\\\/#organization\",\"name\":\"MEID\u00c4N METS\u00c4MME \u2011kansalaisliike\",\"url\":\"https:\\\/\\\/meidanmetsamme.org\\\/\",\"logo\":{\"@type\":\"ImageObject\",\"inLanguage\":\"fi\",\"@id\":\"https:\\\/\\\/meidanmetsamme.org\\\/#\\\/schema\\\/logo\\\/image\\\/\",\"url\":\"https:\\\/\\\/meidanmetsamme.org\\\/wp-content\\\/uploads\\\/2019\\\/10\\\/cropped-meidanmetsamme-logo-ellipse-200px.png\",\"contentUrl\":\"https:\\\/\\\/meidanmetsamme.org\\\/wp-content\\\/uploads\\\/2019\\\/10\\\/cropped-meidanmetsamme-logo-ellipse-200px.png\",\"width\":200,\"height\":123,\"caption\":\"MEID\u00c4N METS\u00c4MME \u2011kansalaisliike\"},\"image\":{\"@id\":\"https:\\\/\\\/meidanmetsamme.org\\\/#\\\/schema\\\/logo\\\/image\\\/\"}}]}<\/script>\n<!-- \/ Yoast SEO plugin. -->","yoast_head_json":{"title":"Hae - MEID\u00c4N METS\u00c4MME \u2011kansalaisliike","robots":{"index":"index","follow":"follow","max-snippet":"max-snippet:-1","max-image-preview":"max-image-preview:large","max-video-preview":"max-video-preview:-1"},"canonical":"https:\/\/meidanmetsamme.org\/index.php\/hae\/","og_locale":"fi_FI","og_type":"article","og_title":"Hae - MEID\u00c4N METS\u00c4MME \u2011kansalaisliike","og_url":"https:\/\/meidanmetsamme.org\/index.php\/hae\/","og_site_name":"MEID\u00c4N METS\u00c4MME \u2011kansalaisliike","article_modified_time":"2021-02-14T13:51:02+00:00","twitter_card":"summary_large_image","schema":{"@context":"https:\/\/schema.org","@graph":[{"@type":"WebPage","@id":"https:\/\/meidanmetsamme.org\/index.php\/hae\/","url":"https:\/\/meidanmetsamme.org\/index.php\/hae\/","name":"Hae - MEID\u00c4N METS\u00c4MME \u2011kansalaisliike","isPartOf":{"@id":"https:\/\/meidanmetsamme.org\/#website"},"datePublished":"2021-02-14T13:50:31+00:00","dateModified":"2021-02-14T13:51:02+00:00","breadcrumb":{"@id":"https:\/\/meidanmetsamme.org\/index.php\/hae\/#breadcrumb"},"inLanguage":"fi","potentialAction":[{"@type":"ReadAction","target":["https:\/\/meidanmetsamme.org\/index.php\/hae\/"]}]},{"@type":"BreadcrumbList","@id":"https:\/\/meidanmetsamme.org\/index.php\/hae\/#breadcrumb","itemListElement":[{"@type":"ListItem","position":1,"name":"Home","item":"https:\/\/meidanmetsamme.org\/"},{"@type":"ListItem","position":2,"name":"Hae"}]},{"@type":"WebSite","@id":"https:\/\/meidanmetsamme.org\/#website","url":"https:\/\/meidanmetsamme.org\/","name":"MEID\u00c4N METS\u00c4MME \u2011kansalaisliike","description":"Pidet\u00e4\u00e4n metsist\u00e4mme parempaa huolta","publisher":{"@id":"https:\/\/meidanmetsamme.org\/#organization"},"potentialAction":[{"@type":"SearchAction","target":{"@type":"EntryPoint","urlTemplate":"https:\/\/meidanmetsamme.org\/?s={search_term_string}"},"query-input":{"@type":"PropertyValueSpecification","valueRequired":true,"valueName":"search_term_string"}}],"inLanguage":"fi"},{"@type":"Organization","@id":"https:\/\/meidanmetsamme.org\/#organization","name":"MEID\u00c4N METS\u00c4MME \u2011kansalaisliike","url":"https:\/\/meidanmetsamme.org\/","logo":{"@type":"ImageObject","inLanguage":"fi","@id":"https:\/\/meidanmetsamme.org\/#\/schema\/logo\/image\/","url":"https:\/\/meidanmetsamme.org\/wp-content\/uploads\/2019\/10\/cropped-meidanmetsamme-logo-ellipse-200px.png","contentUrl":"https:\/\/meidanmetsamme.org\/wp-content\/uploads\/2019\/10\/cropped-meidanmetsamme-logo-ellipse-200px.png","width":200,"height":123,"caption":"MEID\u00c4N METS\u00c4MME \u2011kansalaisliike"},"image":{"@id":"https:\/\/meidanmetsamme.org\/#\/schema\/logo\/image\/"}}]}},"_links":{"self":[{"href":"https:\/\/meidanmetsamme.org\/index.php\/wp-json\/wp\/v2\/pages\/1061","targetHints":{"allow":["GET"]}}],"collection":[{"href":"https:\/\/meidanmetsamme.org\/index.php\/wp-json\/wp\/v2\/pages"}],"about":[{"href":"https:\/\/meidanmetsamme.org\/index.php\/wp-json\/wp\/v2\/types\/page"}],"author":[{"embeddable":true,"href":"https:\/\/meidanmetsamme.org\/index.php\/wp-json\/wp\/v2\/users\/3"}],"replies":[{"embeddable":true,"href":"https:\/\/meidanmetsamme.org\/index.php\/wp-json\/wp\/v2\/comments?post=1061"}],"version-history":[{"count":3,"href":"https:\/\/meidanmetsamme.org\/index.php\/wp-json\/wp\/v2\/pages\/1061\/revisions"}],"predecessor-version":[{"id":1068,"href":"https:\/\/meidanmetsamme.org\/index.php\/wp-json\/wp\/v2\/pages\/1061\/revisions\/1068"}],"wp:attachment":[{"href":"https:\/\/meidanmetsamme.org\/index.php\/wp-json\/wp\/v2\/media?parent=1061"}],"curies":[{"name":"wp","href":"https:\/\/api.w.org\/{rel}","templated":true}]}}