{"id":1488,"date":"2021-03-02T15:25:53","date_gmt":"2021-03-02T13:25:53","guid":{"rendered":"https:\/\/uusimeidanmetsamme.jlehtinen.net\/?page_id=1488"},"modified":"2021-03-26T11:34:30","modified_gmt":"2021-03-26T09:34:30","slug":"miten-metsadialogit-alkoivat","status":"publish","type":"page","link":"https:\/\/meidanmetsamme.org\/index.php\/etusivu\/metsadialogit\/miten-metsadialogit-alkoivat\/","title":{"rendered":"Miten mets\u00e4dialogit alkoivat"},"content":{"rendered":"\n<figure class=\"wp-block-image size-large\"><img loading=\"lazy\" decoding=\"async\" width=\"1024\" height=\"682\" src=\"https:\/\/meidanmetsamme.org\/wp-content\/uploads\/2019\/10\/IMG_3243-1024x682.jpg\" alt=\"\" class=\"wp-image-649\" srcset=\"https:\/\/meidanmetsamme.org\/wp-content\/uploads\/2019\/10\/IMG_3243-1024x682.jpg 1024w, https:\/\/meidanmetsamme.org\/wp-content\/uploads\/2019\/10\/IMG_3243-300x200.jpg 300w, https:\/\/meidanmetsamme.org\/wp-content\/uploads\/2019\/10\/IMG_3243-768x512.jpg 768w, https:\/\/meidanmetsamme.org\/wp-content\/uploads\/2019\/10\/IMG_3243.jpg 1280w\" sizes=\"auto, (max-width: 1024px) 100vw, 1024px\" \/><figcaption>Kuva: ty\u00f6ryhm\u00e4n arkisto<\/figcaption><\/figure>\n\n\n\n<p>J\u00e4rjest\u00e4ess\u00e4mme Meid\u00e4n mets\u00e4mme -kannanottoa syksyll\u00e4 2018 otimme yhteytt\u00e4 kaikkiin mahdollisiin mets\u00e4isiin tahoihin kuten Mets\u00e4keskukseen. Moni mets\u00e4sektorin taho suhtautui varauksella meihin, mutta Mtk:n mets\u00e4johtaja Juha Hakkarainen reagoi yhteydenottoomme ja yhteys johti tapaamiseen h\u00e4nen kanssaan. <\/p>\n\n\n\n<p>Tuossa tapaamisessa Juhan aloitteesta syntyi ajatus siit\u00e4, ett\u00e4 olisi t\u00e4rke\u00e4\u00e4 j\u00e4rjest\u00e4\u00e4 tilaisuus, jossa mets\u00e4\u00e4 eri puolilta katsovat tahot olisivat tasapuolisesti edustettuina. Useimmiten on niin, ett\u00e4 joku osapuoli kokee olevansa v\u00e4hemmist\u00f6n\u00e4 ja altavastaajana eik\u00e4 todellista dialogia synny. <\/p>\n\n\n\n<p>T\u00e4st\u00e4 ajatuksesta otimme kopin ja ammattimaisen fasilitaattori Timo J\u00e4rvensivun kanssa ideoimme mets\u00e4dialogin. Ensimm\u00e4inen j\u00e4rjestettiin jo tammikuussa 2019 Salon Muurlassa. <\/p>\n","protected":false},"excerpt":{"rendered":"<p>J\u00e4rjest\u00e4ess\u00e4mme Meid\u00e4n mets\u00e4mme -kannanottoa syksyll\u00e4 2018 otimme yhteytt\u00e4 kaikkiin mahdollisiin mets\u00e4isiin tahoihin kuten Mets\u00e4keskukseen. Moni mets\u00e4sektorin taho suhtautui varauksella meihin, mutta Mtk:n mets\u00e4johtaja Juha Hakkarainen reagoi yhteydenottoomme ja yhteys johti tapaamiseen h\u00e4nen kanssaan. Tuossa tapaamisessa Juhan aloitteesta syntyi ajatus siit\u00e4, ett\u00e4 olisi t\u00e4rke\u00e4\u00e4 j\u00e4rjest\u00e4\u00e4 tilaisuus, jossa mets\u00e4\u00e4 eri puolilta katsovat tahot olisivat tasapuolisesti edustettuina. Useimmiten&hellip; <a class=\"more-link\" href=\"https:\/\/meidanmetsamme.org\/index.php\/etusivu\/metsadialogit\/miten-metsadialogit-alkoivat\/\">Jatka lukemista <span class=\"screen-reader-text\">Miten mets\u00e4dialogit alkoivat<\/span><\/a><\/p>\n","protected":false},"author":4,"featured_media":0,"parent":842,"menu_order":0,"comment_status":"closed","ping_status":"closed","template":"","meta":{"footnotes":""},"class_list":["post-1488","page","type-page","status-publish","hentry","entry"],"yoast_head":"<!-- This site is optimized with the Yoast SEO plugin v27.4 - https:\/\/yoast.com\/product\/yoast-seo-wordpress\/ -->\n<title>Miten mets\u00e4dialogit alkoivat - MEID\u00c4N METS\u00c4MME \u2011kansalaisliike<\/title>\n<meta name=\"robots\" content=\"index, follow, max-snippet:-1, max-image-preview:large, max-video-preview:-1\" \/>\n<link rel=\"canonical\" href=\"https:\/\/meidanmetsamme.org\/index.php\/etusivu\/metsadialogit\/miten-metsadialogit-alkoivat\/\" \/>\n<meta property=\"og:locale\" content=\"fi_FI\" \/>\n<meta property=\"og:type\" content=\"article\" \/>\n<meta property=\"og:title\" content=\"Miten mets\u00e4dialogit alkoivat - MEID\u00c4N METS\u00c4MME \u2011kansalaisliike\" \/>\n<meta property=\"og:description\" content=\"J\u00e4rjest\u00e4ess\u00e4mme Meid\u00e4n mets\u00e4mme -kannanottoa syksyll\u00e4 2018 otimme yhteytt\u00e4 kaikkiin mahdollisiin mets\u00e4isiin tahoihin kuten Mets\u00e4keskukseen. Moni mets\u00e4sektorin taho suhtautui varauksella meihin, mutta Mtk:n mets\u00e4johtaja Juha Hakkarainen reagoi yhteydenottoomme ja yhteys johti tapaamiseen h\u00e4nen kanssaan. Tuossa tapaamisessa Juhan aloitteesta syntyi ajatus siit\u00e4, ett\u00e4 olisi t\u00e4rke\u00e4\u00e4 j\u00e4rjest\u00e4\u00e4 tilaisuus, jossa mets\u00e4\u00e4 eri puolilta katsovat tahot olisivat tasapuolisesti edustettuina. Useimmiten&hellip; Jatka lukemista Miten mets\u00e4dialogit alkoivat\" \/>\n<meta property=\"og:url\" content=\"https:\/\/meidanmetsamme.org\/index.php\/etusivu\/metsadialogit\/miten-metsadialogit-alkoivat\/\" \/>\n<meta property=\"og:site_name\" content=\"MEID\u00c4N METS\u00c4MME \u2011kansalaisliike\" \/>\n<meta property=\"article:modified_time\" content=\"2021-03-26T09:34:30+00:00\" \/>\n<meta property=\"og:image\" content=\"https:\/\/meidanmetsamme.org\/wp-content\/uploads\/2019\/10\/IMG_3243.jpg\" \/>\n\t<meta property=\"og:image:width\" content=\"1280\" \/>\n\t<meta property=\"og:image:height\" content=\"853\" \/>\n\t<meta property=\"og:image:type\" content=\"image\/jpeg\" \/>\n<meta name=\"twitter:card\" content=\"summary_large_image\" \/>\n<meta name=\"twitter:label1\" content=\"Arvioitu lukuaika\" \/>\n\t<meta name=\"twitter:data1\" content=\"1 minuutti\" \/>\n<script type=\"application\/ld+json\" class=\"yoast-schema-graph\">{\"@context\":\"https:\\\/\\\/schema.org\",\"@graph\":[{\"@type\":\"WebPage\",\"@id\":\"https:\\\/\\\/meidanmetsamme.org\\\/index.php\\\/etusivu\\\/metsadialogit\\\/miten-metsadialogit-alkoivat\\\/\",\"url\":\"https:\\\/\\\/meidanmetsamme.org\\\/index.php\\\/etusivu\\\/metsadialogit\\\/miten-metsadialogit-alkoivat\\\/\",\"name\":\"Miten mets\u00e4dialogit alkoivat - MEID\u00c4N METS\u00c4MME \u2011kansalaisliike\",\"isPartOf\":{\"@id\":\"https:\\\/\\\/meidanmetsamme.org\\\/#website\"},\"primaryImageOfPage\":{\"@id\":\"https:\\\/\\\/meidanmetsamme.org\\\/index.php\\\/etusivu\\\/metsadialogit\\\/miten-metsadialogit-alkoivat\\\/#primaryimage\"},\"image\":{\"@id\":\"https:\\\/\\\/meidanmetsamme.org\\\/index.php\\\/etusivu\\\/metsadialogit\\\/miten-metsadialogit-alkoivat\\\/#primaryimage\"},\"thumbnailUrl\":\"https:\\\/\\\/meidanmetsamme.org\\\/wp-content\\\/uploads\\\/2019\\\/10\\\/IMG_3243-1024x682.jpg\",\"datePublished\":\"2021-03-02T13:25:53+00:00\",\"dateModified\":\"2021-03-26T09:34:30+00:00\",\"breadcrumb\":{\"@id\":\"https:\\\/\\\/meidanmetsamme.org\\\/index.php\\\/etusivu\\\/metsadialogit\\\/miten-metsadialogit-alkoivat\\\/#breadcrumb\"},\"inLanguage\":\"fi\",\"potentialAction\":[{\"@type\":\"ReadAction\",\"target\":[\"https:\\\/\\\/meidanmetsamme.org\\\/index.php\\\/etusivu\\\/metsadialogit\\\/miten-metsadialogit-alkoivat\\\/\"]}]},{\"@type\":\"ImageObject\",\"inLanguage\":\"fi\",\"@id\":\"https:\\\/\\\/meidanmetsamme.org\\\/index.php\\\/etusivu\\\/metsadialogit\\\/miten-metsadialogit-alkoivat\\\/#primaryimage\",\"url\":\"https:\\\/\\\/meidanmetsamme.org\\\/wp-content\\\/uploads\\\/2019\\\/10\\\/IMG_3243.jpg\",\"contentUrl\":\"https:\\\/\\\/meidanmetsamme.org\\\/wp-content\\\/uploads\\\/2019\\\/10\\\/IMG_3243.jpg\",\"width\":1280,\"height\":853,\"caption\":\"Kuva: ty\u00f6ryhm\u00e4n arkisto\"},{\"@type\":\"BreadcrumbList\",\"@id\":\"https:\\\/\\\/meidanmetsamme.org\\\/index.php\\\/etusivu\\\/metsadialogit\\\/miten-metsadialogit-alkoivat\\\/#breadcrumb\",\"itemListElement\":[{\"@type\":\"ListItem\",\"position\":1,\"name\":\"Home\",\"item\":\"https:\\\/\\\/meidanmetsamme.org\\\/\"},{\"@type\":\"ListItem\",\"position\":2,\"name\":\"Etusivu\",\"item\":\"https:\\\/\\\/meidanmetsamme.org\\\/\"},{\"@type\":\"ListItem\",\"position\":3,\"name\":\"Mets\u00e4dialogit\",\"item\":\"https:\\\/\\\/meidanmetsamme.org\\\/index.php\\\/etusivu\\\/metsadialogit\\\/\"},{\"@type\":\"ListItem\",\"position\":4,\"name\":\"Miten mets\u00e4dialogit alkoivat\"}]},{\"@type\":\"WebSite\",\"@id\":\"https:\\\/\\\/meidanmetsamme.org\\\/#website\",\"url\":\"https:\\\/\\\/meidanmetsamme.org\\\/\",\"name\":\"MEID\u00c4N METS\u00c4MME \u2011kansalaisliike\",\"description\":\"Pidet\u00e4\u00e4n metsist\u00e4mme parempaa huolta\",\"publisher\":{\"@id\":\"https:\\\/\\\/meidanmetsamme.org\\\/#organization\"},\"potentialAction\":[{\"@type\":\"SearchAction\",\"target\":{\"@type\":\"EntryPoint\",\"urlTemplate\":\"https:\\\/\\\/meidanmetsamme.org\\\/?s={search_term_string}\"},\"query-input\":{\"@type\":\"PropertyValueSpecification\",\"valueRequired\":true,\"valueName\":\"search_term_string\"}}],\"inLanguage\":\"fi\"},{\"@type\":\"Organization\",\"@id\":\"https:\\\/\\\/meidanmetsamme.org\\\/#organization\",\"name\":\"MEID\u00c4N METS\u00c4MME \u2011kansalaisliike\",\"url\":\"https:\\\/\\\/meidanmetsamme.org\\\/\",\"logo\":{\"@type\":\"ImageObject\",\"inLanguage\":\"fi\",\"@id\":\"https:\\\/\\\/meidanmetsamme.org\\\/#\\\/schema\\\/logo\\\/image\\\/\",\"url\":\"https:\\\/\\\/meidanmetsamme.org\\\/wp-content\\\/uploads\\\/2019\\\/10\\\/cropped-meidanmetsamme-logo-ellipse-200px.png\",\"contentUrl\":\"https:\\\/\\\/meidanmetsamme.org\\\/wp-content\\\/uploads\\\/2019\\\/10\\\/cropped-meidanmetsamme-logo-ellipse-200px.png\",\"width\":200,\"height\":123,\"caption\":\"MEID\u00c4N METS\u00c4MME \u2011kansalaisliike\"},\"image\":{\"@id\":\"https:\\\/\\\/meidanmetsamme.org\\\/#\\\/schema\\\/logo\\\/image\\\/\"}}]}<\/script>\n<!-- \/ Yoast SEO plugin. -->","yoast_head_json":{"title":"Miten mets\u00e4dialogit alkoivat - MEID\u00c4N METS\u00c4MME \u2011kansalaisliike","robots":{"index":"index","follow":"follow","max-snippet":"max-snippet:-1","max-image-preview":"max-image-preview:large","max-video-preview":"max-video-preview:-1"},"canonical":"https:\/\/meidanmetsamme.org\/index.php\/etusivu\/metsadialogit\/miten-metsadialogit-alkoivat\/","og_locale":"fi_FI","og_type":"article","og_title":"Miten mets\u00e4dialogit alkoivat - MEID\u00c4N METS\u00c4MME \u2011kansalaisliike","og_description":"J\u00e4rjest\u00e4ess\u00e4mme Meid\u00e4n mets\u00e4mme -kannanottoa syksyll\u00e4 2018 otimme yhteytt\u00e4 kaikkiin mahdollisiin mets\u00e4isiin tahoihin kuten Mets\u00e4keskukseen. Moni mets\u00e4sektorin taho suhtautui varauksella meihin, mutta Mtk:n mets\u00e4johtaja Juha Hakkarainen reagoi yhteydenottoomme ja yhteys johti tapaamiseen h\u00e4nen kanssaan. Tuossa tapaamisessa Juhan aloitteesta syntyi ajatus siit\u00e4, ett\u00e4 olisi t\u00e4rke\u00e4\u00e4 j\u00e4rjest\u00e4\u00e4 tilaisuus, jossa mets\u00e4\u00e4 eri puolilta katsovat tahot olisivat tasapuolisesti edustettuina. Useimmiten&hellip; Jatka lukemista Miten mets\u00e4dialogit alkoivat","og_url":"https:\/\/meidanmetsamme.org\/index.php\/etusivu\/metsadialogit\/miten-metsadialogit-alkoivat\/","og_site_name":"MEID\u00c4N METS\u00c4MME \u2011kansalaisliike","article_modified_time":"2021-03-26T09:34:30+00:00","og_image":[{"width":1280,"height":853,"url":"https:\/\/meidanmetsamme.org\/wp-content\/uploads\/2019\/10\/IMG_3243.jpg","type":"image\/jpeg"}],"twitter_card":"summary_large_image","twitter_misc":{"Arvioitu lukuaika":"1 minuutti"},"schema":{"@context":"https:\/\/schema.org","@graph":[{"@type":"WebPage","@id":"https:\/\/meidanmetsamme.org\/index.php\/etusivu\/metsadialogit\/miten-metsadialogit-alkoivat\/","url":"https:\/\/meidanmetsamme.org\/index.php\/etusivu\/metsadialogit\/miten-metsadialogit-alkoivat\/","name":"Miten mets\u00e4dialogit alkoivat - MEID\u00c4N METS\u00c4MME \u2011kansalaisliike","isPartOf":{"@id":"https:\/\/meidanmetsamme.org\/#website"},"primaryImageOfPage":{"@id":"https:\/\/meidanmetsamme.org\/index.php\/etusivu\/metsadialogit\/miten-metsadialogit-alkoivat\/#primaryimage"},"image":{"@id":"https:\/\/meidanmetsamme.org\/index.php\/etusivu\/metsadialogit\/miten-metsadialogit-alkoivat\/#primaryimage"},"thumbnailUrl":"https:\/\/meidanmetsamme.org\/wp-content\/uploads\/2019\/10\/IMG_3243-1024x682.jpg","datePublished":"2021-03-02T13:25:53+00:00","dateModified":"2021-03-26T09:34:30+00:00","breadcrumb":{"@id":"https:\/\/meidanmetsamme.org\/index.php\/etusivu\/metsadialogit\/miten-metsadialogit-alkoivat\/#breadcrumb"},"inLanguage":"fi","potentialAction":[{"@type":"ReadAction","target":["https:\/\/meidanmetsamme.org\/index.php\/etusivu\/metsadialogit\/miten-metsadialogit-alkoivat\/"]}]},{"@type":"ImageObject","inLanguage":"fi","@id":"https:\/\/meidanmetsamme.org\/index.php\/etusivu\/metsadialogit\/miten-metsadialogit-alkoivat\/#primaryimage","url":"https:\/\/meidanmetsamme.org\/wp-content\/uploads\/2019\/10\/IMG_3243.jpg","contentUrl":"https:\/\/meidanmetsamme.org\/wp-content\/uploads\/2019\/10\/IMG_3243.jpg","width":1280,"height":853,"caption":"Kuva: ty\u00f6ryhm\u00e4n arkisto"},{"@type":"BreadcrumbList","@id":"https:\/\/meidanmetsamme.org\/index.php\/etusivu\/metsadialogit\/miten-metsadialogit-alkoivat\/#breadcrumb","itemListElement":[{"@type":"ListItem","position":1,"name":"Home","item":"https:\/\/meidanmetsamme.org\/"},{"@type":"ListItem","position":2,"name":"Etusivu","item":"https:\/\/meidanmetsamme.org\/"},{"@type":"ListItem","position":3,"name":"Mets\u00e4dialogit","item":"https:\/\/meidanmetsamme.org\/index.php\/etusivu\/metsadialogit\/"},{"@type":"ListItem","position":4,"name":"Miten mets\u00e4dialogit alkoivat"}]},{"@type":"WebSite","@id":"https:\/\/meidanmetsamme.org\/#website","url":"https:\/\/meidanmetsamme.org\/","name":"MEID\u00c4N METS\u00c4MME \u2011kansalaisliike","description":"Pidet\u00e4\u00e4n metsist\u00e4mme parempaa huolta","publisher":{"@id":"https:\/\/meidanmetsamme.org\/#organization"},"potentialAction":[{"@type":"SearchAction","target":{"@type":"EntryPoint","urlTemplate":"https:\/\/meidanmetsamme.org\/?s={search_term_string}"},"query-input":{"@type":"PropertyValueSpecification","valueRequired":true,"valueName":"search_term_string"}}],"inLanguage":"fi"},{"@type":"Organization","@id":"https:\/\/meidanmetsamme.org\/#organization","name":"MEID\u00c4N METS\u00c4MME \u2011kansalaisliike","url":"https:\/\/meidanmetsamme.org\/","logo":{"@type":"ImageObject","inLanguage":"fi","@id":"https:\/\/meidanmetsamme.org\/#\/schema\/logo\/image\/","url":"https:\/\/meidanmetsamme.org\/wp-content\/uploads\/2019\/10\/cropped-meidanmetsamme-logo-ellipse-200px.png","contentUrl":"https:\/\/meidanmetsamme.org\/wp-content\/uploads\/2019\/10\/cropped-meidanmetsamme-logo-ellipse-200px.png","width":200,"height":123,"caption":"MEID\u00c4N METS\u00c4MME \u2011kansalaisliike"},"image":{"@id":"https:\/\/meidanmetsamme.org\/#\/schema\/logo\/image\/"}}]}},"_links":{"self":[{"href":"https:\/\/meidanmetsamme.org\/index.php\/wp-json\/wp\/v2\/pages\/1488","targetHints":{"allow":["GET"]}}],"collection":[{"href":"https:\/\/meidanmetsamme.org\/index.php\/wp-json\/wp\/v2\/pages"}],"about":[{"href":"https:\/\/meidanmetsamme.org\/index.php\/wp-json\/wp\/v2\/types\/page"}],"author":[{"embeddable":true,"href":"https:\/\/meidanmetsamme.org\/index.php\/wp-json\/wp\/v2\/users\/4"}],"replies":[{"embeddable":true,"href":"https:\/\/meidanmetsamme.org\/index.php\/wp-json\/wp\/v2\/comments?post=1488"}],"version-history":[{"count":5,"href":"https:\/\/meidanmetsamme.org\/index.php\/wp-json\/wp\/v2\/pages\/1488\/revisions"}],"predecessor-version":[{"id":1870,"href":"https:\/\/meidanmetsamme.org\/index.php\/wp-json\/wp\/v2\/pages\/1488\/revisions\/1870"}],"up":[{"embeddable":true,"href":"https:\/\/meidanmetsamme.org\/index.php\/wp-json\/wp\/v2\/pages\/842"}],"wp:attachment":[{"href":"https:\/\/meidanmetsamme.org\/index.php\/wp-json\/wp\/v2\/media?parent=1488"}],"curies":[{"name":"wp","href":"https:\/\/api.w.org\/{rel}","templated":true}]}}