{"id":1518,"date":"2021-03-02T19:28:03","date_gmt":"2021-03-02T17:28:03","guid":{"rendered":"https:\/\/uusimeidanmetsamme.jlehtinen.net\/?page_id=1518"},"modified":"2024-09-08T11:49:41","modified_gmt":"2024-09-08T08:49:41","slug":"kaikki-ajankohtaissisallot","status":"publish","type":"page","link":"https:\/\/meidanmetsamme.org\/index.php\/kaikki-ajankohtaissisallot\/","title":{"rendered":"Kaikki ajankohtaissis\u00e4ll\u00f6t"},"content":{"rendered":"\n<p>Oheista linkist\u00e4 l\u00f6yd\u00e4t Meid\u00e4n mets\u00e4mme -sivustolla julkaistujen artikkeleiden otsikot ja lyhyen kuvauksen aikaj\u00e4rjestyksess\u00e4.<\/p>\n\n\n\n<ul class=\"wp-block-list\"><li><a href=\"https:\/\/meidanmetsamme.org\/index.php\/ajankohtaista\/\">https:\/\/meidanmetsamme.org\/index.php\/ajankohtaista\/<\/a><\/li><\/ul>\n\n\n\n<p>T\u00e4st\u00e4 kuukausittaisesta listasta l\u00f6yd\u00e4t kaikki Meid\u00e4n mets\u00e4mme -sivustolla julkaistut sis\u00e4ll\u00f6t erillisin\u00e4 artikkeleina. Samat sis\u00e4ll\u00f6t l\u00f6ytyv\u00e4t my\u00f6s itse sivustolta. <\/p>\n\n\n<ul class=\"wp-block-archives-list wp-block-archives\">\t<li><a href='https:\/\/meidanmetsamme.org\/index.php\/2026\/02\/'>helmikuu 2026<\/a><\/li>\n\t<li><a href='https:\/\/meidanmetsamme.org\/index.php\/2025\/12\/'>joulukuu 2025<\/a><\/li>\n\t<li><a href='https:\/\/meidanmetsamme.org\/index.php\/2025\/11\/'>marraskuu 2025<\/a><\/li>\n\t<li><a href='https:\/\/meidanmetsamme.org\/index.php\/2025\/08\/'>elokuu 2025<\/a><\/li>\n\t<li><a href='https:\/\/meidanmetsamme.org\/index.php\/2025\/05\/'>toukokuu 2025<\/a><\/li>\n\t<li><a href='https:\/\/meidanmetsamme.org\/index.php\/2024\/10\/'>lokakuu 2024<\/a><\/li>\n\t<li><a href='https:\/\/meidanmetsamme.org\/index.php\/2024\/09\/'>syyskuu 2024<\/a><\/li>\n\t<li><a href='https:\/\/meidanmetsamme.org\/index.php\/2024\/08\/'>elokuu 2024<\/a><\/li>\n\t<li><a href='https:\/\/meidanmetsamme.org\/index.php\/2024\/07\/'>hein\u00e4kuu 2024<\/a><\/li>\n\t<li><a href='https:\/\/meidanmetsamme.org\/index.php\/2024\/04\/'>huhtikuu 2024<\/a><\/li>\n\t<li><a href='https:\/\/meidanmetsamme.org\/index.php\/2024\/02\/'>helmikuu 2024<\/a><\/li>\n\t<li><a href='https:\/\/meidanmetsamme.org\/index.php\/2024\/01\/'>tammikuu 2024<\/a><\/li>\n\t<li><a href='https:\/\/meidanmetsamme.org\/index.php\/2023\/11\/'>marraskuu 2023<\/a><\/li>\n\t<li><a href='https:\/\/meidanmetsamme.org\/index.php\/2023\/09\/'>syyskuu 2023<\/a><\/li>\n\t<li><a href='https:\/\/meidanmetsamme.org\/index.php\/2023\/08\/'>elokuu 2023<\/a><\/li>\n\t<li><a href='https:\/\/meidanmetsamme.org\/index.php\/2023\/06\/'>kes\u00e4kuu 2023<\/a><\/li>\n\t<li><a href='https:\/\/meidanmetsamme.org\/index.php\/2023\/05\/'>toukokuu 2023<\/a><\/li>\n\t<li><a href='https:\/\/meidanmetsamme.org\/index.php\/2023\/04\/'>huhtikuu 2023<\/a><\/li>\n\t<li><a href='https:\/\/meidanmetsamme.org\/index.php\/2023\/03\/'>maaliskuu 2023<\/a><\/li>\n\t<li><a href='https:\/\/meidanmetsamme.org\/index.php\/2023\/02\/'>helmikuu 2023<\/a><\/li>\n\t<li><a href='https:\/\/meidanmetsamme.org\/index.php\/2023\/01\/'>tammikuu 2023<\/a><\/li>\n\t<li><a href='https:\/\/meidanmetsamme.org\/index.php\/2022\/11\/'>marraskuu 2022<\/a><\/li>\n\t<li><a href='https:\/\/meidanmetsamme.org\/index.php\/2022\/10\/'>lokakuu 2022<\/a><\/li>\n\t<li><a href='https:\/\/meidanmetsamme.org\/index.php\/2022\/09\/'>syyskuu 2022<\/a><\/li>\n\t<li><a href='https:\/\/meidanmetsamme.org\/index.php\/2022\/06\/'>kes\u00e4kuu 2022<\/a><\/li>\n\t<li><a href='https:\/\/meidanmetsamme.org\/index.php\/2022\/04\/'>huhtikuu 2022<\/a><\/li>\n\t<li><a href='https:\/\/meidanmetsamme.org\/index.php\/2022\/03\/'>maaliskuu 2022<\/a><\/li>\n\t<li><a href='https:\/\/meidanmetsamme.org\/index.php\/2022\/02\/'>helmikuu 2022<\/a><\/li>\n\t<li><a href='https:\/\/meidanmetsamme.org\/index.php\/2022\/01\/'>tammikuu 2022<\/a><\/li>\n\t<li><a href='https:\/\/meidanmetsamme.org\/index.php\/2021\/12\/'>joulukuu 2021<\/a><\/li>\n\t<li><a href='https:\/\/meidanmetsamme.org\/index.php\/2021\/11\/'>marraskuu 2021<\/a><\/li>\n\t<li><a href='https:\/\/meidanmetsamme.org\/index.php\/2021\/10\/'>lokakuu 2021<\/a><\/li>\n\t<li><a href='https:\/\/meidanmetsamme.org\/index.php\/2021\/09\/'>syyskuu 2021<\/a><\/li>\n\t<li><a href='https:\/\/meidanmetsamme.org\/index.php\/2021\/06\/'>kes\u00e4kuu 2021<\/a><\/li>\n\t<li><a href='https:\/\/meidanmetsamme.org\/index.php\/2021\/05\/'>toukokuu 2021<\/a><\/li>\n\t<li><a href='https:\/\/meidanmetsamme.org\/index.php\/2021\/04\/'>huhtikuu 2021<\/a><\/li>\n\t<li><a href='https:\/\/meidanmetsamme.org\/index.php\/2021\/03\/'>maaliskuu 2021<\/a><\/li>\n\t<li><a href='https:\/\/meidanmetsamme.org\/index.php\/2021\/02\/'>helmikuu 2021<\/a><\/li>\n\t<li><a href='https:\/\/meidanmetsamme.org\/index.php\/2021\/01\/'>tammikuu 2021<\/a><\/li>\n\t<li><a href='https:\/\/meidanmetsamme.org\/index.php\/2020\/11\/'>marraskuu 2020<\/a><\/li>\n\t<li><a href='https:\/\/meidanmetsamme.org\/index.php\/2020\/09\/'>syyskuu 2020<\/a><\/li>\n\t<li><a href='https:\/\/meidanmetsamme.org\/index.php\/2020\/06\/'>kes\u00e4kuu 2020<\/a><\/li>\n\t<li><a href='https:\/\/meidanmetsamme.org\/index.php\/2020\/05\/'>toukokuu 2020<\/a><\/li>\n\t<li><a href='https:\/\/meidanmetsamme.org\/index.php\/2020\/04\/'>huhtikuu 2020<\/a><\/li>\n\t<li><a href='https:\/\/meidanmetsamme.org\/index.php\/2020\/03\/'>maaliskuu 2020<\/a><\/li>\n\t<li><a href='https:\/\/meidanmetsamme.org\/index.php\/2020\/02\/'>helmikuu 2020<\/a><\/li>\n\t<li><a href='https:\/\/meidanmetsamme.org\/index.php\/2020\/01\/'>tammikuu 2020<\/a><\/li>\n\t<li><a href='https:\/\/meidanmetsamme.org\/index.php\/2019\/12\/'>joulukuu 2019<\/a><\/li>\n\t<li><a href='https:\/\/meidanmetsamme.org\/index.php\/2019\/09\/'>syyskuu 2019<\/a><\/li>\n\t<li><a href='https:\/\/meidanmetsamme.org\/index.php\/2019\/06\/'>kes\u00e4kuu 2019<\/a><\/li>\n\t<li><a href='https:\/\/meidanmetsamme.org\/index.php\/2019\/04\/'>huhtikuu 2019<\/a><\/li>\n\t<li><a href='https:\/\/meidanmetsamme.org\/index.php\/2019\/01\/'>tammikuu 2019<\/a><\/li>\n\t<li><a href='https:\/\/meidanmetsamme.org\/index.php\/2018\/12\/'>joulukuu 2018<\/a><\/li>\n\t<li><a href='https:\/\/meidanmetsamme.org\/index.php\/2018\/11\/'>marraskuu 2018<\/a><\/li>\n\t<li><a href='https:\/\/meidanmetsamme.org\/index.php\/2018\/10\/'>lokakuu 2018<\/a><\/li>\n\t<li><a href='https:\/\/meidanmetsamme.org\/index.php\/2018\/05\/'>toukokuu 2018<\/a><\/li>\n\t<li><a href='https:\/\/meidanmetsamme.org\/index.php\/2018\/04\/'>huhtikuu 2018<\/a><\/li>\n<\/ul>","protected":false},"excerpt":{"rendered":"<p>Oheista linkist\u00e4 l\u00f6yd\u00e4t Meid\u00e4n mets\u00e4mme -sivustolla julkaistujen artikkeleiden otsikot ja lyhyen kuvauksen aikaj\u00e4rjestyksess\u00e4. https:\/\/meidanmetsamme.org\/index.php\/ajankohtaista\/ T\u00e4st\u00e4 kuukausittaisesta listasta l\u00f6yd\u00e4t kaikki Meid\u00e4n mets\u00e4mme -sivustolla julkaistut sis\u00e4ll\u00f6t erillisin\u00e4 artikkeleina. Samat sis\u00e4ll\u00f6t l\u00f6ytyv\u00e4t my\u00f6s itse sivustolta.<\/p>\n","protected":false},"author":4,"featured_media":0,"parent":0,"menu_order":0,"comment_status":"closed","ping_status":"closed","template":"","meta":{"footnotes":""},"class_list":["post-1518","page","type-page","status-publish","hentry","entry"],"yoast_head":"<!-- This site is optimized with the Yoast SEO plugin v27.3 - https:\/\/yoast.com\/product\/yoast-seo-wordpress\/ -->\n<title>Kaikki ajankohtaissis\u00e4ll\u00f6t - MEID\u00c4N METS\u00c4MME \u2011kansalaisliike<\/title>\n<meta name=\"robots\" content=\"index, follow, max-snippet:-1, max-image-preview:large, max-video-preview:-1\" \/>\n<link rel=\"canonical\" href=\"https:\/\/meidanmetsamme.org\/index.php\/kaikki-ajankohtaissisallot\/\" \/>\n<meta property=\"og:locale\" content=\"fi_FI\" \/>\n<meta property=\"og:type\" content=\"article\" \/>\n<meta property=\"og:title\" content=\"Kaikki ajankohtaissis\u00e4ll\u00f6t - MEID\u00c4N METS\u00c4MME \u2011kansalaisliike\" \/>\n<meta property=\"og:description\" content=\"Oheista linkist\u00e4 l\u00f6yd\u00e4t Meid\u00e4n mets\u00e4mme -sivustolla julkaistujen artikkeleiden otsikot ja lyhyen kuvauksen aikaj\u00e4rjestyksess\u00e4. https:\/\/meidanmetsamme.org\/index.php\/ajankohtaista\/ T\u00e4st\u00e4 kuukausittaisesta listasta l\u00f6yd\u00e4t kaikki Meid\u00e4n mets\u00e4mme -sivustolla julkaistut sis\u00e4ll\u00f6t erillisin\u00e4 artikkeleina. Samat sis\u00e4ll\u00f6t l\u00f6ytyv\u00e4t my\u00f6s itse sivustolta.\" \/>\n<meta property=\"og:url\" content=\"https:\/\/meidanmetsamme.org\/index.php\/kaikki-ajankohtaissisallot\/\" \/>\n<meta property=\"og:site_name\" content=\"MEID\u00c4N METS\u00c4MME \u2011kansalaisliike\" \/>\n<meta property=\"article:modified_time\" content=\"2024-09-08T08:49:41+00:00\" \/>\n<meta name=\"twitter:card\" content=\"summary_large_image\" \/>\n<script type=\"application\/ld+json\" class=\"yoast-schema-graph\">{\"@context\":\"https:\\\/\\\/schema.org\",\"@graph\":[{\"@type\":\"WebPage\",\"@id\":\"https:\\\/\\\/meidanmetsamme.org\\\/index.php\\\/kaikki-ajankohtaissisallot\\\/\",\"url\":\"https:\\\/\\\/meidanmetsamme.org\\\/index.php\\\/kaikki-ajankohtaissisallot\\\/\",\"name\":\"Kaikki ajankohtaissis\u00e4ll\u00f6t - MEID\u00c4N METS\u00c4MME \u2011kansalaisliike\",\"isPartOf\":{\"@id\":\"https:\\\/\\\/meidanmetsamme.org\\\/#website\"},\"datePublished\":\"2021-03-02T17:28:03+00:00\",\"dateModified\":\"2024-09-08T08:49:41+00:00\",\"breadcrumb\":{\"@id\":\"https:\\\/\\\/meidanmetsamme.org\\\/index.php\\\/kaikki-ajankohtaissisallot\\\/#breadcrumb\"},\"inLanguage\":\"fi\",\"potentialAction\":[{\"@type\":\"ReadAction\",\"target\":[\"https:\\\/\\\/meidanmetsamme.org\\\/index.php\\\/kaikki-ajankohtaissisallot\\\/\"]}]},{\"@type\":\"BreadcrumbList\",\"@id\":\"https:\\\/\\\/meidanmetsamme.org\\\/index.php\\\/kaikki-ajankohtaissisallot\\\/#breadcrumb\",\"itemListElement\":[{\"@type\":\"ListItem\",\"position\":1,\"name\":\"Home\",\"item\":\"https:\\\/\\\/meidanmetsamme.org\\\/\"},{\"@type\":\"ListItem\",\"position\":2,\"name\":\"Kaikki ajankohtaissis\u00e4ll\u00f6t\"}]},{\"@type\":\"WebSite\",\"@id\":\"https:\\\/\\\/meidanmetsamme.org\\\/#website\",\"url\":\"https:\\\/\\\/meidanmetsamme.org\\\/\",\"name\":\"MEID\u00c4N METS\u00c4MME \u2011kansalaisliike\",\"description\":\"Pidet\u00e4\u00e4n metsist\u00e4mme parempaa huolta\",\"publisher\":{\"@id\":\"https:\\\/\\\/meidanmetsamme.org\\\/#organization\"},\"potentialAction\":[{\"@type\":\"SearchAction\",\"target\":{\"@type\":\"EntryPoint\",\"urlTemplate\":\"https:\\\/\\\/meidanmetsamme.org\\\/?s={search_term_string}\"},\"query-input\":{\"@type\":\"PropertyValueSpecification\",\"valueRequired\":true,\"valueName\":\"search_term_string\"}}],\"inLanguage\":\"fi\"},{\"@type\":\"Organization\",\"@id\":\"https:\\\/\\\/meidanmetsamme.org\\\/#organization\",\"name\":\"MEID\u00c4N METS\u00c4MME \u2011kansalaisliike\",\"url\":\"https:\\\/\\\/meidanmetsamme.org\\\/\",\"logo\":{\"@type\":\"ImageObject\",\"inLanguage\":\"fi\",\"@id\":\"https:\\\/\\\/meidanmetsamme.org\\\/#\\\/schema\\\/logo\\\/image\\\/\",\"url\":\"https:\\\/\\\/meidanmetsamme.org\\\/wp-content\\\/uploads\\\/2019\\\/10\\\/cropped-meidanmetsamme-logo-ellipse-200px.png\",\"contentUrl\":\"https:\\\/\\\/meidanmetsamme.org\\\/wp-content\\\/uploads\\\/2019\\\/10\\\/cropped-meidanmetsamme-logo-ellipse-200px.png\",\"width\":200,\"height\":123,\"caption\":\"MEID\u00c4N METS\u00c4MME \u2011kansalaisliike\"},\"image\":{\"@id\":\"https:\\\/\\\/meidanmetsamme.org\\\/#\\\/schema\\\/logo\\\/image\\\/\"}}]}<\/script>\n<!-- \/ Yoast SEO plugin. -->","yoast_head_json":{"title":"Kaikki ajankohtaissis\u00e4ll\u00f6t - MEID\u00c4N METS\u00c4MME \u2011kansalaisliike","robots":{"index":"index","follow":"follow","max-snippet":"max-snippet:-1","max-image-preview":"max-image-preview:large","max-video-preview":"max-video-preview:-1"},"canonical":"https:\/\/meidanmetsamme.org\/index.php\/kaikki-ajankohtaissisallot\/","og_locale":"fi_FI","og_type":"article","og_title":"Kaikki ajankohtaissis\u00e4ll\u00f6t - MEID\u00c4N METS\u00c4MME \u2011kansalaisliike","og_description":"Oheista linkist\u00e4 l\u00f6yd\u00e4t Meid\u00e4n mets\u00e4mme -sivustolla julkaistujen artikkeleiden otsikot ja lyhyen kuvauksen aikaj\u00e4rjestyksess\u00e4. https:\/\/meidanmetsamme.org\/index.php\/ajankohtaista\/ T\u00e4st\u00e4 kuukausittaisesta listasta l\u00f6yd\u00e4t kaikki Meid\u00e4n mets\u00e4mme -sivustolla julkaistut sis\u00e4ll\u00f6t erillisin\u00e4 artikkeleina. Samat sis\u00e4ll\u00f6t l\u00f6ytyv\u00e4t my\u00f6s itse sivustolta.","og_url":"https:\/\/meidanmetsamme.org\/index.php\/kaikki-ajankohtaissisallot\/","og_site_name":"MEID\u00c4N METS\u00c4MME \u2011kansalaisliike","article_modified_time":"2024-09-08T08:49:41+00:00","twitter_card":"summary_large_image","schema":{"@context":"https:\/\/schema.org","@graph":[{"@type":"WebPage","@id":"https:\/\/meidanmetsamme.org\/index.php\/kaikki-ajankohtaissisallot\/","url":"https:\/\/meidanmetsamme.org\/index.php\/kaikki-ajankohtaissisallot\/","name":"Kaikki ajankohtaissis\u00e4ll\u00f6t - MEID\u00c4N METS\u00c4MME \u2011kansalaisliike","isPartOf":{"@id":"https:\/\/meidanmetsamme.org\/#website"},"datePublished":"2021-03-02T17:28:03+00:00","dateModified":"2024-09-08T08:49:41+00:00","breadcrumb":{"@id":"https:\/\/meidanmetsamme.org\/index.php\/kaikki-ajankohtaissisallot\/#breadcrumb"},"inLanguage":"fi","potentialAction":[{"@type":"ReadAction","target":["https:\/\/meidanmetsamme.org\/index.php\/kaikki-ajankohtaissisallot\/"]}]},{"@type":"BreadcrumbList","@id":"https:\/\/meidanmetsamme.org\/index.php\/kaikki-ajankohtaissisallot\/#breadcrumb","itemListElement":[{"@type":"ListItem","position":1,"name":"Home","item":"https:\/\/meidanmetsamme.org\/"},{"@type":"ListItem","position":2,"name":"Kaikki ajankohtaissis\u00e4ll\u00f6t"}]},{"@type":"WebSite","@id":"https:\/\/meidanmetsamme.org\/#website","url":"https:\/\/meidanmetsamme.org\/","name":"MEID\u00c4N METS\u00c4MME \u2011kansalaisliike","description":"Pidet\u00e4\u00e4n metsist\u00e4mme parempaa huolta","publisher":{"@id":"https:\/\/meidanmetsamme.org\/#organization"},"potentialAction":[{"@type":"SearchAction","target":{"@type":"EntryPoint","urlTemplate":"https:\/\/meidanmetsamme.org\/?s={search_term_string}"},"query-input":{"@type":"PropertyValueSpecification","valueRequired":true,"valueName":"search_term_string"}}],"inLanguage":"fi"},{"@type":"Organization","@id":"https:\/\/meidanmetsamme.org\/#organization","name":"MEID\u00c4N METS\u00c4MME \u2011kansalaisliike","url":"https:\/\/meidanmetsamme.org\/","logo":{"@type":"ImageObject","inLanguage":"fi","@id":"https:\/\/meidanmetsamme.org\/#\/schema\/logo\/image\/","url":"https:\/\/meidanmetsamme.org\/wp-content\/uploads\/2019\/10\/cropped-meidanmetsamme-logo-ellipse-200px.png","contentUrl":"https:\/\/meidanmetsamme.org\/wp-content\/uploads\/2019\/10\/cropped-meidanmetsamme-logo-ellipse-200px.png","width":200,"height":123,"caption":"MEID\u00c4N METS\u00c4MME \u2011kansalaisliike"},"image":{"@id":"https:\/\/meidanmetsamme.org\/#\/schema\/logo\/image\/"}}]}},"_links":{"self":[{"href":"https:\/\/meidanmetsamme.org\/index.php\/wp-json\/wp\/v2\/pages\/1518","targetHints":{"allow":["GET"]}}],"collection":[{"href":"https:\/\/meidanmetsamme.org\/index.php\/wp-json\/wp\/v2\/pages"}],"about":[{"href":"https:\/\/meidanmetsamme.org\/index.php\/wp-json\/wp\/v2\/types\/page"}],"author":[{"embeddable":true,"href":"https:\/\/meidanmetsamme.org\/index.php\/wp-json\/wp\/v2\/users\/4"}],"replies":[{"embeddable":true,"href":"https:\/\/meidanmetsamme.org\/index.php\/wp-json\/wp\/v2\/comments?post=1518"}],"version-history":[{"count":4,"href":"https:\/\/meidanmetsamme.org\/index.php\/wp-json\/wp\/v2\/pages\/1518\/revisions"}],"predecessor-version":[{"id":2639,"href":"https:\/\/meidanmetsamme.org\/index.php\/wp-json\/wp\/v2\/pages\/1518\/revisions\/2639"}],"wp:attachment":[{"href":"https:\/\/meidanmetsamme.org\/index.php\/wp-json\/wp\/v2\/media?parent=1518"}],"curies":[{"name":"wp","href":"https:\/\/api.w.org\/{rel}","templated":true}]}}