{"id":1700,"date":"2021-03-17T16:26:26","date_gmt":"2021-03-17T14:26:26","guid":{"rendered":"https:\/\/uusimeidanmetsamme.jlehtinen.net\/?page_id=1700"},"modified":"2025-04-20T07:29:42","modified_gmt":"2025-04-20T04:29:42","slug":"tule-mukaan","status":"publish","type":"page","link":"https:\/\/meidanmetsamme.org\/index.php\/keita-me-olemme\/tule-mukaan\/","title":{"rendered":"Tule mukaan"},"content":{"rendered":"\n<figure class=\"wp-block-image size-large\"><img loading=\"lazy\" decoding=\"async\" width=\"1024\" height=\"768\" src=\"https:\/\/meidanmetsamme.org\/wp-content\/uploads\/2021\/03\/tule-mukaan-1024x768.jpeg\" alt=\"\" class=\"wp-image-1792\" srcset=\"https:\/\/meidanmetsamme.org\/wp-content\/uploads\/2021\/03\/tule-mukaan-1024x768.jpeg 1024w, https:\/\/meidanmetsamme.org\/wp-content\/uploads\/2021\/03\/tule-mukaan-300x225.jpeg 300w, https:\/\/meidanmetsamme.org\/wp-content\/uploads\/2021\/03\/tule-mukaan-768x576.jpeg 768w, https:\/\/meidanmetsamme.org\/wp-content\/uploads\/2021\/03\/tule-mukaan-1536x1152.jpeg 1536w, https:\/\/meidanmetsamme.org\/wp-content\/uploads\/2021\/03\/tule-mukaan-2048x1536.jpeg 2048w, https:\/\/meidanmetsamme.org\/wp-content\/uploads\/2021\/03\/tule-mukaan-1568x1176.jpeg 1568w\" sizes=\"auto, (max-width: 1024px) 100vw, 1024px\" \/><figcaption>Iloista talkoov\u00e4ke\u00e4 Meid\u00e4n mets\u00e4mme -banderollia tekem\u00e4ss\u00e4 vuonna 2018 Kotkan Kohtuusseminaarissa. <br>Kuva: ty\u00f6ryhm\u00e4n arkisto.<\/figcaption><\/figure>\n\n\n\n<p><\/p>\n\n\n\n<p>Meid\u00e4n mets\u00e4mme -kansalaisliikkeess\u00e4 on tilaa uusille tekij\u00f6ille. <\/p>\n\n\n\n<p>Ilmoittaudu mukaan ty\u00f6ryhm\u00e4n toimintaan tai projekteihin l\u00e4hett\u00e4m\u00e4ll\u00e4 yhteydenottopyynt\u00f6 meidanmetsamme [at] gmail.com<\/p>\n\n\n\n<h2 class=\"wp-block-heading\">Esimerkkej\u00e4 teht\u00e4vist\u00e4<\/h2>\n\n\n\n<ul class=\"wp-block-list\"><li>Viestinn\u00e4n suunnittelu ja toteutus, kuten sosiaalisen median tilien ja nettisivujen p\u00e4ivitys<\/li><li>Mediaseuranta<\/li><li>Mielipidekirjoitusten laatiminen<\/li><li>Ajankohtainen vaikuttamisty\u00f6<\/li><li>Mets\u00e4dialogien suunnittelu ja toteutus<\/li><li>Yhteydenotot muihin mets\u00e4toimijoihin<\/li><li>Mets\u00e4tutkimuksen seuraaminen<\/li><li>Ty\u00f6ryhm\u00e4n kokousten organisointi<\/li><\/ul>\n","protected":false},"excerpt":{"rendered":"<p>Meid\u00e4n mets\u00e4mme -kansalaisliikkeess\u00e4 on tilaa uusille tekij\u00f6ille. Ilmoittaudu mukaan ty\u00f6ryhm\u00e4n toimintaan tai projekteihin l\u00e4hett\u00e4m\u00e4ll\u00e4 yhteydenottopyynt\u00f6 meidanmetsamme [at] gmail.com Esimerkkej\u00e4 teht\u00e4vist\u00e4 Viestinn\u00e4n suunnittelu ja toteutus, kuten sosiaalisen median tilien ja nettisivujen p\u00e4ivitys Mediaseuranta Mielipidekirjoitusten laatiminen Ajankohtainen vaikuttamisty\u00f6 Mets\u00e4dialogien suunnittelu ja toteutus Yhteydenotot muihin mets\u00e4toimijoihin Mets\u00e4tutkimuksen seuraaminen Ty\u00f6ryhm\u00e4n kokousten organisointi<\/p>\n","protected":false},"author":4,"featured_media":0,"parent":1710,"menu_order":0,"comment_status":"closed","ping_status":"closed","template":"","meta":{"footnotes":""},"class_list":["post-1700","page","type-page","status-publish","hentry","entry"],"yoast_head":"<!-- This site is optimized with the Yoast SEO plugin v27.3 - https:\/\/yoast.com\/product\/yoast-seo-wordpress\/ -->\n<title>Tule mukaan - MEID\u00c4N METS\u00c4MME \u2011kansalaisliike<\/title>\n<meta name=\"robots\" content=\"index, follow, max-snippet:-1, max-image-preview:large, max-video-preview:-1\" \/>\n<link rel=\"canonical\" href=\"https:\/\/meidanmetsamme.org\/index.php\/keita-me-olemme\/tule-mukaan\/\" \/>\n<meta property=\"og:locale\" content=\"fi_FI\" \/>\n<meta property=\"og:type\" content=\"article\" \/>\n<meta property=\"og:title\" content=\"Tule mukaan - MEID\u00c4N METS\u00c4MME \u2011kansalaisliike\" \/>\n<meta property=\"og:description\" content=\"Meid\u00e4n mets\u00e4mme -kansalaisliikkeess\u00e4 on tilaa uusille tekij\u00f6ille. Ilmoittaudu mukaan ty\u00f6ryhm\u00e4n toimintaan tai projekteihin l\u00e4hett\u00e4m\u00e4ll\u00e4 yhteydenottopyynt\u00f6 meidanmetsamme [at] gmail.com Esimerkkej\u00e4 teht\u00e4vist\u00e4 Viestinn\u00e4n suunnittelu ja toteutus, kuten sosiaalisen median tilien ja nettisivujen p\u00e4ivitys Mediaseuranta Mielipidekirjoitusten laatiminen Ajankohtainen vaikuttamisty\u00f6 Mets\u00e4dialogien suunnittelu ja toteutus Yhteydenotot muihin mets\u00e4toimijoihin Mets\u00e4tutkimuksen seuraaminen Ty\u00f6ryhm\u00e4n kokousten organisointi\" \/>\n<meta property=\"og:url\" content=\"https:\/\/meidanmetsamme.org\/index.php\/keita-me-olemme\/tule-mukaan\/\" \/>\n<meta property=\"og:site_name\" content=\"MEID\u00c4N METS\u00c4MME \u2011kansalaisliike\" \/>\n<meta property=\"article:modified_time\" content=\"2025-04-20T04:29:42+00:00\" \/>\n<meta property=\"og:image\" content=\"https:\/\/meidanmetsamme.org\/wp-content\/uploads\/2021\/03\/tule-mukaan-scaled.jpeg\" \/>\n\t<meta property=\"og:image:width\" content=\"2560\" \/>\n\t<meta property=\"og:image:height\" content=\"1920\" \/>\n\t<meta property=\"og:image:type\" content=\"image\/jpeg\" \/>\n<meta name=\"twitter:card\" content=\"summary_large_image\" \/>\n<script type=\"application\/ld+json\" class=\"yoast-schema-graph\">{\"@context\":\"https:\\\/\\\/schema.org\",\"@graph\":[{\"@type\":\"WebPage\",\"@id\":\"https:\\\/\\\/meidanmetsamme.org\\\/index.php\\\/keita-me-olemme\\\/tule-mukaan\\\/\",\"url\":\"https:\\\/\\\/meidanmetsamme.org\\\/index.php\\\/keita-me-olemme\\\/tule-mukaan\\\/\",\"name\":\"Tule mukaan - MEID\u00c4N METS\u00c4MME \u2011kansalaisliike\",\"isPartOf\":{\"@id\":\"https:\\\/\\\/meidanmetsamme.org\\\/#website\"},\"primaryImageOfPage\":{\"@id\":\"https:\\\/\\\/meidanmetsamme.org\\\/index.php\\\/keita-me-olemme\\\/tule-mukaan\\\/#primaryimage\"},\"image\":{\"@id\":\"https:\\\/\\\/meidanmetsamme.org\\\/index.php\\\/keita-me-olemme\\\/tule-mukaan\\\/#primaryimage\"},\"thumbnailUrl\":\"https:\\\/\\\/meidanmetsamme.org\\\/wp-content\\\/uploads\\\/2021\\\/03\\\/tule-mukaan-1024x768.jpeg\",\"datePublished\":\"2021-03-17T14:26:26+00:00\",\"dateModified\":\"2025-04-20T04:29:42+00:00\",\"breadcrumb\":{\"@id\":\"https:\\\/\\\/meidanmetsamme.org\\\/index.php\\\/keita-me-olemme\\\/tule-mukaan\\\/#breadcrumb\"},\"inLanguage\":\"fi\",\"potentialAction\":[{\"@type\":\"ReadAction\",\"target\":[\"https:\\\/\\\/meidanmetsamme.org\\\/index.php\\\/keita-me-olemme\\\/tule-mukaan\\\/\"]}]},{\"@type\":\"ImageObject\",\"inLanguage\":\"fi\",\"@id\":\"https:\\\/\\\/meidanmetsamme.org\\\/index.php\\\/keita-me-olemme\\\/tule-mukaan\\\/#primaryimage\",\"url\":\"https:\\\/\\\/meidanmetsamme.org\\\/wp-content\\\/uploads\\\/2021\\\/03\\\/tule-mukaan-scaled.jpeg\",\"contentUrl\":\"https:\\\/\\\/meidanmetsamme.org\\\/wp-content\\\/uploads\\\/2021\\\/03\\\/tule-mukaan-scaled.jpeg\",\"width\":2560,\"height\":1920},{\"@type\":\"BreadcrumbList\",\"@id\":\"https:\\\/\\\/meidanmetsamme.org\\\/index.php\\\/keita-me-olemme\\\/tule-mukaan\\\/#breadcrumb\",\"itemListElement\":[{\"@type\":\"ListItem\",\"position\":1,\"name\":\"Home\",\"item\":\"https:\\\/\\\/meidanmetsamme.org\\\/\"},{\"@type\":\"ListItem\",\"position\":2,\"name\":\"Keit\u00e4 me olemme\",\"item\":\"https:\\\/\\\/meidanmetsamme.org\\\/index.php\\\/keita-me-olemme\\\/\"},{\"@type\":\"ListItem\",\"position\":3,\"name\":\"Tule mukaan\"}]},{\"@type\":\"WebSite\",\"@id\":\"https:\\\/\\\/meidanmetsamme.org\\\/#website\",\"url\":\"https:\\\/\\\/meidanmetsamme.org\\\/\",\"name\":\"MEID\u00c4N METS\u00c4MME \u2011kansalaisliike\",\"description\":\"Pidet\u00e4\u00e4n metsist\u00e4mme parempaa huolta\",\"publisher\":{\"@id\":\"https:\\\/\\\/meidanmetsamme.org\\\/#organization\"},\"potentialAction\":[{\"@type\":\"SearchAction\",\"target\":{\"@type\":\"EntryPoint\",\"urlTemplate\":\"https:\\\/\\\/meidanmetsamme.org\\\/?s={search_term_string}\"},\"query-input\":{\"@type\":\"PropertyValueSpecification\",\"valueRequired\":true,\"valueName\":\"search_term_string\"}}],\"inLanguage\":\"fi\"},{\"@type\":\"Organization\",\"@id\":\"https:\\\/\\\/meidanmetsamme.org\\\/#organization\",\"name\":\"MEID\u00c4N METS\u00c4MME \u2011kansalaisliike\",\"url\":\"https:\\\/\\\/meidanmetsamme.org\\\/\",\"logo\":{\"@type\":\"ImageObject\",\"inLanguage\":\"fi\",\"@id\":\"https:\\\/\\\/meidanmetsamme.org\\\/#\\\/schema\\\/logo\\\/image\\\/\",\"url\":\"https:\\\/\\\/meidanmetsamme.org\\\/wp-content\\\/uploads\\\/2019\\\/10\\\/cropped-meidanmetsamme-logo-ellipse-200px.png\",\"contentUrl\":\"https:\\\/\\\/meidanmetsamme.org\\\/wp-content\\\/uploads\\\/2019\\\/10\\\/cropped-meidanmetsamme-logo-ellipse-200px.png\",\"width\":200,\"height\":123,\"caption\":\"MEID\u00c4N METS\u00c4MME \u2011kansalaisliike\"},\"image\":{\"@id\":\"https:\\\/\\\/meidanmetsamme.org\\\/#\\\/schema\\\/logo\\\/image\\\/\"}}]}<\/script>\n<!-- \/ Yoast SEO plugin. -->","yoast_head_json":{"title":"Tule mukaan - MEID\u00c4N METS\u00c4MME \u2011kansalaisliike","robots":{"index":"index","follow":"follow","max-snippet":"max-snippet:-1","max-image-preview":"max-image-preview:large","max-video-preview":"max-video-preview:-1"},"canonical":"https:\/\/meidanmetsamme.org\/index.php\/keita-me-olemme\/tule-mukaan\/","og_locale":"fi_FI","og_type":"article","og_title":"Tule mukaan - MEID\u00c4N METS\u00c4MME \u2011kansalaisliike","og_description":"Meid\u00e4n mets\u00e4mme -kansalaisliikkeess\u00e4 on tilaa uusille tekij\u00f6ille. Ilmoittaudu mukaan ty\u00f6ryhm\u00e4n toimintaan tai projekteihin l\u00e4hett\u00e4m\u00e4ll\u00e4 yhteydenottopyynt\u00f6 meidanmetsamme [at] gmail.com Esimerkkej\u00e4 teht\u00e4vist\u00e4 Viestinn\u00e4n suunnittelu ja toteutus, kuten sosiaalisen median tilien ja nettisivujen p\u00e4ivitys Mediaseuranta Mielipidekirjoitusten laatiminen Ajankohtainen vaikuttamisty\u00f6 Mets\u00e4dialogien suunnittelu ja toteutus Yhteydenotot muihin mets\u00e4toimijoihin Mets\u00e4tutkimuksen seuraaminen Ty\u00f6ryhm\u00e4n kokousten organisointi","og_url":"https:\/\/meidanmetsamme.org\/index.php\/keita-me-olemme\/tule-mukaan\/","og_site_name":"MEID\u00c4N METS\u00c4MME \u2011kansalaisliike","article_modified_time":"2025-04-20T04:29:42+00:00","og_image":[{"width":2560,"height":1920,"url":"https:\/\/meidanmetsamme.org\/wp-content\/uploads\/2021\/03\/tule-mukaan-scaled.jpeg","type":"image\/jpeg"}],"twitter_card":"summary_large_image","schema":{"@context":"https:\/\/schema.org","@graph":[{"@type":"WebPage","@id":"https:\/\/meidanmetsamme.org\/index.php\/keita-me-olemme\/tule-mukaan\/","url":"https:\/\/meidanmetsamme.org\/index.php\/keita-me-olemme\/tule-mukaan\/","name":"Tule mukaan - MEID\u00c4N METS\u00c4MME \u2011kansalaisliike","isPartOf":{"@id":"https:\/\/meidanmetsamme.org\/#website"},"primaryImageOfPage":{"@id":"https:\/\/meidanmetsamme.org\/index.php\/keita-me-olemme\/tule-mukaan\/#primaryimage"},"image":{"@id":"https:\/\/meidanmetsamme.org\/index.php\/keita-me-olemme\/tule-mukaan\/#primaryimage"},"thumbnailUrl":"https:\/\/meidanmetsamme.org\/wp-content\/uploads\/2021\/03\/tule-mukaan-1024x768.jpeg","datePublished":"2021-03-17T14:26:26+00:00","dateModified":"2025-04-20T04:29:42+00:00","breadcrumb":{"@id":"https:\/\/meidanmetsamme.org\/index.php\/keita-me-olemme\/tule-mukaan\/#breadcrumb"},"inLanguage":"fi","potentialAction":[{"@type":"ReadAction","target":["https:\/\/meidanmetsamme.org\/index.php\/keita-me-olemme\/tule-mukaan\/"]}]},{"@type":"ImageObject","inLanguage":"fi","@id":"https:\/\/meidanmetsamme.org\/index.php\/keita-me-olemme\/tule-mukaan\/#primaryimage","url":"https:\/\/meidanmetsamme.org\/wp-content\/uploads\/2021\/03\/tule-mukaan-scaled.jpeg","contentUrl":"https:\/\/meidanmetsamme.org\/wp-content\/uploads\/2021\/03\/tule-mukaan-scaled.jpeg","width":2560,"height":1920},{"@type":"BreadcrumbList","@id":"https:\/\/meidanmetsamme.org\/index.php\/keita-me-olemme\/tule-mukaan\/#breadcrumb","itemListElement":[{"@type":"ListItem","position":1,"name":"Home","item":"https:\/\/meidanmetsamme.org\/"},{"@type":"ListItem","position":2,"name":"Keit\u00e4 me olemme","item":"https:\/\/meidanmetsamme.org\/index.php\/keita-me-olemme\/"},{"@type":"ListItem","position":3,"name":"Tule mukaan"}]},{"@type":"WebSite","@id":"https:\/\/meidanmetsamme.org\/#website","url":"https:\/\/meidanmetsamme.org\/","name":"MEID\u00c4N METS\u00c4MME \u2011kansalaisliike","description":"Pidet\u00e4\u00e4n metsist\u00e4mme parempaa huolta","publisher":{"@id":"https:\/\/meidanmetsamme.org\/#organization"},"potentialAction":[{"@type":"SearchAction","target":{"@type":"EntryPoint","urlTemplate":"https:\/\/meidanmetsamme.org\/?s={search_term_string}"},"query-input":{"@type":"PropertyValueSpecification","valueRequired":true,"valueName":"search_term_string"}}],"inLanguage":"fi"},{"@type":"Organization","@id":"https:\/\/meidanmetsamme.org\/#organization","name":"MEID\u00c4N METS\u00c4MME \u2011kansalaisliike","url":"https:\/\/meidanmetsamme.org\/","logo":{"@type":"ImageObject","inLanguage":"fi","@id":"https:\/\/meidanmetsamme.org\/#\/schema\/logo\/image\/","url":"https:\/\/meidanmetsamme.org\/wp-content\/uploads\/2019\/10\/cropped-meidanmetsamme-logo-ellipse-200px.png","contentUrl":"https:\/\/meidanmetsamme.org\/wp-content\/uploads\/2019\/10\/cropped-meidanmetsamme-logo-ellipse-200px.png","width":200,"height":123,"caption":"MEID\u00c4N METS\u00c4MME \u2011kansalaisliike"},"image":{"@id":"https:\/\/meidanmetsamme.org\/#\/schema\/logo\/image\/"}}]}},"_links":{"self":[{"href":"https:\/\/meidanmetsamme.org\/index.php\/wp-json\/wp\/v2\/pages\/1700","targetHints":{"allow":["GET"]}}],"collection":[{"href":"https:\/\/meidanmetsamme.org\/index.php\/wp-json\/wp\/v2\/pages"}],"about":[{"href":"https:\/\/meidanmetsamme.org\/index.php\/wp-json\/wp\/v2\/types\/page"}],"author":[{"embeddable":true,"href":"https:\/\/meidanmetsamme.org\/index.php\/wp-json\/wp\/v2\/users\/4"}],"replies":[{"embeddable":true,"href":"https:\/\/meidanmetsamme.org\/index.php\/wp-json\/wp\/v2\/comments?post=1700"}],"version-history":[{"count":5,"href":"https:\/\/meidanmetsamme.org\/index.php\/wp-json\/wp\/v2\/pages\/1700\/revisions"}],"predecessor-version":[{"id":2696,"href":"https:\/\/meidanmetsamme.org\/index.php\/wp-json\/wp\/v2\/pages\/1700\/revisions\/2696"}],"up":[{"embeddable":true,"href":"https:\/\/meidanmetsamme.org\/index.php\/wp-json\/wp\/v2\/pages\/1710"}],"wp:attachment":[{"href":"https:\/\/meidanmetsamme.org\/index.php\/wp-json\/wp\/v2\/media?parent=1700"}],"curies":[{"name":"wp","href":"https:\/\/api.w.org\/{rel}","templated":true}]}}