{"id":1710,"date":"2021-03-17T18:51:24","date_gmt":"2021-03-17T16:51:24","guid":{"rendered":"https:\/\/uusimeidanmetsamme.jlehtinen.net\/?page_id=1710"},"modified":"2024-04-22T13:45:17","modified_gmt":"2024-04-22T10:45:17","slug":"keita-me-olemme","status":"publish","type":"page","link":"https:\/\/meidanmetsamme.org\/index.php\/keita-me-olemme\/","title":{"rendered":"Keit\u00e4 me olemme"},"content":{"rendered":"\n<figure class=\"wp-block-image size-large\"><img loading=\"lazy\" decoding=\"async\" width=\"1024\" height=\"768\" src=\"https:\/\/meidanmetsamme.org\/wp-content\/uploads\/2021\/03\/keita-me-olemme-2-1024x768.jpeg\" alt=\"\" class=\"wp-image-1639\" srcset=\"https:\/\/meidanmetsamme.org\/wp-content\/uploads\/2021\/03\/keita-me-olemme-2-1024x768.jpeg 1024w, https:\/\/meidanmetsamme.org\/wp-content\/uploads\/2021\/03\/keita-me-olemme-2-300x225.jpeg 300w, https:\/\/meidanmetsamme.org\/wp-content\/uploads\/2021\/03\/keita-me-olemme-2-768x576.jpeg 768w, https:\/\/meidanmetsamme.org\/wp-content\/uploads\/2021\/03\/keita-me-olemme-2-1536x1152.jpeg 1536w, https:\/\/meidanmetsamme.org\/wp-content\/uploads\/2021\/03\/keita-me-olemme-2-1568x1176.jpeg 1568w, https:\/\/meidanmetsamme.org\/wp-content\/uploads\/2021\/03\/keita-me-olemme-2.jpeg 1632w\" sizes=\"auto, (max-width: 1024px) 100vw, 1024px\" \/><figcaption>Kuva Eeva-Stiina L\u00f6nnemo<\/figcaption><\/figure>\n\n\n\n<p>Meid\u00e4n mets\u00e4mme -kansalaisliike on moninainen joukko Suomen ja maailman metsien tilasta huolestuneita tavallisia aktiivisia kansalaisia. Toimintaa koordinoi <a href=\"https:\/\/meidanmetsamme.org\/index.php\/keita-me-olemme\/tyoryhma\/\">ty\u00f6ryhm\u00e4. <\/a><\/p>\n\n\n\n<p>Olemme huolissamme mets\u00e4luontomme monimuotoisen el\u00e4m\u00e4n k\u00f6yhtymisest\u00e4 ja meneill\u00e4\u00e4n olevasta vakavasta luontokadosta sek\u00e4 yh\u00e4 lis\u00e4\u00e4ntyvist\u00e4 mets\u00e4nhakkuista ja ilmastonmuutoksen etenemist\u00e4. Lue <a href=\"https:\/\/meidanmetsamme.org\/index.php\/keita-me-olemme\/meidan-metsamme-kannanotto-3-2-2022\/\" data-type=\"page\">kannanottomme. <\/a><\/p>\n\n\n\n<p>Haluamme luoda rakentavaa dialogia kaikkien mets\u00e4ihmisten kanssa, jotta voisimme pit\u00e4\u00e4 parempaa huolta metsist\u00e4mme ja luoda toiveikasta tulevaisuutta ja suojella kaikkea el\u00e4m\u00e4\u00e4 yll\u00e4pit\u00e4v\u00e4\u00e4 el\u00e4v\u00e4\u00e4. <a href=\"https:\/\/meidanmetsamme.org\/index.php\/keita-me-olemme\/tule-mukaan\/\" data-type=\"page\">Tule mukaan toimintaan! <\/a><\/p>\n","protected":false},"excerpt":{"rendered":"<p>Meid\u00e4n mets\u00e4mme -kansalaisliike on moninainen joukko Suomen ja maailman metsien tilasta huolestuneita tavallisia aktiivisia kansalaisia. Toimintaa koordinoi ty\u00f6ryhm\u00e4. Olemme huolissamme mets\u00e4luontomme monimuotoisen el\u00e4m\u00e4n k\u00f6yhtymisest\u00e4 ja meneill\u00e4\u00e4n olevasta vakavasta luontokadosta sek\u00e4 yh\u00e4 lis\u00e4\u00e4ntyvist\u00e4 mets\u00e4nhakkuista ja ilmastonmuutoksen etenemist\u00e4. Lue kannanottomme. Haluamme luoda rakentavaa dialogia kaikkien mets\u00e4ihmisten kanssa, jotta voisimme pit\u00e4\u00e4 parempaa huolta metsist\u00e4mme ja luoda toiveikasta tulevaisuutta&hellip; <a class=\"more-link\" href=\"https:\/\/meidanmetsamme.org\/index.php\/keita-me-olemme\/\">Jatka lukemista <span class=\"screen-reader-text\">Keit\u00e4 me olemme<\/span><\/a><\/p>\n","protected":false},"author":4,"featured_media":0,"parent":0,"menu_order":0,"comment_status":"closed","ping_status":"closed","template":"","meta":{"footnotes":""},"class_list":["post-1710","page","type-page","status-publish","hentry","entry"],"yoast_head":"<!-- This site is optimized with the Yoast SEO plugin v27.3 - https:\/\/yoast.com\/product\/yoast-seo-wordpress\/ -->\n<title>Keit\u00e4 me olemme - MEID\u00c4N METS\u00c4MME \u2011kansalaisliike<\/title>\n<meta name=\"robots\" content=\"index, follow, max-snippet:-1, max-image-preview:large, max-video-preview:-1\" \/>\n<link rel=\"canonical\" href=\"https:\/\/meidanmetsamme.org\/index.php\/keita-me-olemme\/\" \/>\n<meta property=\"og:locale\" content=\"fi_FI\" \/>\n<meta property=\"og:type\" content=\"article\" \/>\n<meta property=\"og:title\" content=\"Keit\u00e4 me olemme - MEID\u00c4N METS\u00c4MME \u2011kansalaisliike\" \/>\n<meta property=\"og:description\" content=\"Meid\u00e4n mets\u00e4mme -kansalaisliike on moninainen joukko Suomen ja maailman metsien tilasta huolestuneita tavallisia aktiivisia kansalaisia. Toimintaa koordinoi ty\u00f6ryhm\u00e4. Olemme huolissamme mets\u00e4luontomme monimuotoisen el\u00e4m\u00e4n k\u00f6yhtymisest\u00e4 ja meneill\u00e4\u00e4n olevasta vakavasta luontokadosta sek\u00e4 yh\u00e4 lis\u00e4\u00e4ntyvist\u00e4 mets\u00e4nhakkuista ja ilmastonmuutoksen etenemist\u00e4. Lue kannanottomme. Haluamme luoda rakentavaa dialogia kaikkien mets\u00e4ihmisten kanssa, jotta voisimme pit\u00e4\u00e4 parempaa huolta metsist\u00e4mme ja luoda toiveikasta tulevaisuutta&hellip; Jatka lukemista Keit\u00e4 me olemme\" \/>\n<meta property=\"og:url\" content=\"https:\/\/meidanmetsamme.org\/index.php\/keita-me-olemme\/\" \/>\n<meta property=\"og:site_name\" content=\"MEID\u00c4N METS\u00c4MME \u2011kansalaisliike\" \/>\n<meta property=\"article:modified_time\" content=\"2024-04-22T10:45:17+00:00\" \/>\n<meta property=\"og:image\" content=\"https:\/\/meidanmetsamme.org\/wp-content\/uploads\/2021\/03\/keita-me-olemme-2.jpeg\" \/>\n\t<meta property=\"og:image:width\" content=\"1632\" \/>\n\t<meta property=\"og:image:height\" content=\"1224\" \/>\n\t<meta property=\"og:image:type\" content=\"image\/jpeg\" \/>\n<meta name=\"twitter:card\" content=\"summary_large_image\" \/>\n<script type=\"application\/ld+json\" class=\"yoast-schema-graph\">{\"@context\":\"https:\\\/\\\/schema.org\",\"@graph\":[{\"@type\":\"WebPage\",\"@id\":\"https:\\\/\\\/meidanmetsamme.org\\\/index.php\\\/keita-me-olemme\\\/\",\"url\":\"https:\\\/\\\/meidanmetsamme.org\\\/index.php\\\/keita-me-olemme\\\/\",\"name\":\"Keit\u00e4 me olemme - MEID\u00c4N METS\u00c4MME \u2011kansalaisliike\",\"isPartOf\":{\"@id\":\"https:\\\/\\\/meidanmetsamme.org\\\/#website\"},\"primaryImageOfPage\":{\"@id\":\"https:\\\/\\\/meidanmetsamme.org\\\/index.php\\\/keita-me-olemme\\\/#primaryimage\"},\"image\":{\"@id\":\"https:\\\/\\\/meidanmetsamme.org\\\/index.php\\\/keita-me-olemme\\\/#primaryimage\"},\"thumbnailUrl\":\"https:\\\/\\\/meidanmetsamme.org\\\/wp-content\\\/uploads\\\/2021\\\/03\\\/keita-me-olemme-2-1024x768.jpeg\",\"datePublished\":\"2021-03-17T16:51:24+00:00\",\"dateModified\":\"2024-04-22T10:45:17+00:00\",\"breadcrumb\":{\"@id\":\"https:\\\/\\\/meidanmetsamme.org\\\/index.php\\\/keita-me-olemme\\\/#breadcrumb\"},\"inLanguage\":\"fi\",\"potentialAction\":[{\"@type\":\"ReadAction\",\"target\":[\"https:\\\/\\\/meidanmetsamme.org\\\/index.php\\\/keita-me-olemme\\\/\"]}]},{\"@type\":\"ImageObject\",\"inLanguage\":\"fi\",\"@id\":\"https:\\\/\\\/meidanmetsamme.org\\\/index.php\\\/keita-me-olemme\\\/#primaryimage\",\"url\":\"https:\\\/\\\/meidanmetsamme.org\\\/wp-content\\\/uploads\\\/2021\\\/03\\\/keita-me-olemme-2.jpeg\",\"contentUrl\":\"https:\\\/\\\/meidanmetsamme.org\\\/wp-content\\\/uploads\\\/2021\\\/03\\\/keita-me-olemme-2.jpeg\",\"width\":1632,\"height\":1224},{\"@type\":\"BreadcrumbList\",\"@id\":\"https:\\\/\\\/meidanmetsamme.org\\\/index.php\\\/keita-me-olemme\\\/#breadcrumb\",\"itemListElement\":[{\"@type\":\"ListItem\",\"position\":1,\"name\":\"Home\",\"item\":\"https:\\\/\\\/meidanmetsamme.org\\\/\"},{\"@type\":\"ListItem\",\"position\":2,\"name\":\"Keit\u00e4 me olemme\"}]},{\"@type\":\"WebSite\",\"@id\":\"https:\\\/\\\/meidanmetsamme.org\\\/#website\",\"url\":\"https:\\\/\\\/meidanmetsamme.org\\\/\",\"name\":\"MEID\u00c4N METS\u00c4MME \u2011kansalaisliike\",\"description\":\"Pidet\u00e4\u00e4n metsist\u00e4mme parempaa huolta\",\"publisher\":{\"@id\":\"https:\\\/\\\/meidanmetsamme.org\\\/#organization\"},\"potentialAction\":[{\"@type\":\"SearchAction\",\"target\":{\"@type\":\"EntryPoint\",\"urlTemplate\":\"https:\\\/\\\/meidanmetsamme.org\\\/?s={search_term_string}\"},\"query-input\":{\"@type\":\"PropertyValueSpecification\",\"valueRequired\":true,\"valueName\":\"search_term_string\"}}],\"inLanguage\":\"fi\"},{\"@type\":\"Organization\",\"@id\":\"https:\\\/\\\/meidanmetsamme.org\\\/#organization\",\"name\":\"MEID\u00c4N METS\u00c4MME \u2011kansalaisliike\",\"url\":\"https:\\\/\\\/meidanmetsamme.org\\\/\",\"logo\":{\"@type\":\"ImageObject\",\"inLanguage\":\"fi\",\"@id\":\"https:\\\/\\\/meidanmetsamme.org\\\/#\\\/schema\\\/logo\\\/image\\\/\",\"url\":\"https:\\\/\\\/meidanmetsamme.org\\\/wp-content\\\/uploads\\\/2019\\\/10\\\/cropped-meidanmetsamme-logo-ellipse-200px.png\",\"contentUrl\":\"https:\\\/\\\/meidanmetsamme.org\\\/wp-content\\\/uploads\\\/2019\\\/10\\\/cropped-meidanmetsamme-logo-ellipse-200px.png\",\"width\":200,\"height\":123,\"caption\":\"MEID\u00c4N METS\u00c4MME \u2011kansalaisliike\"},\"image\":{\"@id\":\"https:\\\/\\\/meidanmetsamme.org\\\/#\\\/schema\\\/logo\\\/image\\\/\"}}]}<\/script>\n<!-- \/ Yoast SEO plugin. -->","yoast_head_json":{"title":"Keit\u00e4 me olemme - MEID\u00c4N METS\u00c4MME \u2011kansalaisliike","robots":{"index":"index","follow":"follow","max-snippet":"max-snippet:-1","max-image-preview":"max-image-preview:large","max-video-preview":"max-video-preview:-1"},"canonical":"https:\/\/meidanmetsamme.org\/index.php\/keita-me-olemme\/","og_locale":"fi_FI","og_type":"article","og_title":"Keit\u00e4 me olemme - MEID\u00c4N METS\u00c4MME \u2011kansalaisliike","og_description":"Meid\u00e4n mets\u00e4mme -kansalaisliike on moninainen joukko Suomen ja maailman metsien tilasta huolestuneita tavallisia aktiivisia kansalaisia. Toimintaa koordinoi ty\u00f6ryhm\u00e4. Olemme huolissamme mets\u00e4luontomme monimuotoisen el\u00e4m\u00e4n k\u00f6yhtymisest\u00e4 ja meneill\u00e4\u00e4n olevasta vakavasta luontokadosta sek\u00e4 yh\u00e4 lis\u00e4\u00e4ntyvist\u00e4 mets\u00e4nhakkuista ja ilmastonmuutoksen etenemist\u00e4. Lue kannanottomme. Haluamme luoda rakentavaa dialogia kaikkien mets\u00e4ihmisten kanssa, jotta voisimme pit\u00e4\u00e4 parempaa huolta metsist\u00e4mme ja luoda toiveikasta tulevaisuutta&hellip; Jatka lukemista Keit\u00e4 me olemme","og_url":"https:\/\/meidanmetsamme.org\/index.php\/keita-me-olemme\/","og_site_name":"MEID\u00c4N METS\u00c4MME \u2011kansalaisliike","article_modified_time":"2024-04-22T10:45:17+00:00","og_image":[{"width":1632,"height":1224,"url":"https:\/\/meidanmetsamme.org\/wp-content\/uploads\/2021\/03\/keita-me-olemme-2.jpeg","type":"image\/jpeg"}],"twitter_card":"summary_large_image","schema":{"@context":"https:\/\/schema.org","@graph":[{"@type":"WebPage","@id":"https:\/\/meidanmetsamme.org\/index.php\/keita-me-olemme\/","url":"https:\/\/meidanmetsamme.org\/index.php\/keita-me-olemme\/","name":"Keit\u00e4 me olemme - MEID\u00c4N METS\u00c4MME \u2011kansalaisliike","isPartOf":{"@id":"https:\/\/meidanmetsamme.org\/#website"},"primaryImageOfPage":{"@id":"https:\/\/meidanmetsamme.org\/index.php\/keita-me-olemme\/#primaryimage"},"image":{"@id":"https:\/\/meidanmetsamme.org\/index.php\/keita-me-olemme\/#primaryimage"},"thumbnailUrl":"https:\/\/meidanmetsamme.org\/wp-content\/uploads\/2021\/03\/keita-me-olemme-2-1024x768.jpeg","datePublished":"2021-03-17T16:51:24+00:00","dateModified":"2024-04-22T10:45:17+00:00","breadcrumb":{"@id":"https:\/\/meidanmetsamme.org\/index.php\/keita-me-olemme\/#breadcrumb"},"inLanguage":"fi","potentialAction":[{"@type":"ReadAction","target":["https:\/\/meidanmetsamme.org\/index.php\/keita-me-olemme\/"]}]},{"@type":"ImageObject","inLanguage":"fi","@id":"https:\/\/meidanmetsamme.org\/index.php\/keita-me-olemme\/#primaryimage","url":"https:\/\/meidanmetsamme.org\/wp-content\/uploads\/2021\/03\/keita-me-olemme-2.jpeg","contentUrl":"https:\/\/meidanmetsamme.org\/wp-content\/uploads\/2021\/03\/keita-me-olemme-2.jpeg","width":1632,"height":1224},{"@type":"BreadcrumbList","@id":"https:\/\/meidanmetsamme.org\/index.php\/keita-me-olemme\/#breadcrumb","itemListElement":[{"@type":"ListItem","position":1,"name":"Home","item":"https:\/\/meidanmetsamme.org\/"},{"@type":"ListItem","position":2,"name":"Keit\u00e4 me olemme"}]},{"@type":"WebSite","@id":"https:\/\/meidanmetsamme.org\/#website","url":"https:\/\/meidanmetsamme.org\/","name":"MEID\u00c4N METS\u00c4MME \u2011kansalaisliike","description":"Pidet\u00e4\u00e4n metsist\u00e4mme parempaa huolta","publisher":{"@id":"https:\/\/meidanmetsamme.org\/#organization"},"potentialAction":[{"@type":"SearchAction","target":{"@type":"EntryPoint","urlTemplate":"https:\/\/meidanmetsamme.org\/?s={search_term_string}"},"query-input":{"@type":"PropertyValueSpecification","valueRequired":true,"valueName":"search_term_string"}}],"inLanguage":"fi"},{"@type":"Organization","@id":"https:\/\/meidanmetsamme.org\/#organization","name":"MEID\u00c4N METS\u00c4MME \u2011kansalaisliike","url":"https:\/\/meidanmetsamme.org\/","logo":{"@type":"ImageObject","inLanguage":"fi","@id":"https:\/\/meidanmetsamme.org\/#\/schema\/logo\/image\/","url":"https:\/\/meidanmetsamme.org\/wp-content\/uploads\/2019\/10\/cropped-meidanmetsamme-logo-ellipse-200px.png","contentUrl":"https:\/\/meidanmetsamme.org\/wp-content\/uploads\/2019\/10\/cropped-meidanmetsamme-logo-ellipse-200px.png","width":200,"height":123,"caption":"MEID\u00c4N METS\u00c4MME \u2011kansalaisliike"},"image":{"@id":"https:\/\/meidanmetsamme.org\/#\/schema\/logo\/image\/"}}]}},"_links":{"self":[{"href":"https:\/\/meidanmetsamme.org\/index.php\/wp-json\/wp\/v2\/pages\/1710","targetHints":{"allow":["GET"]}}],"collection":[{"href":"https:\/\/meidanmetsamme.org\/index.php\/wp-json\/wp\/v2\/pages"}],"about":[{"href":"https:\/\/meidanmetsamme.org\/index.php\/wp-json\/wp\/v2\/types\/page"}],"author":[{"embeddable":true,"href":"https:\/\/meidanmetsamme.org\/index.php\/wp-json\/wp\/v2\/users\/4"}],"replies":[{"embeddable":true,"href":"https:\/\/meidanmetsamme.org\/index.php\/wp-json\/wp\/v2\/comments?post=1710"}],"version-history":[{"count":10,"href":"https:\/\/meidanmetsamme.org\/index.php\/wp-json\/wp\/v2\/pages\/1710\/revisions"}],"predecessor-version":[{"id":2573,"href":"https:\/\/meidanmetsamme.org\/index.php\/wp-json\/wp\/v2\/pages\/1710\/revisions\/2573"}],"wp:attachment":[{"href":"https:\/\/meidanmetsamme.org\/index.php\/wp-json\/wp\/v2\/media?parent=1710"}],"curies":[{"name":"wp","href":"https:\/\/api.w.org\/{rel}","templated":true}]}}