{"id":2210,"date":"2022-07-16T17:33:14","date_gmt":"2022-07-16T14:33:14","guid":{"rendered":"https:\/\/meidanmetsamme.org\/?page_id=2210"},"modified":"2025-06-14T08:11:26","modified_gmt":"2025-06-14T05:11:26","slug":"metsadialogi-keski-suomessa-jamsassa-19-5-2022","status":"publish","type":"page","link":"https:\/\/meidanmetsamme.org\/index.php\/etusivu\/metsadialogit\/metsadialogi-keski-suomessa-jamsassa-19-5-2022\/","title":{"rendered":"Mets\u00e4dialogi Keski-Suomessa J\u00e4ms\u00e4ss\u00e4 19.5.2022"},"content":{"rendered":"\n<figure class=\"wp-block-image size-large\"><img loading=\"lazy\" decoding=\"async\" width=\"1024\" height=\"768\" src=\"https:\/\/meidanmetsamme.org\/wp-content\/uploads\/2022\/06\/Jamsan-dialogin-kuva-2-web-1024x768.jpg\" alt=\"\" class=\"wp-image-2191\" srcset=\"https:\/\/meidanmetsamme.org\/wp-content\/uploads\/2022\/06\/Jamsan-dialogin-kuva-2-web-1024x768.jpg 1024w, https:\/\/meidanmetsamme.org\/wp-content\/uploads\/2022\/06\/Jamsan-dialogin-kuva-2-web-300x225.jpg 300w, https:\/\/meidanmetsamme.org\/wp-content\/uploads\/2022\/06\/Jamsan-dialogin-kuva-2-web-768x576.jpg 768w, https:\/\/meidanmetsamme.org\/wp-content\/uploads\/2022\/06\/Jamsan-dialogin-kuva-2-web-1536x1152.jpg 1536w, https:\/\/meidanmetsamme.org\/wp-content\/uploads\/2022\/06\/Jamsan-dialogin-kuva-2-web-1568x1176.jpg 1568w, https:\/\/meidanmetsamme.org\/wp-content\/uploads\/2022\/06\/Jamsan-dialogin-kuva-2-web.jpg 2016w\" sizes=\"auto, (max-width: 1024px) 100vw, 1024px\" \/><\/figure>\n\n\n\n<p>Yhteisess\u00e4 dialogip\u00e4iv\u00e4ss\u00e4 19.5.2022 l\u00e4sn\u00e4 olivat:<br>Panu Halme \/ Jyv\u00e4skyl\u00e4n yliopisto,<br>Eeva Houtbeckers \/ Aalto-yliopisto,<br>Simo H\u00e4kli \/ Meid\u00e4n mets\u00e4mme-ty\u00f6ryhm\u00e4,<br>Aino Jusl\u00e9n \/ LUOMUS,<br>Hanna Jyske \/ Meid\u00e4n mets\u00e4mme-ty\u00f6ryhm\u00e4,<br>Timo Lehesvirta \/ SITRA,<br>Maarit Loiskekoski \/ Ymp\u00e4rist\u00f6ministeri\u00f6,<br>Marko M\u00e4ki-Hakola \/ MTK,<br>Kristiina Niikkonen \/ Mets\u00e4hallitus,<br>Sami Oksa \/ UPM,<br>Ville Schildt \/ Maa- ja mets\u00e4talousministeri\u00f6.<br>Dialogin fasilitoi Timo J\u00e4rvensivu.<\/p>\n\n\n\n<p>J\u00e4ms\u00e4ss\u00e4 jatkoimme keskustelua siit\u00e4, mik\u00e4 on tilanteemme tarvittavan muutosty\u00f6n osalta<br>ja mitk\u00e4 muutokset ovat riitt\u00e4v\u00e4n syv\u00e4lle menevi\u00e4 mets\u00e4luonnon k\u00f6yhtymisen<br>pys\u00e4ytt\u00e4miseksi ja suunnan k\u00e4\u00e4nt\u00e4miseksi (ekologisesti, poliittisesti, sosiaalisesti,<br>taloudellisesti, psykologisesti).<\/p>\n\n\n\n<p>Aloitimme p\u00e4iv\u00e4n mets\u00e4ss\u00e4. Solisevan puron \u00e4\u00e4rell\u00e4 jaoimme ajatuksiamme ja<br>n\u00e4kemyksi\u00e4mme siit\u00e4, mit\u00e4 mets\u00e4luonnon monimuotoisuutta ja sen k\u00f6yhtymisen juurisyit\u00e4<br>n\u00e4imme ja koimme ymp\u00e4rill\u00e4mme. Huomasimme, ett\u00e4 meit\u00e4 ymp\u00e4r\u00f6iv\u00e4 suojelualue oli<br>vanhaa mutta melko ykstotista kuusimets\u00e4\u00e4, jossa ihmistoiminnan vaikutus<br>monimuotoisuuteen n\u00e4kyy mm. lahopuun v\u00e4hyyten\u00e4. Totesimme, ett\u00e4 monimuotoisuuden<br>kannalta arvokkaimmat mets\u00e4t eiv\u00e4t aina p\u00e4\u00e4dy suojeluun. Toisaalta t\u00e4m\u00e4kin vanha<br>kuusikko saa nyt rauhassa kehitty\u00e4 kohti luonnontilaa.<\/p>\n\n\n\n<p>Maivian tilan tuvassa sijoitimme itsemme ja\/tai edustamamme tahon nelikent\u00e4lle, jonka<br>akselit kuvasivat taloutta ja sen suhdetta luontoon ja kest\u00e4vyyteen sek\u00e4 valtaa, vallank\u00e4ytt\u00f6\u00e4<br>ja muutoksen tekemist\u00e4. Pohdimme janojen mielekkyytt\u00e4 ja merkityst\u00e4, kuten taloutta<br>v\u00e4lineen\u00e4 vs. p\u00e4\u00e4m\u00e4\u00e4r\u00e4n\u00e4, ekologista kest\u00e4vyytt\u00e4 kaiken perustana ja miten sen ymm\u00e4rrys<br>n\u00e4kyy tai ei n\u00e4y yhteiskunnassa ja\/tai organisaatiomme toiminnassa, vallan keskittymi\u00e4 ja<br>hajauttamista, demokratian toimivuutta ekokriisin ratkaisemisessa sek\u00e4 l\u00e4nsimaisen<br>maailmankuvan ja ekologisen kriisin yhteyksi\u00e4.<\/p>\n\n\n\n<p>Puhuimme luottamuksesta, jota dialogisuus mets\u00e4keskustelun osapuolten v\u00e4lille voi<br>rakentaa, ja jota dialogissa my\u00f6s tarvitaan. Sosiaalinen media voi lis\u00e4t\u00e4 julkisena<br>keskustelualustana vuorovaikutukseen avoimuutta ja rehellisyytt\u00e4, mutta toisaalta sen<br>viestinn\u00e4lliset rajoitteet voivat my\u00f6s lis\u00e4t\u00e4 vastakkainasettelua ja v\u00e4\u00e4rinymm\u00e4rryksi\u00e4,<br>vahingossa tai tarkoituksella. Terveemp\u00e4\u00e4n mets\u00e4keskustelukulttuuriin tarvitsemme<br>luottamusta, rehellisyytt\u00e4, avoimuutta. Onko yhteiskunnassamme riitt\u00e4v\u00e4sti mahdollisuuksia<br>ja lupa jakaa tietoa niin organisaatioiden sis\u00e4ll\u00e4 kuin organisaatioista ulos? Nykyist\u00e4<br>terveempi keskustelukulttuuri edist\u00e4isi luontokadon torjumista ja metsien k\u00e4yt\u00f6n sosiaalista<br>kest\u00e4vyytt\u00e4.<\/p>\n\n\n\n<p>Luontokadon torjumisessa meid\u00e4n tulisi siirty\u00e4 luontopositiivisuuteen, jossa ihminen muuttuu<br>luontokadon aiheuttajasta sen est\u00e4j\u00e4ksi ja monimuotoisuuden lis\u00e4\u00e4j\u00e4ksi.<br>Yhdess\u00e4 ajattelun ja yhteisen n\u00e4kemyksen rakentamisen tuloksena muodostui kysymys:<br>Miten voimme edist\u00e4\u00e4 rakentavaa vuoropuhelua, keskustelukulttuuria ja muutosta<br>kohti luontopositiivisuutta?<\/p>\n\n\n\n<p>Kiitos kaikille mukana olleille!<\/p>\n\n\n\n<p>Teksti: Simo H\u00e4kli ja Hanna Jyske<\/p>\n","protected":false},"excerpt":{"rendered":"<p>Yhteisess\u00e4 dialogip\u00e4iv\u00e4ss\u00e4 19.5.2022 l\u00e4sn\u00e4 olivat:Panu Halme \/ Jyv\u00e4skyl\u00e4n yliopisto,Eeva Houtbeckers \/ Aalto-yliopisto,Simo H\u00e4kli \/ Meid\u00e4n mets\u00e4mme-ty\u00f6ryhm\u00e4,Aino Jusl\u00e9n \/ LUOMUS,Hanna Jyske \/ Meid\u00e4n mets\u00e4mme-ty\u00f6ryhm\u00e4,Timo Lehesvirta \/ SITRA,Maarit Loiskekoski \/ Ymp\u00e4rist\u00f6ministeri\u00f6,Marko M\u00e4ki-Hakola \/ MTK,Kristiina Niikkonen \/ Mets\u00e4hallitus,Sami Oksa \/ UPM,Ville Schildt \/ Maa- ja mets\u00e4talousministeri\u00f6.Dialogin fasilitoi Timo J\u00e4rvensivu. J\u00e4ms\u00e4ss\u00e4 jatkoimme keskustelua siit\u00e4, mik\u00e4 on tilanteemme tarvittavan muutosty\u00f6n&hellip; <a class=\"more-link\" href=\"https:\/\/meidanmetsamme.org\/index.php\/etusivu\/metsadialogit\/metsadialogi-keski-suomessa-jamsassa-19-5-2022\/\">Jatka lukemista <span class=\"screen-reader-text\">Mets\u00e4dialogi Keski-Suomessa J\u00e4ms\u00e4ss\u00e4 19.5.2022<\/span><\/a><\/p>\n","protected":false},"author":4,"featured_media":0,"parent":842,"menu_order":0,"comment_status":"closed","ping_status":"closed","template":"","meta":{"footnotes":""},"class_list":["post-2210","page","type-page","status-publish","hentry","entry"],"yoast_head":"<!-- This site is optimized with the Yoast SEO plugin v27.3 - https:\/\/yoast.com\/product\/yoast-seo-wordpress\/ -->\n<title>Mets\u00e4dialogi Keski-Suomessa J\u00e4ms\u00e4ss\u00e4 19.5.2022 - MEID\u00c4N METS\u00c4MME \u2011kansalaisliike<\/title>\n<meta name=\"robots\" content=\"index, follow, max-snippet:-1, max-image-preview:large, max-video-preview:-1\" \/>\n<link rel=\"canonical\" href=\"https:\/\/meidanmetsamme.org\/index.php\/etusivu\/metsadialogit\/metsadialogi-keski-suomessa-jamsassa-19-5-2022\/\" \/>\n<meta property=\"og:locale\" content=\"fi_FI\" \/>\n<meta property=\"og:type\" content=\"article\" \/>\n<meta property=\"og:title\" content=\"Mets\u00e4dialogi Keski-Suomessa J\u00e4ms\u00e4ss\u00e4 19.5.2022 - MEID\u00c4N METS\u00c4MME \u2011kansalaisliike\" \/>\n<meta property=\"og:description\" content=\"Yhteisess\u00e4 dialogip\u00e4iv\u00e4ss\u00e4 19.5.2022 l\u00e4sn\u00e4 olivat:Panu Halme \/ Jyv\u00e4skyl\u00e4n yliopisto,Eeva Houtbeckers \/ Aalto-yliopisto,Simo H\u00e4kli \/ Meid\u00e4n mets\u00e4mme-ty\u00f6ryhm\u00e4,Aino Jusl\u00e9n \/ LUOMUS,Hanna Jyske \/ Meid\u00e4n mets\u00e4mme-ty\u00f6ryhm\u00e4,Timo Lehesvirta \/ SITRA,Maarit Loiskekoski \/ Ymp\u00e4rist\u00f6ministeri\u00f6,Marko M\u00e4ki-Hakola \/ MTK,Kristiina Niikkonen \/ Mets\u00e4hallitus,Sami Oksa \/ UPM,Ville Schildt \/ Maa- ja mets\u00e4talousministeri\u00f6.Dialogin fasilitoi Timo J\u00e4rvensivu. J\u00e4ms\u00e4ss\u00e4 jatkoimme keskustelua siit\u00e4, mik\u00e4 on tilanteemme tarvittavan muutosty\u00f6n&hellip; Jatka lukemista Mets\u00e4dialogi Keski-Suomessa J\u00e4ms\u00e4ss\u00e4 19.5.2022\" \/>\n<meta property=\"og:url\" content=\"https:\/\/meidanmetsamme.org\/index.php\/etusivu\/metsadialogit\/metsadialogi-keski-suomessa-jamsassa-19-5-2022\/\" \/>\n<meta property=\"og:site_name\" content=\"MEID\u00c4N METS\u00c4MME \u2011kansalaisliike\" \/>\n<meta property=\"article:modified_time\" content=\"2025-06-14T05:11:26+00:00\" \/>\n<meta property=\"og:image\" content=\"https:\/\/meidanmetsamme.org\/wp-content\/uploads\/2022\/06\/Jamsan-dialogin-kuva-2-web.jpg\" \/>\n\t<meta property=\"og:image:width\" content=\"2016\" \/>\n\t<meta property=\"og:image:height\" content=\"1512\" \/>\n\t<meta property=\"og:image:type\" content=\"image\/jpeg\" \/>\n<meta name=\"twitter:card\" content=\"summary_large_image\" \/>\n<meta name=\"twitter:label1\" content=\"Arvioitu lukuaika\" \/>\n\t<meta name=\"twitter:data1\" content=\"2 minuuttia\" \/>\n<script type=\"application\/ld+json\" class=\"yoast-schema-graph\">{\"@context\":\"https:\\\/\\\/schema.org\",\"@graph\":[{\"@type\":\"WebPage\",\"@id\":\"https:\\\/\\\/meidanmetsamme.org\\\/index.php\\\/etusivu\\\/metsadialogit\\\/metsadialogi-keski-suomessa-jamsassa-19-5-2022\\\/\",\"url\":\"https:\\\/\\\/meidanmetsamme.org\\\/index.php\\\/etusivu\\\/metsadialogit\\\/metsadialogi-keski-suomessa-jamsassa-19-5-2022\\\/\",\"name\":\"Mets\u00e4dialogi Keski-Suomessa J\u00e4ms\u00e4ss\u00e4 19.5.2022 - MEID\u00c4N METS\u00c4MME \u2011kansalaisliike\",\"isPartOf\":{\"@id\":\"https:\\\/\\\/meidanmetsamme.org\\\/#website\"},\"primaryImageOfPage\":{\"@id\":\"https:\\\/\\\/meidanmetsamme.org\\\/index.php\\\/etusivu\\\/metsadialogit\\\/metsadialogi-keski-suomessa-jamsassa-19-5-2022\\\/#primaryimage\"},\"image\":{\"@id\":\"https:\\\/\\\/meidanmetsamme.org\\\/index.php\\\/etusivu\\\/metsadialogit\\\/metsadialogi-keski-suomessa-jamsassa-19-5-2022\\\/#primaryimage\"},\"thumbnailUrl\":\"https:\\\/\\\/meidanmetsamme.org\\\/wp-content\\\/uploads\\\/2022\\\/06\\\/Jamsan-dialogin-kuva-2-web-1024x768.jpg\",\"datePublished\":\"2022-07-16T14:33:14+00:00\",\"dateModified\":\"2025-06-14T05:11:26+00:00\",\"breadcrumb\":{\"@id\":\"https:\\\/\\\/meidanmetsamme.org\\\/index.php\\\/etusivu\\\/metsadialogit\\\/metsadialogi-keski-suomessa-jamsassa-19-5-2022\\\/#breadcrumb\"},\"inLanguage\":\"fi\",\"potentialAction\":[{\"@type\":\"ReadAction\",\"target\":[\"https:\\\/\\\/meidanmetsamme.org\\\/index.php\\\/etusivu\\\/metsadialogit\\\/metsadialogi-keski-suomessa-jamsassa-19-5-2022\\\/\"]}]},{\"@type\":\"ImageObject\",\"inLanguage\":\"fi\",\"@id\":\"https:\\\/\\\/meidanmetsamme.org\\\/index.php\\\/etusivu\\\/metsadialogit\\\/metsadialogi-keski-suomessa-jamsassa-19-5-2022\\\/#primaryimage\",\"url\":\"https:\\\/\\\/meidanmetsamme.org\\\/wp-content\\\/uploads\\\/2022\\\/06\\\/Jamsan-dialogin-kuva-2-web.jpg\",\"contentUrl\":\"https:\\\/\\\/meidanmetsamme.org\\\/wp-content\\\/uploads\\\/2022\\\/06\\\/Jamsan-dialogin-kuva-2-web.jpg\",\"width\":2016,\"height\":1512},{\"@type\":\"BreadcrumbList\",\"@id\":\"https:\\\/\\\/meidanmetsamme.org\\\/index.php\\\/etusivu\\\/metsadialogit\\\/metsadialogi-keski-suomessa-jamsassa-19-5-2022\\\/#breadcrumb\",\"itemListElement\":[{\"@type\":\"ListItem\",\"position\":1,\"name\":\"Home\",\"item\":\"https:\\\/\\\/meidanmetsamme.org\\\/\"},{\"@type\":\"ListItem\",\"position\":2,\"name\":\"Etusivu\",\"item\":\"https:\\\/\\\/meidanmetsamme.org\\\/\"},{\"@type\":\"ListItem\",\"position\":3,\"name\":\"Mets\u00e4dialogit\",\"item\":\"https:\\\/\\\/meidanmetsamme.org\\\/index.php\\\/etusivu\\\/metsadialogit\\\/\"},{\"@type\":\"ListItem\",\"position\":4,\"name\":\"Mets\u00e4dialogi Keski-Suomessa J\u00e4ms\u00e4ss\u00e4 19.5.2022\"}]},{\"@type\":\"WebSite\",\"@id\":\"https:\\\/\\\/meidanmetsamme.org\\\/#website\",\"url\":\"https:\\\/\\\/meidanmetsamme.org\\\/\",\"name\":\"MEID\u00c4N METS\u00c4MME \u2011kansalaisliike\",\"description\":\"Pidet\u00e4\u00e4n metsist\u00e4mme parempaa huolta\",\"publisher\":{\"@id\":\"https:\\\/\\\/meidanmetsamme.org\\\/#organization\"},\"potentialAction\":[{\"@type\":\"SearchAction\",\"target\":{\"@type\":\"EntryPoint\",\"urlTemplate\":\"https:\\\/\\\/meidanmetsamme.org\\\/?s={search_term_string}\"},\"query-input\":{\"@type\":\"PropertyValueSpecification\",\"valueRequired\":true,\"valueName\":\"search_term_string\"}}],\"inLanguage\":\"fi\"},{\"@type\":\"Organization\",\"@id\":\"https:\\\/\\\/meidanmetsamme.org\\\/#organization\",\"name\":\"MEID\u00c4N METS\u00c4MME \u2011kansalaisliike\",\"url\":\"https:\\\/\\\/meidanmetsamme.org\\\/\",\"logo\":{\"@type\":\"ImageObject\",\"inLanguage\":\"fi\",\"@id\":\"https:\\\/\\\/meidanmetsamme.org\\\/#\\\/schema\\\/logo\\\/image\\\/\",\"url\":\"https:\\\/\\\/meidanmetsamme.org\\\/wp-content\\\/uploads\\\/2019\\\/10\\\/cropped-meidanmetsamme-logo-ellipse-200px.png\",\"contentUrl\":\"https:\\\/\\\/meidanmetsamme.org\\\/wp-content\\\/uploads\\\/2019\\\/10\\\/cropped-meidanmetsamme-logo-ellipse-200px.png\",\"width\":200,\"height\":123,\"caption\":\"MEID\u00c4N METS\u00c4MME \u2011kansalaisliike\"},\"image\":{\"@id\":\"https:\\\/\\\/meidanmetsamme.org\\\/#\\\/schema\\\/logo\\\/image\\\/\"}}]}<\/script>\n<!-- \/ Yoast SEO plugin. -->","yoast_head_json":{"title":"Mets\u00e4dialogi Keski-Suomessa J\u00e4ms\u00e4ss\u00e4 19.5.2022 - MEID\u00c4N METS\u00c4MME \u2011kansalaisliike","robots":{"index":"index","follow":"follow","max-snippet":"max-snippet:-1","max-image-preview":"max-image-preview:large","max-video-preview":"max-video-preview:-1"},"canonical":"https:\/\/meidanmetsamme.org\/index.php\/etusivu\/metsadialogit\/metsadialogi-keski-suomessa-jamsassa-19-5-2022\/","og_locale":"fi_FI","og_type":"article","og_title":"Mets\u00e4dialogi Keski-Suomessa J\u00e4ms\u00e4ss\u00e4 19.5.2022 - MEID\u00c4N METS\u00c4MME \u2011kansalaisliike","og_description":"Yhteisess\u00e4 dialogip\u00e4iv\u00e4ss\u00e4 19.5.2022 l\u00e4sn\u00e4 olivat:Panu Halme \/ Jyv\u00e4skyl\u00e4n yliopisto,Eeva Houtbeckers \/ Aalto-yliopisto,Simo H\u00e4kli \/ Meid\u00e4n mets\u00e4mme-ty\u00f6ryhm\u00e4,Aino Jusl\u00e9n \/ LUOMUS,Hanna Jyske \/ Meid\u00e4n mets\u00e4mme-ty\u00f6ryhm\u00e4,Timo Lehesvirta \/ SITRA,Maarit Loiskekoski \/ Ymp\u00e4rist\u00f6ministeri\u00f6,Marko M\u00e4ki-Hakola \/ MTK,Kristiina Niikkonen \/ Mets\u00e4hallitus,Sami Oksa \/ UPM,Ville Schildt \/ Maa- ja mets\u00e4talousministeri\u00f6.Dialogin fasilitoi Timo J\u00e4rvensivu. J\u00e4ms\u00e4ss\u00e4 jatkoimme keskustelua siit\u00e4, mik\u00e4 on tilanteemme tarvittavan muutosty\u00f6n&hellip; Jatka lukemista Mets\u00e4dialogi Keski-Suomessa J\u00e4ms\u00e4ss\u00e4 19.5.2022","og_url":"https:\/\/meidanmetsamme.org\/index.php\/etusivu\/metsadialogit\/metsadialogi-keski-suomessa-jamsassa-19-5-2022\/","og_site_name":"MEID\u00c4N METS\u00c4MME \u2011kansalaisliike","article_modified_time":"2025-06-14T05:11:26+00:00","og_image":[{"width":2016,"height":1512,"url":"https:\/\/meidanmetsamme.org\/wp-content\/uploads\/2022\/06\/Jamsan-dialogin-kuva-2-web.jpg","type":"image\/jpeg"}],"twitter_card":"summary_large_image","twitter_misc":{"Arvioitu lukuaika":"2 minuuttia"},"schema":{"@context":"https:\/\/schema.org","@graph":[{"@type":"WebPage","@id":"https:\/\/meidanmetsamme.org\/index.php\/etusivu\/metsadialogit\/metsadialogi-keski-suomessa-jamsassa-19-5-2022\/","url":"https:\/\/meidanmetsamme.org\/index.php\/etusivu\/metsadialogit\/metsadialogi-keski-suomessa-jamsassa-19-5-2022\/","name":"Mets\u00e4dialogi Keski-Suomessa J\u00e4ms\u00e4ss\u00e4 19.5.2022 - MEID\u00c4N METS\u00c4MME \u2011kansalaisliike","isPartOf":{"@id":"https:\/\/meidanmetsamme.org\/#website"},"primaryImageOfPage":{"@id":"https:\/\/meidanmetsamme.org\/index.php\/etusivu\/metsadialogit\/metsadialogi-keski-suomessa-jamsassa-19-5-2022\/#primaryimage"},"image":{"@id":"https:\/\/meidanmetsamme.org\/index.php\/etusivu\/metsadialogit\/metsadialogi-keski-suomessa-jamsassa-19-5-2022\/#primaryimage"},"thumbnailUrl":"https:\/\/meidanmetsamme.org\/wp-content\/uploads\/2022\/06\/Jamsan-dialogin-kuva-2-web-1024x768.jpg","datePublished":"2022-07-16T14:33:14+00:00","dateModified":"2025-06-14T05:11:26+00:00","breadcrumb":{"@id":"https:\/\/meidanmetsamme.org\/index.php\/etusivu\/metsadialogit\/metsadialogi-keski-suomessa-jamsassa-19-5-2022\/#breadcrumb"},"inLanguage":"fi","potentialAction":[{"@type":"ReadAction","target":["https:\/\/meidanmetsamme.org\/index.php\/etusivu\/metsadialogit\/metsadialogi-keski-suomessa-jamsassa-19-5-2022\/"]}]},{"@type":"ImageObject","inLanguage":"fi","@id":"https:\/\/meidanmetsamme.org\/index.php\/etusivu\/metsadialogit\/metsadialogi-keski-suomessa-jamsassa-19-5-2022\/#primaryimage","url":"https:\/\/meidanmetsamme.org\/wp-content\/uploads\/2022\/06\/Jamsan-dialogin-kuva-2-web.jpg","contentUrl":"https:\/\/meidanmetsamme.org\/wp-content\/uploads\/2022\/06\/Jamsan-dialogin-kuva-2-web.jpg","width":2016,"height":1512},{"@type":"BreadcrumbList","@id":"https:\/\/meidanmetsamme.org\/index.php\/etusivu\/metsadialogit\/metsadialogi-keski-suomessa-jamsassa-19-5-2022\/#breadcrumb","itemListElement":[{"@type":"ListItem","position":1,"name":"Home","item":"https:\/\/meidanmetsamme.org\/"},{"@type":"ListItem","position":2,"name":"Etusivu","item":"https:\/\/meidanmetsamme.org\/"},{"@type":"ListItem","position":3,"name":"Mets\u00e4dialogit","item":"https:\/\/meidanmetsamme.org\/index.php\/etusivu\/metsadialogit\/"},{"@type":"ListItem","position":4,"name":"Mets\u00e4dialogi Keski-Suomessa J\u00e4ms\u00e4ss\u00e4 19.5.2022"}]},{"@type":"WebSite","@id":"https:\/\/meidanmetsamme.org\/#website","url":"https:\/\/meidanmetsamme.org\/","name":"MEID\u00c4N METS\u00c4MME \u2011kansalaisliike","description":"Pidet\u00e4\u00e4n metsist\u00e4mme parempaa huolta","publisher":{"@id":"https:\/\/meidanmetsamme.org\/#organization"},"potentialAction":[{"@type":"SearchAction","target":{"@type":"EntryPoint","urlTemplate":"https:\/\/meidanmetsamme.org\/?s={search_term_string}"},"query-input":{"@type":"PropertyValueSpecification","valueRequired":true,"valueName":"search_term_string"}}],"inLanguage":"fi"},{"@type":"Organization","@id":"https:\/\/meidanmetsamme.org\/#organization","name":"MEID\u00c4N METS\u00c4MME \u2011kansalaisliike","url":"https:\/\/meidanmetsamme.org\/","logo":{"@type":"ImageObject","inLanguage":"fi","@id":"https:\/\/meidanmetsamme.org\/#\/schema\/logo\/image\/","url":"https:\/\/meidanmetsamme.org\/wp-content\/uploads\/2019\/10\/cropped-meidanmetsamme-logo-ellipse-200px.png","contentUrl":"https:\/\/meidanmetsamme.org\/wp-content\/uploads\/2019\/10\/cropped-meidanmetsamme-logo-ellipse-200px.png","width":200,"height":123,"caption":"MEID\u00c4N METS\u00c4MME \u2011kansalaisliike"},"image":{"@id":"https:\/\/meidanmetsamme.org\/#\/schema\/logo\/image\/"}}]}},"_links":{"self":[{"href":"https:\/\/meidanmetsamme.org\/index.php\/wp-json\/wp\/v2\/pages\/2210","targetHints":{"allow":["GET"]}}],"collection":[{"href":"https:\/\/meidanmetsamme.org\/index.php\/wp-json\/wp\/v2\/pages"}],"about":[{"href":"https:\/\/meidanmetsamme.org\/index.php\/wp-json\/wp\/v2\/types\/page"}],"author":[{"embeddable":true,"href":"https:\/\/meidanmetsamme.org\/index.php\/wp-json\/wp\/v2\/users\/4"}],"replies":[{"embeddable":true,"href":"https:\/\/meidanmetsamme.org\/index.php\/wp-json\/wp\/v2\/comments?post=2210"}],"version-history":[{"count":1,"href":"https:\/\/meidanmetsamme.org\/index.php\/wp-json\/wp\/v2\/pages\/2210\/revisions"}],"predecessor-version":[{"id":2212,"href":"https:\/\/meidanmetsamme.org\/index.php\/wp-json\/wp\/v2\/pages\/2210\/revisions\/2212"}],"up":[{"embeddable":true,"href":"https:\/\/meidanmetsamme.org\/index.php\/wp-json\/wp\/v2\/pages\/842"}],"wp:attachment":[{"href":"https:\/\/meidanmetsamme.org\/index.php\/wp-json\/wp\/v2\/media?parent=2210"}],"curies":[{"name":"wp","href":"https:\/\/api.w.org\/{rel}","templated":true}]}}