{"id":842,"date":"2021-02-02T12:01:00","date_gmt":"2021-02-02T10:01:00","guid":{"rendered":"https:\/\/uusimeidanmetsamme.jlehtinen.net\/?page_id=842"},"modified":"2025-01-15T10:10:23","modified_gmt":"2025-01-15T08:10:23","slug":"metsadialogit","status":"publish","type":"page","link":"https:\/\/meidanmetsamme.org\/index.php\/etusivu\/metsadialogit\/","title":{"rendered":"Mets\u00e4dialogit"},"content":{"rendered":"\n<p>Meid\u00e4n mets\u00e4mme-kannanotto j\u00e4rjestettiin 27.10.2018. T\u00e4m\u00e4n j\u00e4lkeen olemme ottaneet kantaa metsiemme tilaan, sill\u00e4 olemme ymm\u00e4rt\u00e4neet yh\u00e4 selvemmin metsien merkityksen mm. hiilinieluna ja tarpeen n\u00e4hd\u00e4 mets\u00e4t uusin entist\u00e4 monimuotoisemmin silmin. <\/p>\n\n\n\n<p>Olemme j\u00e4rjest\u00e4neet valtakunnallisia ja paikallisia mets\u00e4dialogeja vuodesta 2019 alkaen erilaisten mets\u00e4toimijoiden kesken. <\/p>\n\n\n\n<h2 class=\"wp-block-heading\"><a href=\"https:\/\/meidanmetsamme.org\/index.php\/2023\/08\/30\/miten-saamme-luonnon-elpymaan-nopeammin\/\">Miten saamme luonnon elpym\u00e4\u00e4n nopeammin? Pertteli 18.8.2023<\/a><\/h2>\n\n\n\n<h2 class=\"wp-block-heading\"><a href=\"https:\/\/meidanmetsamme.org\/index.php\/etusivu\/metsadialogit\/osuuskunta-lumimuutoksen-vieraina-pohjois-karjalassa-8-11-5-2023\/\">Osuuskunta Lumimuutoksen vieraina Pohjois-Karjalassa 8.-11.5.2023<\/a><\/h2>\n\n\n\n<h2 class=\"wp-block-heading\"><a href=\"https:\/\/meidanmetsamme.org\/index.php\/muurlan-metsadialogi-22-5-2022\/\">Muurlan mets\u00e4dialogi 22.5.2022<\/a><\/h2>\n\n\n\n<h2 class=\"wp-block-heading\"><a href=\"https:\/\/meidanmetsamme.org\/index.php\/metsadialogi-keski-suomessa-jamsassa-19-5-2022\/\">Mets\u00e4dialogi Keski-Suomessa J\u00e4ms\u00e4ss\u00e4 19.5.2022<\/a><\/h2>\n\n\n\n<h2 class=\"wp-block-heading\"><a href=\"https:\/\/meidanmetsamme.org\/index.php\/metsadialogiaamu-13-1-2022\/\">Mets\u00e4dialogiaamu 13.11.2022<\/a><\/h2>\n\n\n\n<h2 class=\"wp-block-heading\"><a href=\"https:\/\/meidanmetsamme.org\/index.php\/2021\/10\/10\/hyytialan-metsadialogin-lahtokohtana-ekologinen-kestavyys\/\">Hyyti\u00e4l\u00e4n mets\u00e4dialogi 4.-5.10.2021<\/a><\/h2>\n\n\n\n<h2 class=\"wp-block-heading\"><a href=\"https:\/\/meidanmetsamme.org\/index.php\/etusivu\/metsadialogit\/kirkniemen-metsadialogi-22-4-2021\/\">Kirkniemen mets\u00e4dialogi 22.4.2021<\/a><\/h2>\n\n\n\n<h2 class=\"wp-block-heading\">Kolmen kerran mets\u00e4dialogisarja 2020-2021<\/h2>\n\n\n\n<p><a href=\"https:\/\/meidanmetsamme.org\/index.php\/etusivu\/metsadialogit\/metsadialogisarja-3-3\/\">Mets\u00e4dialogisarja 3\/3<\/a> 20.1.2021<\/p>\n\n\n\n<p><a href=\"https:\/\/meidanmetsamme.org\/index.php\/2020\/11\/17\/metsadialogisarja-2-3\/\" data-type=\"post\" data-id=\"785\">Mets\u00e4dialogisarja 2\/3<\/a> 17.11.2020<\/p>\n\n\n\n<p><a href=\"https:\/\/meidanmetsamme.org\/index.php\/2020\/09\/18\/metsadialogisarja-1-3\/\">Mets\u00e4dialogisarja 1\/3<\/a> 18.9.2020<\/p>\n\n\n\n<h2 class=\"wp-block-heading\">Muut dialogit ja tapahtumat<\/h2>\n\n\n\n<p><a href=\"https:\/\/meidanmetsamme.org\/index.php\/2020\/03\/05\/metsadialogit-salon-vaskio\/\" data-type=\"post\">Paikallinen mets\u00e4dialogi, Salon Vaskio<\/a> 5.3.2020<\/p>\n\n\n\n<p><a href=\"https:\/\/meidanmetsamme.org\/index.php\/2020\/01\/24\/metsadialogien-avaus-tiedekulmassa\/\" data-type=\"post\">Mets\u00e4dialogien avaus, Helsinki Tiedekulma&nbsp;<\/a>24.1.2020<\/p>\n\n\n\n<h2 class=\"wp-block-heading\">Mets\u00e4dialogit 2019<\/h2>\n\n\n\n<p><a href=\"https:\/\/meidanmetsamme.org\/index.php\/2019\/12\/18\/metsatavoitteiden-yhteensovittamisdialogi-salon-vaskiolla\/\" data-type=\"post\" data-id=\"683\">Mets\u00e4tavoitteiden yhteensovittamisdialogi, Salon Vaskio<\/a> 18.12.2019<\/p>\n\n\n\n<p><a href=\"https:\/\/meidanmetsamme.org\/index.php\/2019\/09\/24\/metsa-ja-talous-aiheinen-dialogi-lohjalla-24-9-2019\/\" data-type=\"post\">Mets\u00e4- ja talousaiheinen dialogi, Lohja<\/a> 14.9.2019<\/p>\n\n\n\n<p><a href=\"https:\/\/meidanmetsamme.org\/index.php\/2019\/06\/27\/luonnon-monimuotoisuusdialogi-aarnimetsan-siimeksessa-haltialassa\/\" data-type=\"post\">Luonnon monimuotoisuusdialogi aarnimets\u00e4n siimeksess\u00e4, Espoo Haltiala<\/a> 27.6.2019<\/p>\n\n\n\n<p><\/p>\n\n\n\n<div class=\"wp-block-group\"><div class=\"wp-block-group__inner-container is-layout-flow wp-block-group-is-layout-flow\">\n<ul class=\"wp-block-list\"><li><a href=\"https:\/\/meidanmetsamme.org\/wp-content\/uploads\/2025\/05\/Kansalaisten-kannanotto-metsien-puolesta-150525.pdf\" data-type=\"URL\" data-id=\"https:\/\/meidanmetsamme.org\/wp-content\/uploads\/2025\/05\/Kansalaisten-kannanotto-metsien-puolesta-150525.pdf\">Kansalaisten kannanotto metsien puolesta, p\u00e4ivitetty 15.5.2025 &#8211; pdf-tiedosto<\/a><\/li><li><a href=\"https:\/\/meidanmetsamme.org\/wp-content\/uploads\/2024\/04\/Kannanotto-2024.pdf\">Kansalaisten kannanotto metsien puolesta, p\u00e4ivitetty 18.4.2024<\/a> &#8211; pdf-tiedosto<\/li><li><a rel=\"noreferrer noopener\" href=\"https:\/\/meidanmetsamme.org\/wp-content\/uploads\/2022\/02\/MM_kannanotto_3_02_2022.docx\" target=\"_blank\">Meid\u00e4n mets\u00e4mme -kannanotto, p\u00e4ivitetty 3.2.2022<\/a> &#8211; word-tiedosto<\/li><li><a rel=\"noreferrer noopener\" href=\"https:\/\/meidanmetsamme.org\/wp-content\/uploads\/2019\/11\/meidan-metsamme-kannanotto-2019.pdf\" data-type=\"URL\" target=\"_blank\">Meid\u00e4n mets\u00e4mme -kannanotto, p\u00e4ivitetty 29.11.2019<\/a> &#8211; pdf-tiedosto<\/li><li><a rel=\"noreferrer noopener\" href=\"https:\/\/meidanmetsamme.org\/wp-content\/uploads\/2018\/06\/meidan-metsamme-kannanotto-2018.pdf\" target=\"_blank\">Meid\u00e4n mets\u00e4mme &#8211; kannanotto, alkuper\u00e4inen, 27.10.2018<\/a> &#8211; pdf-tiedosto<\/li><\/ul>\n<\/div><\/div>\n\n\n\n<div class=\"wp-block-group\"><div class=\"wp-block-group__inner-container is-layout-flow wp-block-group-is-layout-flow\">\n<div class=\"wp-block-group\"><div class=\"wp-block-group__inner-container is-layout-flow wp-block-group-is-layout-flow\">\n<div class=\"wp-block-group\"><div class=\"wp-block-group__inner-container is-layout-flow wp-block-group-is-layout-flow\">\n<p><\/p>\n<\/div><\/div>\n\n\n\n<h2 class=\"wp-block-heading\">Paikallisen mets\u00e4dialogin suunnittelu<\/h2>\n\n\n\n<ul class=\"wp-block-list\"><li><a href=\"https:\/\/meidanmetsamme.org\/wp-content\/uploads\/2020\/05\/Paikallinen-METS\u00c4DIALOGI.pdf\" target=\"_blank\" rel=\"noreferrer noopener\">Kansalaisen toimintaohje mets\u00e4dialogin j\u00e4rjest\u00e4miseksi<\/a> 12.5.2020 &#8211; pdf-tiedosto<\/li><\/ul>\n\n\n\n<ul class=\"wp-block-list\"><li><a href=\"https:\/\/meidanmetsamme.org\/wp-content\/uploads\/2020\/05\/Dialogisuudesta-31.12.2018.pdf\" target=\"_blank\" rel=\"noreferrer noopener\">Dialogisuuden periaatteista<\/a> 31.12.2018 &#8211; pdf-tiedosto<\/li><\/ul>\n\n\n\n<p><\/p>\n<\/div><\/div>\n<\/div><\/div>\n","protected":false},"excerpt":{"rendered":"<p>Meid\u00e4n mets\u00e4mme-kannanotto j\u00e4rjestettiin 27.10.2018. T\u00e4m\u00e4n j\u00e4lkeen olemme ottaneet kantaa metsiemme tilaan, sill\u00e4 olemme ymm\u00e4rt\u00e4neet yh\u00e4 selvemmin metsien merkityksen mm. hiilinieluna ja tarpeen n\u00e4hd\u00e4 mets\u00e4t uusin entist\u00e4 monimuotoisemmin silmin. Olemme j\u00e4rjest\u00e4neet valtakunnallisia ja paikallisia mets\u00e4dialogeja vuodesta 2019 alkaen erilaisten mets\u00e4toimijoiden kesken. Miten saamme luonnon elpym\u00e4\u00e4n nopeammin? Pertteli 18.8.2023 Osuuskunta Lumimuutoksen vieraina Pohjois-Karjalassa 8.-11.5.2023 Muurlan mets\u00e4dialogi 22.5.2022&hellip; <a class=\"more-link\" href=\"https:\/\/meidanmetsamme.org\/index.php\/etusivu\/metsadialogit\/\">Jatka lukemista <span class=\"screen-reader-text\">Mets\u00e4dialogit<\/span><\/a><\/p>\n","protected":false},"author":4,"featured_media":649,"parent":861,"menu_order":0,"comment_status":"closed","ping_status":"closed","template":"","meta":{"footnotes":""},"class_list":["post-842","page","type-page","status-publish","has-post-thumbnail","hentry","entry"],"yoast_head":"<!-- This site is optimized with the Yoast SEO plugin v27.3 - https:\/\/yoast.com\/product\/yoast-seo-wordpress\/ -->\n<title>Mets\u00e4dialogit - MEID\u00c4N METS\u00c4MME \u2011kansalaisliike<\/title>\n<meta name=\"robots\" content=\"index, follow, max-snippet:-1, max-image-preview:large, max-video-preview:-1\" \/>\n<link rel=\"canonical\" href=\"https:\/\/meidanmetsamme.org\/index.php\/etusivu\/metsadialogit\/\" \/>\n<meta property=\"og:locale\" content=\"fi_FI\" \/>\n<meta property=\"og:type\" content=\"article\" \/>\n<meta property=\"og:title\" content=\"Mets\u00e4dialogit - MEID\u00c4N METS\u00c4MME \u2011kansalaisliike\" \/>\n<meta property=\"og:description\" content=\"Meid\u00e4n mets\u00e4mme-kannanotto j\u00e4rjestettiin 27.10.2018. T\u00e4m\u00e4n j\u00e4lkeen olemme ottaneet kantaa metsiemme tilaan, sill\u00e4 olemme ymm\u00e4rt\u00e4neet yh\u00e4 selvemmin metsien merkityksen mm. hiilinieluna ja tarpeen n\u00e4hd\u00e4 mets\u00e4t uusin entist\u00e4 monimuotoisemmin silmin. Olemme j\u00e4rjest\u00e4neet valtakunnallisia ja paikallisia mets\u00e4dialogeja vuodesta 2019 alkaen erilaisten mets\u00e4toimijoiden kesken. Miten saamme luonnon elpym\u00e4\u00e4n nopeammin? Pertteli 18.8.2023 Osuuskunta Lumimuutoksen vieraina Pohjois-Karjalassa 8.-11.5.2023 Muurlan mets\u00e4dialogi 22.5.2022&hellip; Jatka lukemista Mets\u00e4dialogit\" \/>\n<meta property=\"og:url\" content=\"https:\/\/meidanmetsamme.org\/index.php\/etusivu\/metsadialogit\/\" \/>\n<meta property=\"og:site_name\" content=\"MEID\u00c4N METS\u00c4MME \u2011kansalaisliike\" \/>\n<meta property=\"article:modified_time\" content=\"2025-01-15T08:10:23+00:00\" \/>\n<meta property=\"og:image\" content=\"https:\/\/meidanmetsamme.org\/wp-content\/uploads\/2019\/10\/IMG_3243.jpg\" \/>\n\t<meta property=\"og:image:width\" content=\"1280\" \/>\n\t<meta property=\"og:image:height\" content=\"853\" \/>\n\t<meta property=\"og:image:type\" content=\"image\/jpeg\" \/>\n<meta name=\"twitter:card\" content=\"summary_large_image\" \/>\n<meta name=\"twitter:label1\" content=\"Arvioitu lukuaika\" \/>\n\t<meta name=\"twitter:data1\" content=\"1 minuutti\" \/>\n<script type=\"application\/ld+json\" class=\"yoast-schema-graph\">{\"@context\":\"https:\\\/\\\/schema.org\",\"@graph\":[{\"@type\":\"WebPage\",\"@id\":\"https:\\\/\\\/meidanmetsamme.org\\\/index.php\\\/etusivu\\\/metsadialogit\\\/\",\"url\":\"https:\\\/\\\/meidanmetsamme.org\\\/index.php\\\/etusivu\\\/metsadialogit\\\/\",\"name\":\"Mets\u00e4dialogit - MEID\u00c4N METS\u00c4MME \u2011kansalaisliike\",\"isPartOf\":{\"@id\":\"https:\\\/\\\/meidanmetsamme.org\\\/#website\"},\"primaryImageOfPage\":{\"@id\":\"https:\\\/\\\/meidanmetsamme.org\\\/index.php\\\/etusivu\\\/metsadialogit\\\/#primaryimage\"},\"image\":{\"@id\":\"https:\\\/\\\/meidanmetsamme.org\\\/index.php\\\/etusivu\\\/metsadialogit\\\/#primaryimage\"},\"thumbnailUrl\":\"https:\\\/\\\/meidanmetsamme.org\\\/wp-content\\\/uploads\\\/2019\\\/10\\\/IMG_3243.jpg\",\"datePublished\":\"2021-02-02T10:01:00+00:00\",\"dateModified\":\"2025-01-15T08:10:23+00:00\",\"breadcrumb\":{\"@id\":\"https:\\\/\\\/meidanmetsamme.org\\\/index.php\\\/etusivu\\\/metsadialogit\\\/#breadcrumb\"},\"inLanguage\":\"fi\",\"potentialAction\":[{\"@type\":\"ReadAction\",\"target\":[\"https:\\\/\\\/meidanmetsamme.org\\\/index.php\\\/etusivu\\\/metsadialogit\\\/\"]}]},{\"@type\":\"ImageObject\",\"inLanguage\":\"fi\",\"@id\":\"https:\\\/\\\/meidanmetsamme.org\\\/index.php\\\/etusivu\\\/metsadialogit\\\/#primaryimage\",\"url\":\"https:\\\/\\\/meidanmetsamme.org\\\/wp-content\\\/uploads\\\/2019\\\/10\\\/IMG_3243.jpg\",\"contentUrl\":\"https:\\\/\\\/meidanmetsamme.org\\\/wp-content\\\/uploads\\\/2019\\\/10\\\/IMG_3243.jpg\",\"width\":1280,\"height\":853,\"caption\":\"Kuva: ty\u00f6ryhm\u00e4n arkisto\"},{\"@type\":\"BreadcrumbList\",\"@id\":\"https:\\\/\\\/meidanmetsamme.org\\\/index.php\\\/etusivu\\\/metsadialogit\\\/#breadcrumb\",\"itemListElement\":[{\"@type\":\"ListItem\",\"position\":1,\"name\":\"Home\",\"item\":\"https:\\\/\\\/meidanmetsamme.org\\\/\"},{\"@type\":\"ListItem\",\"position\":2,\"name\":\"Etusivu\",\"item\":\"https:\\\/\\\/meidanmetsamme.org\\\/\"},{\"@type\":\"ListItem\",\"position\":3,\"name\":\"Mets\u00e4dialogit\"}]},{\"@type\":\"WebSite\",\"@id\":\"https:\\\/\\\/meidanmetsamme.org\\\/#website\",\"url\":\"https:\\\/\\\/meidanmetsamme.org\\\/\",\"name\":\"MEID\u00c4N METS\u00c4MME \u2011kansalaisliike\",\"description\":\"Pidet\u00e4\u00e4n metsist\u00e4mme parempaa huolta\",\"publisher\":{\"@id\":\"https:\\\/\\\/meidanmetsamme.org\\\/#organization\"},\"potentialAction\":[{\"@type\":\"SearchAction\",\"target\":{\"@type\":\"EntryPoint\",\"urlTemplate\":\"https:\\\/\\\/meidanmetsamme.org\\\/?s={search_term_string}\"},\"query-input\":{\"@type\":\"PropertyValueSpecification\",\"valueRequired\":true,\"valueName\":\"search_term_string\"}}],\"inLanguage\":\"fi\"},{\"@type\":\"Organization\",\"@id\":\"https:\\\/\\\/meidanmetsamme.org\\\/#organization\",\"name\":\"MEID\u00c4N METS\u00c4MME \u2011kansalaisliike\",\"url\":\"https:\\\/\\\/meidanmetsamme.org\\\/\",\"logo\":{\"@type\":\"ImageObject\",\"inLanguage\":\"fi\",\"@id\":\"https:\\\/\\\/meidanmetsamme.org\\\/#\\\/schema\\\/logo\\\/image\\\/\",\"url\":\"https:\\\/\\\/meidanmetsamme.org\\\/wp-content\\\/uploads\\\/2019\\\/10\\\/cropped-meidanmetsamme-logo-ellipse-200px.png\",\"contentUrl\":\"https:\\\/\\\/meidanmetsamme.org\\\/wp-content\\\/uploads\\\/2019\\\/10\\\/cropped-meidanmetsamme-logo-ellipse-200px.png\",\"width\":200,\"height\":123,\"caption\":\"MEID\u00c4N METS\u00c4MME \u2011kansalaisliike\"},\"image\":{\"@id\":\"https:\\\/\\\/meidanmetsamme.org\\\/#\\\/schema\\\/logo\\\/image\\\/\"}}]}<\/script>\n<!-- \/ Yoast SEO plugin. -->","yoast_head_json":{"title":"Mets\u00e4dialogit - MEID\u00c4N METS\u00c4MME \u2011kansalaisliike","robots":{"index":"index","follow":"follow","max-snippet":"max-snippet:-1","max-image-preview":"max-image-preview:large","max-video-preview":"max-video-preview:-1"},"canonical":"https:\/\/meidanmetsamme.org\/index.php\/etusivu\/metsadialogit\/","og_locale":"fi_FI","og_type":"article","og_title":"Mets\u00e4dialogit - MEID\u00c4N METS\u00c4MME \u2011kansalaisliike","og_description":"Meid\u00e4n mets\u00e4mme-kannanotto j\u00e4rjestettiin 27.10.2018. T\u00e4m\u00e4n j\u00e4lkeen olemme ottaneet kantaa metsiemme tilaan, sill\u00e4 olemme ymm\u00e4rt\u00e4neet yh\u00e4 selvemmin metsien merkityksen mm. hiilinieluna ja tarpeen n\u00e4hd\u00e4 mets\u00e4t uusin entist\u00e4 monimuotoisemmin silmin. Olemme j\u00e4rjest\u00e4neet valtakunnallisia ja paikallisia mets\u00e4dialogeja vuodesta 2019 alkaen erilaisten mets\u00e4toimijoiden kesken. Miten saamme luonnon elpym\u00e4\u00e4n nopeammin? Pertteli 18.8.2023 Osuuskunta Lumimuutoksen vieraina Pohjois-Karjalassa 8.-11.5.2023 Muurlan mets\u00e4dialogi 22.5.2022&hellip; Jatka lukemista Mets\u00e4dialogit","og_url":"https:\/\/meidanmetsamme.org\/index.php\/etusivu\/metsadialogit\/","og_site_name":"MEID\u00c4N METS\u00c4MME \u2011kansalaisliike","article_modified_time":"2025-01-15T08:10:23+00:00","og_image":[{"width":1280,"height":853,"url":"https:\/\/meidanmetsamme.org\/wp-content\/uploads\/2019\/10\/IMG_3243.jpg","type":"image\/jpeg"}],"twitter_card":"summary_large_image","twitter_misc":{"Arvioitu lukuaika":"1 minuutti"},"schema":{"@context":"https:\/\/schema.org","@graph":[{"@type":"WebPage","@id":"https:\/\/meidanmetsamme.org\/index.php\/etusivu\/metsadialogit\/","url":"https:\/\/meidanmetsamme.org\/index.php\/etusivu\/metsadialogit\/","name":"Mets\u00e4dialogit - MEID\u00c4N METS\u00c4MME \u2011kansalaisliike","isPartOf":{"@id":"https:\/\/meidanmetsamme.org\/#website"},"primaryImageOfPage":{"@id":"https:\/\/meidanmetsamme.org\/index.php\/etusivu\/metsadialogit\/#primaryimage"},"image":{"@id":"https:\/\/meidanmetsamme.org\/index.php\/etusivu\/metsadialogit\/#primaryimage"},"thumbnailUrl":"https:\/\/meidanmetsamme.org\/wp-content\/uploads\/2019\/10\/IMG_3243.jpg","datePublished":"2021-02-02T10:01:00+00:00","dateModified":"2025-01-15T08:10:23+00:00","breadcrumb":{"@id":"https:\/\/meidanmetsamme.org\/index.php\/etusivu\/metsadialogit\/#breadcrumb"},"inLanguage":"fi","potentialAction":[{"@type":"ReadAction","target":["https:\/\/meidanmetsamme.org\/index.php\/etusivu\/metsadialogit\/"]}]},{"@type":"ImageObject","inLanguage":"fi","@id":"https:\/\/meidanmetsamme.org\/index.php\/etusivu\/metsadialogit\/#primaryimage","url":"https:\/\/meidanmetsamme.org\/wp-content\/uploads\/2019\/10\/IMG_3243.jpg","contentUrl":"https:\/\/meidanmetsamme.org\/wp-content\/uploads\/2019\/10\/IMG_3243.jpg","width":1280,"height":853,"caption":"Kuva: ty\u00f6ryhm\u00e4n arkisto"},{"@type":"BreadcrumbList","@id":"https:\/\/meidanmetsamme.org\/index.php\/etusivu\/metsadialogit\/#breadcrumb","itemListElement":[{"@type":"ListItem","position":1,"name":"Home","item":"https:\/\/meidanmetsamme.org\/"},{"@type":"ListItem","position":2,"name":"Etusivu","item":"https:\/\/meidanmetsamme.org\/"},{"@type":"ListItem","position":3,"name":"Mets\u00e4dialogit"}]},{"@type":"WebSite","@id":"https:\/\/meidanmetsamme.org\/#website","url":"https:\/\/meidanmetsamme.org\/","name":"MEID\u00c4N METS\u00c4MME \u2011kansalaisliike","description":"Pidet\u00e4\u00e4n metsist\u00e4mme parempaa huolta","publisher":{"@id":"https:\/\/meidanmetsamme.org\/#organization"},"potentialAction":[{"@type":"SearchAction","target":{"@type":"EntryPoint","urlTemplate":"https:\/\/meidanmetsamme.org\/?s={search_term_string}"},"query-input":{"@type":"PropertyValueSpecification","valueRequired":true,"valueName":"search_term_string"}}],"inLanguage":"fi"},{"@type":"Organization","@id":"https:\/\/meidanmetsamme.org\/#organization","name":"MEID\u00c4N METS\u00c4MME \u2011kansalaisliike","url":"https:\/\/meidanmetsamme.org\/","logo":{"@type":"ImageObject","inLanguage":"fi","@id":"https:\/\/meidanmetsamme.org\/#\/schema\/logo\/image\/","url":"https:\/\/meidanmetsamme.org\/wp-content\/uploads\/2019\/10\/cropped-meidanmetsamme-logo-ellipse-200px.png","contentUrl":"https:\/\/meidanmetsamme.org\/wp-content\/uploads\/2019\/10\/cropped-meidanmetsamme-logo-ellipse-200px.png","width":200,"height":123,"caption":"MEID\u00c4N METS\u00c4MME \u2011kansalaisliike"},"image":{"@id":"https:\/\/meidanmetsamme.org\/#\/schema\/logo\/image\/"}}]}},"_links":{"self":[{"href":"https:\/\/meidanmetsamme.org\/index.php\/wp-json\/wp\/v2\/pages\/842","targetHints":{"allow":["GET"]}}],"collection":[{"href":"https:\/\/meidanmetsamme.org\/index.php\/wp-json\/wp\/v2\/pages"}],"about":[{"href":"https:\/\/meidanmetsamme.org\/index.php\/wp-json\/wp\/v2\/types\/page"}],"author":[{"embeddable":true,"href":"https:\/\/meidanmetsamme.org\/index.php\/wp-json\/wp\/v2\/users\/4"}],"replies":[{"embeddable":true,"href":"https:\/\/meidanmetsamme.org\/index.php\/wp-json\/wp\/v2\/comments?post=842"}],"version-history":[{"count":79,"href":"https:\/\/meidanmetsamme.org\/index.php\/wp-json\/wp\/v2\/pages\/842\/revisions"}],"predecessor-version":[{"id":2675,"href":"https:\/\/meidanmetsamme.org\/index.php\/wp-json\/wp\/v2\/pages\/842\/revisions\/2675"}],"up":[{"embeddable":true,"href":"https:\/\/meidanmetsamme.org\/index.php\/wp-json\/wp\/v2\/pages\/861"}],"wp:featuredmedia":[{"embeddable":true,"href":"https:\/\/meidanmetsamme.org\/index.php\/wp-json\/wp\/v2\/media\/649"}],"wp:attachment":[{"href":"https:\/\/meidanmetsamme.org\/index.php\/wp-json\/wp\/v2\/media?parent=842"}],"curies":[{"name":"wp","href":"https:\/\/api.w.org\/{rel}","templated":true}]}}