{"id":861,"date":"2021-02-02T13:37:49","date_gmt":"2021-02-02T11:37:49","guid":{"rendered":"https:\/\/uusimeidanmetsamme.jlehtinen.net\/?page_id=861"},"modified":"2025-04-20T07:27:31","modified_gmt":"2025-04-20T04:27:31","slug":"etusivu","status":"publish","type":"page","link":"https:\/\/meidanmetsamme.org\/","title":{"rendered":"Etusivu"},"content":{"rendered":"\n<div class=\"wp-block-columns is-layout-flex wp-container-core-columns-is-layout-9d6595d7 wp-block-columns-is-layout-flex\">\n<div class=\"wp-block-column is-layout-flow wp-block-column-is-layout-flow\">\n<h2 class=\"wp-block-heading\">Ajankohtaista<\/h2>\n\n\n<ul class=\"wp-block-latest-posts__list has-dates is-style-twentytwentyone-latest-posts-borders wp-block-latest-posts\"><li><div class=\"wp-block-latest-posts__featured-image alignleft\"><img loading=\"lazy\" decoding=\"async\" width=\"150\" height=\"150\" src=\"https:\/\/meidanmetsamme.org\/wp-content\/uploads\/2026\/01\/Lintuja-Lonnemossa-1-150x150.jpg\" class=\"attachment-thumbnail size-thumbnail wp-post-image\" alt=\"\" style=\"width:100%;height:66.17%;max-width:1280px;\" \/><\/div><a class=\"wp-block-latest-posts__post-title\" href=\"https:\/\/meidanmetsamme.org\/index.php\/2026\/02\/05\/kiitos\/\">Kiitos!<\/a><time datetime=\"2026-02-05T20:21:00+02:00\" class=\"wp-block-latest-posts__post-date\">5.2.2026<\/time><div class=\"wp-block-latest-posts__post-excerpt\">Eeva-Stiina L\u00f6nnemon muistomets\u00e4ker\u00e4ys on p\u00e4\u00e4ttynyt. Luonnonperint\u00f6s\u00e4\u00e4ti\u00f6n ker\u00e4ys ja tilisiirrot tuottivat yhteens\u00e4 27 380 euroa &#8211; l\u00e4mmin kiitos kaikille lahjoittajille! Eeva-Stiinan&hellip; <a class=\"more-link\" href=\"https:\/\/meidanmetsamme.org\/index.php\/2026\/02\/05\/kiitos\/\">Jatka lukemista <span class=\"screen-reader-text\">Kiitos!<\/span><\/a><\/div><\/li>\n<li><div class=\"wp-block-latest-posts__featured-image alignleft\"><img loading=\"lazy\" decoding=\"async\" width=\"150\" height=\"150\" src=\"https:\/\/meidanmetsamme.org\/wp-content\/uploads\/2025\/12\/Homotiainen_2-150x150.jpg\" class=\"attachment-thumbnail size-thumbnail wp-post-image\" alt=\"\" style=\"width:100%;height:66.25%;max-width:1280px;\" \/><\/div><a class=\"wp-block-latest-posts__post-title\" href=\"https:\/\/meidanmetsamme.org\/index.php\/2025\/12\/10\/joululahja-metsassa-elaville\/\">Joululahja mets\u00e4ss\u00e4 el\u00e4ville<\/a><time datetime=\"2025-12-10T14:09:00+02:00\" class=\"wp-block-latest-posts__post-date\">10.12.2025<\/time><div class=\"wp-block-latest-posts__post-excerpt\">Eeva-Stiinan muistomets\u00e4ker\u00e4yksen loppukiriin osallistumalla annat joululahjan mets\u00e4ss\u00e4 el\u00e4ville! Eeva-Stiina L\u00f6nnemon muistomets\u00e4 tullaan perustamaan h\u00e4nen L\u00f6nnemo-kotitilansa viereen mets\u00e4kaistaleelle, jota h\u00e4n yritti&hellip; <a class=\"more-link\" href=\"https:\/\/meidanmetsamme.org\/index.php\/2025\/12\/10\/joululahja-metsassa-elaville\/\">Jatka lukemista <span class=\"screen-reader-text\">Joululahja mets\u00e4ss\u00e4 el\u00e4ville<\/span><\/a><\/div><\/li>\n<li><a class=\"wp-block-latest-posts__post-title\" href=\"https:\/\/meidanmetsamme.org\/index.php\/2025\/11\/08\/tallenne-maa-metsa-ja-talous-keskustelusta-on-julkaistu\/\">Tallenne Maa, mets\u00e4 ja talous -keskustelusta on julkaistu<\/a><time datetime=\"2025-11-08T10:14:36+02:00\" class=\"wp-block-latest-posts__post-date\">8.11.2025<\/time><div class=\"wp-block-latest-posts__post-excerpt\">Videotallenne Helsingiss\u00e4 ke 8.10.2025 pidetyst\u00e4 Maa, mets\u00e4 ja talous -keskustelusta Eeva-Stiina L\u00f6nnemon muistoksi on katseltavissa. Videotallenteen on koonnut Staffan S\u00f6derlund.&hellip; <a class=\"more-link\" href=\"https:\/\/meidanmetsamme.org\/index.php\/2025\/11\/08\/tallenne-maa-metsa-ja-talous-keskustelusta-on-julkaistu\/\">Jatka lukemista <span class=\"screen-reader-text\">Tallenne Maa, mets\u00e4 ja talous -keskustelusta on julkaistu<\/span><\/a><\/div><\/li>\n<\/ul>\n\n\n<p><\/p>\n<\/div>\n\n\n\n<div class=\"wp-block-column is-layout-flow wp-block-column-is-layout-flow\">\n<h2 class=\"wp-block-heading\">Meid\u00e4n mets\u00e4mme somessa<\/h2>\n\n\n\n<div style=\"margin-bottom: 20px;\">\n<a href=\"https:\/\/bsky.app\/profile\/mmetsamme.bsky.social\" target=\"_blank\" rel=\"noopener\"><img decoding=\"async\" alt=\"Bluesky\" src=\"\/wp-content\/uploads\/2025\/03\/bluesky_media_kit_logo_1_rounded_48x48.png\" style=\"width: 48px; height: 48px; display: inline-block;\"><\/a>\n<a href=\"https:\/\/www.facebook.com\/MMetsamme\" target=\"_blank\" rel=\"noopener\"><img decoding=\"async\" src=\"\/wp-content\/uploads\/2021\/02\/f_logo_RGB-Blue_100.png\" alt=\"Facebook\" style=\"width: 48px; height: 48px; display: inline-block; margin-left: 12px;\"><\/a>\n<a href=\"https:\/\/www.instagram.com\/mmetsamme\/\" target=\"_blank\" rel=\"noopener\"><img decoding=\"async\" src=\"\/wp-content\/uploads\/2021\/02\/instagram_logo.png\" alt=\"Instagram\" style=\"width: 48px; height: 48px; display: inline-block; margin-left: 12px;\"><\/a>\n<\/div>\n\n\n\n<p>Osallistu keskusteluun aihetunnisteella: #meid\u00e4nmets\u00e4mme. Liity s\u00e4hk\u00f6postilistallemme l\u00e4hett\u00e4m\u00e4ll\u00e4 pyynt\u00f6 osoitteeseen meidanmetsamme (at) gmail.com<\/p>\n\n\n\n<p><\/p>\n\n\n\n<script type=\"module\" src=\"https:\/\/cdn.jsdelivr.net\/npm\/bsky-embed\/dist\/bsky-embed.es.js\" async=\"\"><\/script>\n  <bsky-embed username=\"mmetsamme.bsky.social\" limit=\"2\" link-target=\"_blank\" style=\"font-size: 75%\">\n  <\/bsky-embed>\n\n\n\n<p><\/p>\n<\/div>\n<\/div>\n\n\n\n<div class=\"wp-block-columns is-layout-flex wp-container-core-columns-is-layout-9d6595d7 wp-block-columns-is-layout-flex\">\n<div class=\"wp-block-column is-layout-flow wp-block-column-is-layout-flow\">\n<div class=\"wp-block-group\"><div class=\"wp-block-group__inner-container is-layout-flow wp-block-group-is-layout-flow\">\n<h2 class=\"wp-block-heading\">Keit\u00e4 me olemme<\/h2>\n\n\n\n<figure class=\"wp-block-image size-large is-style-rounded\"><img loading=\"lazy\" decoding=\"async\" width=\"1632\" height=\"1092\" src=\"https:\/\/meidanmetsamme.org\/wp-content\/uploads\/2021\/03\/kukkuu_2-1-edited.jpg\" alt=\"\" class=\"wp-image-1651\" srcset=\"https:\/\/meidanmetsamme.org\/wp-content\/uploads\/2021\/03\/kukkuu_2-1-edited.jpg 1632w, https:\/\/meidanmetsamme.org\/wp-content\/uploads\/2021\/03\/kukkuu_2-1-edited-300x201.jpg 300w, https:\/\/meidanmetsamme.org\/wp-content\/uploads\/2021\/03\/kukkuu_2-1-edited-1024x685.jpg 1024w, https:\/\/meidanmetsamme.org\/wp-content\/uploads\/2021\/03\/kukkuu_2-1-edited-768x514.jpg 768w, https:\/\/meidanmetsamme.org\/wp-content\/uploads\/2021\/03\/kukkuu_2-1-edited-1536x1028.jpg 1536w, https:\/\/meidanmetsamme.org\/wp-content\/uploads\/2021\/03\/kukkuu_2-1-edited-1568x1049.jpg 1568w\" sizes=\"auto, (max-width: 1632px) 100vw, 1632px\" \/><figcaption>Kansalaisliikkeemme koostuu metsi\u00e4 vaalivista ihmisist\u00e4. <\/figcaption><\/figure>\n\n\n\n<p class=\"has-text-align-center\"><a href=\"https:\/\/meidanmetsamme.org\/index.php\/keita-me-olemme\/\">Lue lis\u00e4\u00e4<\/a><\/p>\n<\/div><\/div>\n<\/div>\n\n\n\n<div class=\"wp-block-column is-layout-flow wp-block-column-is-layout-flow\">\n<div class=\"wp-block-group\"><div class=\"wp-block-group__inner-container is-layout-flow wp-block-group-is-layout-flow\">\n<h2 class=\"wp-block-heading\">Vaikuttamisty\u00f6mme<\/h2>\n\n\n\n<figure class=\"wp-block-image size-large is-style-rounded\"><img loading=\"lazy\" decoding=\"async\" width=\"1024\" height=\"682\" src=\"https:\/\/meidanmetsamme.org\/wp-content\/uploads\/2019\/10\/IMG_3260-1024x682.jpg\" alt=\"Luonnon mets\u00e4\" class=\"wp-image-652\" srcset=\"https:\/\/meidanmetsamme.org\/wp-content\/uploads\/2019\/10\/IMG_3260-1024x682.jpg 1024w, https:\/\/meidanmetsamme.org\/wp-content\/uploads\/2019\/10\/IMG_3260-300x200.jpg 300w, https:\/\/meidanmetsamme.org\/wp-content\/uploads\/2019\/10\/IMG_3260-768x512.jpg 768w, https:\/\/meidanmetsamme.org\/wp-content\/uploads\/2019\/10\/IMG_3260.jpg 1280w\" sizes=\"auto, (max-width: 1024px) 100vw, 1024px\" \/><figcaption>Kannanotto, lausunnot, vetoomukset ja tiedotteet. <\/figcaption><\/figure>\n\n\n\n<p class=\"has-text-align-center\"><a href=\"https:\/\/meidanmetsamme.org\/index.php\/etusivu\/vaikuttamistyomme\/\" data-type=\"page\">Lue lis\u00e4\u00e4<\/a><\/p>\n<\/div><\/div>\n<\/div>\n\n\n\n<div class=\"wp-block-column is-layout-flow wp-block-column-is-layout-flow\">\n<div class=\"wp-block-group\"><div class=\"wp-block-group__inner-container is-layout-flow wp-block-group-is-layout-flow\">\n<h2 class=\"wp-block-heading\">Mets\u00e4dialogit<\/h2>\n\n\n\n<figure class=\"wp-block-image size-large is-style-rounded\"><img loading=\"lazy\" decoding=\"async\" width=\"711\" height=\"480\" src=\"https:\/\/meidanmetsamme.org\/wp-content\/uploads\/2020\/10\/IMG_8019-3-Small.jpg\" alt=\"\" class=\"wp-image-767\" srcset=\"https:\/\/meidanmetsamme.org\/wp-content\/uploads\/2020\/10\/IMG_8019-3-Small.jpg 711w, https:\/\/meidanmetsamme.org\/wp-content\/uploads\/2020\/10\/IMG_8019-3-Small-300x203.jpg 300w\" sizes=\"auto, (max-width: 711px) 100vw, 711px\" \/><figcaption>Mets\u00e4dialogeissa k\u00e4yd\u00e4\u00e4n keskustelua mets\u00e4luonnosta. <\/figcaption><\/figure>\n\n\n\n<p class=\"has-text-align-center\"><a href=\"https:\/\/meidanmetsamme.org\/index.php\/etusivu\/metsadialogit\/\" data-type=\"page\">Lue lis\u00e4\u00e4<\/a><\/p>\n<\/div><\/div>\n<\/div>\n<\/div>\n\n\n\n<div class=\"wp-block-columns is-layout-flex wp-container-core-columns-is-layout-9d6595d7 wp-block-columns-is-layout-flex\">\n<div class=\"wp-block-column is-layout-flow wp-block-column-is-layout-flow\">\n<div class=\"wp-block-group\"><div class=\"wp-block-group__inner-container is-layout-flow wp-block-group-is-layout-flow\">\n<div class=\"wp-block-group\"><div class=\"wp-block-group__inner-container is-layout-flow wp-block-group-is-layout-flow\">\n<h2 class=\"wp-block-heading\">Seurakuntien mets\u00e4t<\/h2>\n\n\n\n<figure class=\"wp-block-image size-large is-style-rounded\"><img loading=\"lazy\" decoding=\"async\" width=\"857\" height=\"644\" src=\"https:\/\/meidanmetsamme.org\/wp-content\/uploads\/2021\/03\/salonluonnonmetsa-edited-1.jpg\" alt=\"Mets\u00e4kuva\" class=\"wp-image-1654\" srcset=\"https:\/\/meidanmetsamme.org\/wp-content\/uploads\/2021\/03\/salonluonnonmetsa-edited-1.jpg 857w, https:\/\/meidanmetsamme.org\/wp-content\/uploads\/2021\/03\/salonluonnonmetsa-edited-1-300x225.jpg 300w, https:\/\/meidanmetsamme.org\/wp-content\/uploads\/2021\/03\/salonluonnonmetsa-edited-1-768x577.jpg 768w\" sizes=\"auto, (max-width: 857px) 100vw, 857px\" \/><figcaption>Seurakuntien metsien monimuotoisuus on turvattava.<\/figcaption><\/figure>\n\n\n\n<p class=\"has-text-align-center\"><a href=\"https:\/\/meidanmetsamme.org\/index.php\/etusivu\/vaikuttamistyomme\/seurakuntien-metsat\/\" data-type=\"page\">Lue lis\u00e4\u00e4<\/a><\/p>\n<\/div><\/div>\n<\/div><\/div>\n<\/div>\n\n\n\n<div class=\"wp-block-column is-layout-flow wp-block-column-is-layout-flow\">\n<div class=\"wp-block-group\"><div class=\"wp-block-group__inner-container is-layout-flow wp-block-group-is-layout-flow\">\n<h2 class=\"wp-block-heading\">Toimintaohjeita<\/h2>\n\n\n\n<figure class=\"wp-block-image size-large is-style-rounded\"><img loading=\"lazy\" decoding=\"async\" width=\"800\" height=\"600\" src=\"https:\/\/meidanmetsamme.org\/wp-content\/uploads\/2021\/03\/tikka.jpeg\" alt=\"\" class=\"wp-image-1634\" srcset=\"https:\/\/meidanmetsamme.org\/wp-content\/uploads\/2021\/03\/tikka.jpeg 800w, https:\/\/meidanmetsamme.org\/wp-content\/uploads\/2021\/03\/tikka-300x225.jpeg 300w, https:\/\/meidanmetsamme.org\/wp-content\/uploads\/2021\/03\/tikka-768x576.jpeg 768w\" sizes=\"auto, (max-width: 800px) 100vw, 800px\" \/><figcaption>Me kaikki voimme toimia metsien puolesta. <\/figcaption><\/figure>\n\n\n\n<p class=\"has-text-align-center\"><a href=\"https:\/\/meidanmetsamme.org\/index.php\/etusivu\/toimintaohjeita\/\">Lue lis\u00e4\u00e4<\/a><\/p>\n<\/div><\/div>\n<\/div>\n\n\n\n<div class=\"wp-block-column is-layout-flow wp-block-column-is-layout-flow\">\n<div class=\"wp-block-group\"><div class=\"wp-block-group__inner-container is-layout-flow wp-block-group-is-layout-flow\">\n<h2 class=\"wp-block-heading\">Mets\u00e4tietoa<\/h2>\n\n\n\n<figure class=\"wp-block-image size-large is-style-rounded\"><img loading=\"lazy\" decoding=\"async\" width=\"1024\" height=\"768\" src=\"https:\/\/meidanmetsamme.org\/wp-content\/uploads\/2020\/03\/ilmastokokous-1024x768.jpg\" alt=\"\" class=\"wp-image-719\" srcset=\"https:\/\/meidanmetsamme.org\/wp-content\/uploads\/2020\/03\/ilmastokokous-1024x768.jpg 1024w, https:\/\/meidanmetsamme.org\/wp-content\/uploads\/2020\/03\/ilmastokokous-300x225.jpg 300w, https:\/\/meidanmetsamme.org\/wp-content\/uploads\/2020\/03\/ilmastokokous-768x576.jpg 768w, https:\/\/meidanmetsamme.org\/wp-content\/uploads\/2020\/03\/ilmastokokous.jpg 1200w\" sizes=\"auto, (max-width: 1024px) 100vw, 1024px\" \/><figcaption>Mets\u00e4n tilasta kertovia raportteja, tutkimuksia ja muuta tietoa.<\/figcaption><\/figure>\n\n\n\n<p class=\"has-text-align-center\"><a href=\"https:\/\/meidanmetsamme.org\/index.php\/etusivu\/metsatietoa\/\">Lue lis\u00e4\u00e4<\/a><\/p>\n<\/div><\/div>\n<\/div>\n<\/div>\n\n\n\n<div class=\"wp-block-columns is-layout-flex wp-container-core-columns-is-layout-9d6595d7 wp-block-columns-is-layout-flex\">\n<div class=\"wp-block-column is-layout-flow wp-block-column-is-layout-flow\"><\/div>\n<\/div>\n","protected":false},"excerpt":{"rendered":"<p>Ajankohtaista Meid\u00e4n mets\u00e4mme somessa Osallistu keskusteluun aihetunnisteella: #meid\u00e4nmets\u00e4mme. Liity s\u00e4hk\u00f6postilistallemme l\u00e4hett\u00e4m\u00e4ll\u00e4 pyynt\u00f6 osoitteeseen meidanmetsamme (at) gmail.com Keit\u00e4 me olemme Lue lis\u00e4\u00e4 Vaikuttamisty\u00f6mme Lue lis\u00e4\u00e4 Mets\u00e4dialogit Lue lis\u00e4\u00e4 Seurakuntien mets\u00e4t Lue lis\u00e4\u00e4 Toimintaohjeita Lue lis\u00e4\u00e4 Mets\u00e4tietoa Lue lis\u00e4\u00e4<\/p>\n","protected":false},"author":3,"featured_media":0,"parent":0,"menu_order":0,"comment_status":"closed","ping_status":"closed","template":"","meta":{"footnotes":""},"class_list":["post-861","page","type-page","status-publish","hentry","entry"],"yoast_head":"<!-- This site is optimized with the Yoast SEO plugin v27.3 - https:\/\/yoast.com\/product\/yoast-seo-wordpress\/ -->\n<title>Etusivu - MEID\u00c4N METS\u00c4MME \u2011kansalaisliike<\/title>\n<meta name=\"robots\" content=\"index, follow, max-snippet:-1, max-image-preview:large, max-video-preview:-1\" \/>\n<link rel=\"canonical\" href=\"https:\/\/meidanmetsamme.org\/\" \/>\n<meta property=\"og:locale\" content=\"fi_FI\" \/>\n<meta property=\"og:type\" content=\"article\" \/>\n<meta property=\"og:title\" content=\"Etusivu - MEID\u00c4N METS\u00c4MME \u2011kansalaisliike\" \/>\n<meta property=\"og:description\" content=\"Ajankohtaista Meid\u00e4n mets\u00e4mme somessa Osallistu keskusteluun aihetunnisteella: #meid\u00e4nmets\u00e4mme. Liity s\u00e4hk\u00f6postilistallemme l\u00e4hett\u00e4m\u00e4ll\u00e4 pyynt\u00f6 osoitteeseen meidanmetsamme (at) gmail.com Keit\u00e4 me olemme Lue lis\u00e4\u00e4 Vaikuttamisty\u00f6mme Lue lis\u00e4\u00e4 Mets\u00e4dialogit Lue lis\u00e4\u00e4 Seurakuntien mets\u00e4t Lue lis\u00e4\u00e4 Toimintaohjeita Lue lis\u00e4\u00e4 Mets\u00e4tietoa Lue lis\u00e4\u00e4\" \/>\n<meta property=\"og:url\" content=\"https:\/\/meidanmetsamme.org\/\" \/>\n<meta property=\"og:site_name\" content=\"MEID\u00c4N METS\u00c4MME \u2011kansalaisliike\" \/>\n<meta property=\"article:modified_time\" content=\"2025-04-20T04:27:31+00:00\" \/>\n<meta property=\"og:image\" content=\"https:\/\/meidanmetsamme.org\/wp-content\/uploads\/2021\/03\/kukkuu_2-1-edited.jpg\" \/>\n<meta name=\"twitter:card\" content=\"summary_large_image\" \/>\n<script type=\"application\/ld+json\" class=\"yoast-schema-graph\">{\"@context\":\"https:\\\/\\\/schema.org\",\"@graph\":[{\"@type\":\"WebPage\",\"@id\":\"https:\\\/\\\/meidanmetsamme.org\\\/\",\"url\":\"https:\\\/\\\/meidanmetsamme.org\\\/\",\"name\":\"Etusivu - MEID\u00c4N METS\u00c4MME \u2011kansalaisliike\",\"isPartOf\":{\"@id\":\"https:\\\/\\\/meidanmetsamme.org\\\/#website\"},\"primaryImageOfPage\":{\"@id\":\"https:\\\/\\\/meidanmetsamme.org\\\/#primaryimage\"},\"image\":{\"@id\":\"https:\\\/\\\/meidanmetsamme.org\\\/#primaryimage\"},\"thumbnailUrl\":\"https:\\\/\\\/meidanmetsamme.org\\\/wp-content\\\/uploads\\\/2021\\\/03\\\/kukkuu_2-1-edited.jpg\",\"datePublished\":\"2021-02-02T11:37:49+00:00\",\"dateModified\":\"2025-04-20T04:27:31+00:00\",\"breadcrumb\":{\"@id\":\"https:\\\/\\\/meidanmetsamme.org\\\/#breadcrumb\"},\"inLanguage\":\"fi\",\"potentialAction\":[{\"@type\":\"ReadAction\",\"target\":[\"https:\\\/\\\/meidanmetsamme.org\\\/\"]}]},{\"@type\":\"ImageObject\",\"inLanguage\":\"fi\",\"@id\":\"https:\\\/\\\/meidanmetsamme.org\\\/#primaryimage\",\"url\":\"https:\\\/\\\/meidanmetsamme.org\\\/wp-content\\\/uploads\\\/2021\\\/03\\\/kukkuu_2-1-edited.jpg\",\"contentUrl\":\"https:\\\/\\\/meidanmetsamme.org\\\/wp-content\\\/uploads\\\/2021\\\/03\\\/kukkuu_2-1-edited.jpg\",\"width\":1632,\"height\":1092},{\"@type\":\"BreadcrumbList\",\"@id\":\"https:\\\/\\\/meidanmetsamme.org\\\/#breadcrumb\",\"itemListElement\":[{\"@type\":\"ListItem\",\"position\":1,\"name\":\"Home\",\"item\":\"https:\\\/\\\/meidanmetsamme.org\\\/\"},{\"@type\":\"ListItem\",\"position\":2,\"name\":\"Etusivu\"}]},{\"@type\":\"WebSite\",\"@id\":\"https:\\\/\\\/meidanmetsamme.org\\\/#website\",\"url\":\"https:\\\/\\\/meidanmetsamme.org\\\/\",\"name\":\"MEID\u00c4N METS\u00c4MME \u2011kansalaisliike\",\"description\":\"Pidet\u00e4\u00e4n metsist\u00e4mme parempaa huolta\",\"publisher\":{\"@id\":\"https:\\\/\\\/meidanmetsamme.org\\\/#organization\"},\"potentialAction\":[{\"@type\":\"SearchAction\",\"target\":{\"@type\":\"EntryPoint\",\"urlTemplate\":\"https:\\\/\\\/meidanmetsamme.org\\\/?s={search_term_string}\"},\"query-input\":{\"@type\":\"PropertyValueSpecification\",\"valueRequired\":true,\"valueName\":\"search_term_string\"}}],\"inLanguage\":\"fi\"},{\"@type\":\"Organization\",\"@id\":\"https:\\\/\\\/meidanmetsamme.org\\\/#organization\",\"name\":\"MEID\u00c4N METS\u00c4MME \u2011kansalaisliike\",\"url\":\"https:\\\/\\\/meidanmetsamme.org\\\/\",\"logo\":{\"@type\":\"ImageObject\",\"inLanguage\":\"fi\",\"@id\":\"https:\\\/\\\/meidanmetsamme.org\\\/#\\\/schema\\\/logo\\\/image\\\/\",\"url\":\"https:\\\/\\\/meidanmetsamme.org\\\/wp-content\\\/uploads\\\/2019\\\/10\\\/cropped-meidanmetsamme-logo-ellipse-200px.png\",\"contentUrl\":\"https:\\\/\\\/meidanmetsamme.org\\\/wp-content\\\/uploads\\\/2019\\\/10\\\/cropped-meidanmetsamme-logo-ellipse-200px.png\",\"width\":200,\"height\":123,\"caption\":\"MEID\u00c4N METS\u00c4MME \u2011kansalaisliike\"},\"image\":{\"@id\":\"https:\\\/\\\/meidanmetsamme.org\\\/#\\\/schema\\\/logo\\\/image\\\/\"}}]}<\/script>\n<!-- \/ Yoast SEO plugin. -->","yoast_head_json":{"title":"Etusivu - MEID\u00c4N METS\u00c4MME \u2011kansalaisliike","robots":{"index":"index","follow":"follow","max-snippet":"max-snippet:-1","max-image-preview":"max-image-preview:large","max-video-preview":"max-video-preview:-1"},"canonical":"https:\/\/meidanmetsamme.org\/","og_locale":"fi_FI","og_type":"article","og_title":"Etusivu - MEID\u00c4N METS\u00c4MME \u2011kansalaisliike","og_description":"Ajankohtaista Meid\u00e4n mets\u00e4mme somessa Osallistu keskusteluun aihetunnisteella: #meid\u00e4nmets\u00e4mme. Liity s\u00e4hk\u00f6postilistallemme l\u00e4hett\u00e4m\u00e4ll\u00e4 pyynt\u00f6 osoitteeseen meidanmetsamme (at) gmail.com Keit\u00e4 me olemme Lue lis\u00e4\u00e4 Vaikuttamisty\u00f6mme Lue lis\u00e4\u00e4 Mets\u00e4dialogit Lue lis\u00e4\u00e4 Seurakuntien mets\u00e4t Lue lis\u00e4\u00e4 Toimintaohjeita Lue lis\u00e4\u00e4 Mets\u00e4tietoa Lue lis\u00e4\u00e4","og_url":"https:\/\/meidanmetsamme.org\/","og_site_name":"MEID\u00c4N METS\u00c4MME \u2011kansalaisliike","article_modified_time":"2025-04-20T04:27:31+00:00","og_image":[{"url":"https:\/\/meidanmetsamme.org\/wp-content\/uploads\/2021\/03\/kukkuu_2-1-edited.jpg","type":"","width":"","height":""}],"twitter_card":"summary_large_image","schema":{"@context":"https:\/\/schema.org","@graph":[{"@type":"WebPage","@id":"https:\/\/meidanmetsamme.org\/","url":"https:\/\/meidanmetsamme.org\/","name":"Etusivu - MEID\u00c4N METS\u00c4MME \u2011kansalaisliike","isPartOf":{"@id":"https:\/\/meidanmetsamme.org\/#website"},"primaryImageOfPage":{"@id":"https:\/\/meidanmetsamme.org\/#primaryimage"},"image":{"@id":"https:\/\/meidanmetsamme.org\/#primaryimage"},"thumbnailUrl":"https:\/\/meidanmetsamme.org\/wp-content\/uploads\/2021\/03\/kukkuu_2-1-edited.jpg","datePublished":"2021-02-02T11:37:49+00:00","dateModified":"2025-04-20T04:27:31+00:00","breadcrumb":{"@id":"https:\/\/meidanmetsamme.org\/#breadcrumb"},"inLanguage":"fi","potentialAction":[{"@type":"ReadAction","target":["https:\/\/meidanmetsamme.org\/"]}]},{"@type":"ImageObject","inLanguage":"fi","@id":"https:\/\/meidanmetsamme.org\/#primaryimage","url":"https:\/\/meidanmetsamme.org\/wp-content\/uploads\/2021\/03\/kukkuu_2-1-edited.jpg","contentUrl":"https:\/\/meidanmetsamme.org\/wp-content\/uploads\/2021\/03\/kukkuu_2-1-edited.jpg","width":1632,"height":1092},{"@type":"BreadcrumbList","@id":"https:\/\/meidanmetsamme.org\/#breadcrumb","itemListElement":[{"@type":"ListItem","position":1,"name":"Home","item":"https:\/\/meidanmetsamme.org\/"},{"@type":"ListItem","position":2,"name":"Etusivu"}]},{"@type":"WebSite","@id":"https:\/\/meidanmetsamme.org\/#website","url":"https:\/\/meidanmetsamme.org\/","name":"MEID\u00c4N METS\u00c4MME \u2011kansalaisliike","description":"Pidet\u00e4\u00e4n metsist\u00e4mme parempaa huolta","publisher":{"@id":"https:\/\/meidanmetsamme.org\/#organization"},"potentialAction":[{"@type":"SearchAction","target":{"@type":"EntryPoint","urlTemplate":"https:\/\/meidanmetsamme.org\/?s={search_term_string}"},"query-input":{"@type":"PropertyValueSpecification","valueRequired":true,"valueName":"search_term_string"}}],"inLanguage":"fi"},{"@type":"Organization","@id":"https:\/\/meidanmetsamme.org\/#organization","name":"MEID\u00c4N METS\u00c4MME \u2011kansalaisliike","url":"https:\/\/meidanmetsamme.org\/","logo":{"@type":"ImageObject","inLanguage":"fi","@id":"https:\/\/meidanmetsamme.org\/#\/schema\/logo\/image\/","url":"https:\/\/meidanmetsamme.org\/wp-content\/uploads\/2019\/10\/cropped-meidanmetsamme-logo-ellipse-200px.png","contentUrl":"https:\/\/meidanmetsamme.org\/wp-content\/uploads\/2019\/10\/cropped-meidanmetsamme-logo-ellipse-200px.png","width":200,"height":123,"caption":"MEID\u00c4N METS\u00c4MME \u2011kansalaisliike"},"image":{"@id":"https:\/\/meidanmetsamme.org\/#\/schema\/logo\/image\/"}}]}},"_links":{"self":[{"href":"https:\/\/meidanmetsamme.org\/index.php\/wp-json\/wp\/v2\/pages\/861","targetHints":{"allow":["GET"]}}],"collection":[{"href":"https:\/\/meidanmetsamme.org\/index.php\/wp-json\/wp\/v2\/pages"}],"about":[{"href":"https:\/\/meidanmetsamme.org\/index.php\/wp-json\/wp\/v2\/types\/page"}],"author":[{"embeddable":true,"href":"https:\/\/meidanmetsamme.org\/index.php\/wp-json\/wp\/v2\/users\/3"}],"replies":[{"embeddable":true,"href":"https:\/\/meidanmetsamme.org\/index.php\/wp-json\/wp\/v2\/comments?post=861"}],"version-history":[{"count":101,"href":"https:\/\/meidanmetsamme.org\/index.php\/wp-json\/wp\/v2\/pages\/861\/revisions"}],"predecessor-version":[{"id":2695,"href":"https:\/\/meidanmetsamme.org\/index.php\/wp-json\/wp\/v2\/pages\/861\/revisions\/2695"}],"wp:attachment":[{"href":"https:\/\/meidanmetsamme.org\/index.php\/wp-json\/wp\/v2\/media?parent=861"}],"curies":[{"name":"wp","href":"https:\/\/api.w.org\/{rel}","templated":true}]}}