{"id":873,"date":"2021-02-03T11:12:21","date_gmt":"2021-02-03T09:12:21","guid":{"rendered":"https:\/\/uusimeidanmetsamme.jlehtinen.net\/?page_id=873"},"modified":"2026-02-05T20:17:23","modified_gmt":"2026-02-05T18:17:23","slug":"tyoryhma","status":"publish","type":"page","link":"https:\/\/meidanmetsamme.org\/index.php\/keita-me-olemme\/tyoryhma\/","title":{"rendered":"Ty\u00f6ryhm\u00e4"},"content":{"rendered":"\n<h2 class=\"wp-block-heading\">Meid\u00e4n mets\u00e4mme -ty\u00f6ryhm\u00e4<\/h2>\n\n\n\n<div class=\"wp-block-columns is-layout-flex wp-container-core-columns-is-layout-9d6595d7 wp-block-columns-is-layout-flex\">\n<div class=\"wp-block-column is-layout-flow wp-block-column-is-layout-flow\" style=\"flex-basis:33.33%\">\n<figure class=\"wp-block-image size-large\"><img loading=\"lazy\" decoding=\"async\" width=\"578\" height=\"616\" src=\"https:\/\/meidanmetsamme.org\/wp-content\/uploads\/2025\/06\/Makaan-metsassa-1.jpg\" alt=\"\" class=\"wp-image-2740\" srcset=\"https:\/\/meidanmetsamme.org\/wp-content\/uploads\/2025\/06\/Makaan-metsassa-1.jpg 578w, https:\/\/meidanmetsamme.org\/wp-content\/uploads\/2025\/06\/Makaan-metsassa-1-281x300.jpg 281w\" sizes=\"auto, (max-width: 578px) 100vw, 578px\" \/><\/figure>\n<\/div>\n\n\n\n<div class=\"wp-block-column is-layout-flow wp-block-column-is-layout-flow\" style=\"flex-basis:66.66%\">\n<p><strong>Sini Holopainen<\/strong> on innostunut hitaammasta, luonnonl\u00e4heisemm\u00e4st\u00e4 el\u00e4m\u00e4st\u00e4. H\u00e4nt\u00e4 kutsuu el\u00e4m\u00e4n suojelu, omavaraisuustaitojen opettelu ja luontoyhteyden vahvistaminen. T\u00e4ll\u00e4 hetkell\u00e4 h\u00e4n ty\u00f6skentelee Helsingin yliopiston kest\u00e4vyystieteen instituutissa (HELSUS) Koneen s\u00e4\u00e4ti\u00f6n rahoittamassa hankkeessa, jossa luodaan yhteyksi\u00e4 kest\u00e4vyystieteen ja median v\u00e4lill\u00e4.<\/p>\n<\/div>\n<\/div>\n\n\n\n<div class=\"wp-block-columns is-layout-flex wp-container-core-columns-is-layout-9d6595d7 wp-block-columns-is-layout-flex\">\n<div class=\"wp-block-column is-layout-flow wp-block-column-is-layout-flow\" style=\"flex-basis:33.33%\">\n<figure class=\"wp-block-image size-large is-style-rounded\"><img loading=\"lazy\" decoding=\"async\" width=\"1024\" height=\"684\" src=\"https:\/\/meidanmetsamme.org\/wp-content\/uploads\/2021\/03\/EevaH-2-1024x684.jpg\" alt=\"\" class=\"wp-image-1674\" srcset=\"https:\/\/meidanmetsamme.org\/wp-content\/uploads\/2021\/03\/EevaH-2-1024x684.jpg 1024w, https:\/\/meidanmetsamme.org\/wp-content\/uploads\/2021\/03\/EevaH-2-300x200.jpg 300w, https:\/\/meidanmetsamme.org\/wp-content\/uploads\/2021\/03\/EevaH-2-768x513.jpg 768w, https:\/\/meidanmetsamme.org\/wp-content\/uploads\/2021\/03\/EevaH-2-1536x1025.jpg 1536w, https:\/\/meidanmetsamme.org\/wp-content\/uploads\/2021\/03\/EevaH-2-1568x1047.jpg 1568w, https:\/\/meidanmetsamme.org\/wp-content\/uploads\/2021\/03\/EevaH-2.jpg 1730w\" sizes=\"auto, (max-width: 1024px) 100vw, 1024px\" \/><\/figure>\n<\/div>\n\n\n\n<div class=\"wp-block-column is-layout-flow wp-block-column-is-layout-flow\" style=\"flex-basis:66.66%\">\n<p><strong>Eeva Houtbeckers<\/strong>, KTT, tutkii taloutta, ty\u00f6t\u00e4 ja toimeentuloa kasvutalouden j\u00e4lkeen sek\u00e4 toimii kohtuusliikkeess\u00e4. Globaalissa pohjoisessa mets\u00e4t ovat osa taloutta, ty\u00f6t\u00e4 ja toimeentuloa, mutta ekologisen kriisin aikana kaikki on murroksessa. Siksi tarvitsemme vuoropuhelua.<\/p>\n<\/div>\n<\/div>\n\n\n\n<div class=\"wp-block-columns is-layout-flex wp-container-core-columns-is-layout-9d6595d7 wp-block-columns-is-layout-flex\">\n<div class=\"wp-block-column is-layout-flow wp-block-column-is-layout-flow\" style=\"flex-basis:33.33%\">\n<figure class=\"wp-block-image size-large is-style-rounded\"><img loading=\"lazy\" decoding=\"async\" width=\"1024\" height=\"768\" src=\"https:\/\/meidanmetsamme.org\/wp-content\/uploads\/2021\/03\/Eeva-Stiina-4-1024x768.jpg\" alt=\"\" class=\"wp-image-1677\" srcset=\"https:\/\/meidanmetsamme.org\/wp-content\/uploads\/2021\/03\/Eeva-Stiina-4-1024x768.jpg 1024w, https:\/\/meidanmetsamme.org\/wp-content\/uploads\/2021\/03\/Eeva-Stiina-4-300x225.jpg 300w, https:\/\/meidanmetsamme.org\/wp-content\/uploads\/2021\/03\/Eeva-Stiina-4-768x576.jpg 768w, https:\/\/meidanmetsamme.org\/wp-content\/uploads\/2021\/03\/Eeva-Stiina-4-1536x1152.jpg 1536w, https:\/\/meidanmetsamme.org\/wp-content\/uploads\/2021\/03\/Eeva-Stiina-4-1568x1176.jpg 1568w, https:\/\/meidanmetsamme.org\/wp-content\/uploads\/2021\/03\/Eeva-Stiina-4.jpg 1632w\" sizes=\"auto, (max-width: 1024px) 100vw, 1024px\" \/><\/figure>\n<\/div>\n\n\n\n<div class=\"wp-block-column is-layout-flow wp-block-column-is-layout-flow\" style=\"flex-basis:66.66%\">\n<p><strong>Eeva-Stiina L\u00f6nnemo<\/strong> (1959\u20132024), oli Meid\u00e4n mets\u00e4mme -kansalaisliikkeen perustajaj\u00e4sen, aktiivinen ty\u00f6ryhm\u00e4n j\u00e4sen ja mets\u00e4dialogien p\u00e4\u00e4arkkitehti. H\u00e4nen vakaumuksensa, innokkuutensa ja diplomatiataitonsa ansiosta vuosina 2019\u20132023 syntyi t\u00e4rke\u00e4 ja monipuolinen mets\u00e4keskustelu ja -verkosto. <\/p>\n\n\n\n<p>Eeva-Stiina oli omien sanojensa mukaan pienimuotoisen luonnonmukaisen maael\u00e4m\u00e4n el\u00e4j\u00e4, mets\u00e4n ja muun luonnon intohimoinen yst\u00e4v\u00e4 ja aktiivinen maailmanparantaja. <\/p>\n\n\n\n<p><a href=\"https:\/\/luonnonperintosaatio.fi\/eeva-stiina-lonnemon-muistometsa-suojellaan-salon-perttelissa\/\" target=\"_blank\" rel=\"noreferrer noopener\">Eeva-Stiinan muistomets\u00e4<\/a><\/p>\n\n\n\n<p>Kiitos Eeva-Stiina, kaipaamme sinua ja kunnioitamme muistoasi!<\/p>\n<\/div>\n<\/div>\n\n\n\n<div class=\"wp-block-columns is-layout-flex wp-container-core-columns-is-layout-9d6595d7 wp-block-columns-is-layout-flex\">\n<div class=\"wp-block-column is-layout-flow wp-block-column-is-layout-flow\" style=\"flex-basis:33.33%\">\n<figure class=\"wp-block-image size-large is-style-rounded\"><img loading=\"lazy\" decoding=\"async\" width=\"1024\" height=\"768\" src=\"https:\/\/meidanmetsamme.org\/wp-content\/uploads\/2021\/03\/Paula-2-1024x768.jpeg\" alt=\"\" class=\"wp-image-1657\" srcset=\"https:\/\/meidanmetsamme.org\/wp-content\/uploads\/2021\/03\/Paula-2-1024x768.jpeg 1024w, https:\/\/meidanmetsamme.org\/wp-content\/uploads\/2021\/03\/Paula-2-300x225.jpeg 300w, https:\/\/meidanmetsamme.org\/wp-content\/uploads\/2021\/03\/Paula-2-768x576.jpeg 768w, https:\/\/meidanmetsamme.org\/wp-content\/uploads\/2021\/03\/Paula-2-1536x1152.jpeg 1536w, https:\/\/meidanmetsamme.org\/wp-content\/uploads\/2021\/03\/Paula-2-1568x1176.jpeg 1568w, https:\/\/meidanmetsamme.org\/wp-content\/uploads\/2021\/03\/Paula-2.jpeg 1632w\" sizes=\"auto, (max-width: 1024px) 100vw, 1024px\" \/><\/figure>\n<\/div>\n\n\n\n<div class=\"wp-block-column is-layout-flow wp-block-column-is-layout-flow\" style=\"flex-basis:66.66%\">\n<p><strong>Paula L\u00f6nnemo<\/strong>, TM, mets\u00e4n uskollisesta rauhasta vahvistusta ja tyyneytt\u00e4 l\u00f6yt\u00e4nyt oravanpy\u00f6r\u00e4st\u00e4 hyp\u00e4nnyt, kohtuudesta ja omavaraisuusasteen lis\u00e4\u00e4misest\u00e4 innostunut luonnonl\u00e4heisyyden ja el\u00e4inten yst\u00e4v\u00e4.<\/p>\n<\/div>\n<\/div>\n\n\n\n<div class=\"wp-block-columns is-layout-flex wp-container-core-columns-is-layout-9d6595d7 wp-block-columns-is-layout-flex\">\n<div class=\"wp-block-column is-layout-flow wp-block-column-is-layout-flow\" style=\"flex-basis:33.33%\">\n<figure class=\"wp-block-image size-large is-style-rounded\"><img loading=\"lazy\" decoding=\"async\" width=\"768\" height=\"1024\" src=\"https:\/\/meidanmetsamme.org\/wp-content\/uploads\/2021\/03\/Ulla-768x1024.jpeg\" alt=\"\" class=\"wp-image-1659\" srcset=\"https:\/\/meidanmetsamme.org\/wp-content\/uploads\/2021\/03\/Ulla-768x1024.jpeg 768w, https:\/\/meidanmetsamme.org\/wp-content\/uploads\/2021\/03\/Ulla-225x300.jpeg 225w, https:\/\/meidanmetsamme.org\/wp-content\/uploads\/2021\/03\/Ulla-1152x1536.jpeg 1152w, https:\/\/meidanmetsamme.org\/wp-content\/uploads\/2021\/03\/Ulla.jpeg 1200w\" sizes=\"auto, (max-width: 768px) 100vw, 768px\" \/><\/figure>\n<\/div>\n\n\n\n<div class=\"wp-block-column is-layout-flow wp-block-column-is-layout-flow\" style=\"flex-basis:66.66%\">\n<p><strong>Ulla Montin<\/strong>, mets\u00e4luontoaktivisti, joka on Meid\u00e4n mets\u00e4mme &#8211; kansalaisliikkeess\u00e4 mukana, koska j\u00e4senet ovat niin kivoja, samanhenkisi\u00e4, innostuneita ja toimeliaita. Luontokato ja jatkuva mets\u00e4luontomme heikkeneminen on nyt pys\u00e4ytett\u00e4v\u00e4, yhdess\u00e4.<\/p>\n<\/div>\n<\/div>\n\n\n\n<div class=\"wp-block-columns is-layout-flex wp-container-core-columns-is-layout-9d6595d7 wp-block-columns-is-layout-flex\">\n<div class=\"wp-block-column is-layout-flow wp-block-column-is-layout-flow\" style=\"flex-basis:33.33%\">\n<figure class=\"wp-block-image size-large is-resized is-style-rounded\"><img loading=\"lazy\" decoding=\"async\" width=\"731\" height=\"1024\" src=\"https:\/\/meidanmetsamme.org\/wp-content\/uploads\/2021\/03\/Toni-2-731x1024.jpeg\" alt=\"\" class=\"wp-image-1658\" style=\"width:197px;height:276px\" srcset=\"https:\/\/meidanmetsamme.org\/wp-content\/uploads\/2021\/03\/Toni-2-731x1024.jpeg 731w, https:\/\/meidanmetsamme.org\/wp-content\/uploads\/2021\/03\/Toni-2-214x300.jpeg 214w, https:\/\/meidanmetsamme.org\/wp-content\/uploads\/2021\/03\/Toni-2-768x1075.jpeg 768w, https:\/\/meidanmetsamme.org\/wp-content\/uploads\/2021\/03\/Toni-2-1097x1536.jpeg 1097w, https:\/\/meidanmetsamme.org\/wp-content\/uploads\/2021\/03\/Toni-2.jpeg 1195w\" sizes=\"auto, (max-width: 731px) 100vw, 731px\" \/><\/figure>\n<\/div>\n\n\n\n<div class=\"wp-block-column is-layout-flow wp-block-column-is-layout-flow\" style=\"flex-basis:66.66%\">\n<p><strong>Toni Ruuska<\/strong>, tutkija-aktivisti ja (mets\u00e4)el\u00e4m\u00e4n suojelija tutkii ja opettaa Helsingin yliopiston Maatalous-mets\u00e4tieteellisess\u00e4 tiedekunnassa kohtuutaloutta ja poliittista ekologiaa. Kansalaisaktivismissaan h\u00e4n edist\u00e4\u00e4 maalle muuttamista, metsien suojelua sek\u00e4 kapitalistiselle kasvutaloudelle vaihtoehtojen kehitt\u00e4mist\u00e4.<\/p>\n<\/div>\n<\/div>\n\n\n\n<p><\/p>\n\n\n\n<p><a href=\"https:\/\/meidanmetsamme.org\/index.php\/keita-me-olemme\/meidan-metsamme-kannanotto-3-2-2022\/\">Lue kannanottomme t\u00e4\u00e4lt\u00e4!<\/a><\/p>\n\n\n\n<p> Meid\u00e4n mets\u00e4mme -kansalaisliikkeen tavoitat osoitteesta info (at) meidanmetsamme.org<\/p>\n\n\n\n<p>&#8230;&#8230;&#8230;&#8230;&#8230;&#8230;&#8230;&#8230;&#8230;&#8230;&#8230;..<\/p>\n\n\n\n<p>Verkkosivujen tekninen toteutus Johannes Lehtinen, Teemu Lehtinen ja Margit Suurhasko.<\/p>\n","protected":false},"excerpt":{"rendered":"<p>Meid\u00e4n mets\u00e4mme -ty\u00f6ryhm\u00e4 Sini Holopainen on innostunut hitaammasta, luonnonl\u00e4heisemm\u00e4st\u00e4 el\u00e4m\u00e4st\u00e4. H\u00e4nt\u00e4 kutsuu el\u00e4m\u00e4n suojelu, omavaraisuustaitojen opettelu ja luontoyhteyden vahvistaminen. T\u00e4ll\u00e4 hetkell\u00e4 h\u00e4n ty\u00f6skentelee Helsingin yliopiston kest\u00e4vyystieteen instituutissa (HELSUS) Koneen s\u00e4\u00e4ti\u00f6n rahoittamassa hankkeessa, jossa luodaan yhteyksi\u00e4 kest\u00e4vyystieteen ja median v\u00e4lill\u00e4. Eeva Houtbeckers, KTT, tutkii taloutta, ty\u00f6t\u00e4 ja toimeentuloa kasvutalouden j\u00e4lkeen sek\u00e4 toimii kohtuusliikkeess\u00e4. Globaalissa pohjoisessa mets\u00e4t&hellip; <a class=\"more-link\" href=\"https:\/\/meidanmetsamme.org\/index.php\/keita-me-olemme\/tyoryhma\/\">Jatka lukemista <span class=\"screen-reader-text\">Ty\u00f6ryhm\u00e4<\/span><\/a><\/p>\n","protected":false},"author":4,"featured_media":0,"parent":1710,"menu_order":0,"comment_status":"closed","ping_status":"closed","template":"","meta":{"footnotes":""},"class_list":["post-873","page","type-page","status-publish","hentry","entry"],"yoast_head":"<!-- This site is optimized with the Yoast SEO plugin v27.3 - https:\/\/yoast.com\/product\/yoast-seo-wordpress\/ -->\n<title>Ty\u00f6ryhm\u00e4 - MEID\u00c4N METS\u00c4MME \u2011kansalaisliike<\/title>\n<meta name=\"robots\" content=\"index, follow, max-snippet:-1, max-image-preview:large, max-video-preview:-1\" \/>\n<link rel=\"canonical\" href=\"https:\/\/meidanmetsamme.org\/index.php\/keita-me-olemme\/tyoryhma\/\" \/>\n<meta property=\"og:locale\" content=\"fi_FI\" \/>\n<meta property=\"og:type\" content=\"article\" \/>\n<meta property=\"og:title\" content=\"Ty\u00f6ryhm\u00e4 - MEID\u00c4N METS\u00c4MME \u2011kansalaisliike\" \/>\n<meta property=\"og:description\" content=\"Meid\u00e4n mets\u00e4mme -ty\u00f6ryhm\u00e4 Sini Holopainen on innostunut hitaammasta, luonnonl\u00e4heisemm\u00e4st\u00e4 el\u00e4m\u00e4st\u00e4. H\u00e4nt\u00e4 kutsuu el\u00e4m\u00e4n suojelu, omavaraisuustaitojen opettelu ja luontoyhteyden vahvistaminen. T\u00e4ll\u00e4 hetkell\u00e4 h\u00e4n ty\u00f6skentelee Helsingin yliopiston kest\u00e4vyystieteen instituutissa (HELSUS) Koneen s\u00e4\u00e4ti\u00f6n rahoittamassa hankkeessa, jossa luodaan yhteyksi\u00e4 kest\u00e4vyystieteen ja median v\u00e4lill\u00e4. Eeva Houtbeckers, KTT, tutkii taloutta, ty\u00f6t\u00e4 ja toimeentuloa kasvutalouden j\u00e4lkeen sek\u00e4 toimii kohtuusliikkeess\u00e4. Globaalissa pohjoisessa mets\u00e4t&hellip; Jatka lukemista Ty\u00f6ryhm\u00e4\" \/>\n<meta property=\"og:url\" content=\"https:\/\/meidanmetsamme.org\/index.php\/keita-me-olemme\/tyoryhma\/\" \/>\n<meta property=\"og:site_name\" content=\"MEID\u00c4N METS\u00c4MME \u2011kansalaisliike\" \/>\n<meta property=\"article:modified_time\" content=\"2026-02-05T18:17:23+00:00\" \/>\n<meta property=\"og:image\" content=\"https:\/\/meidanmetsamme.org\/wp-content\/uploads\/2025\/06\/Makaan-metsassa-1.jpg\" \/>\n\t<meta property=\"og:image:width\" content=\"578\" \/>\n\t<meta property=\"og:image:height\" content=\"616\" \/>\n\t<meta property=\"og:image:type\" content=\"image\/jpeg\" \/>\n<meta name=\"twitter:card\" content=\"summary_large_image\" \/>\n<meta name=\"twitter:label1\" content=\"Arvioitu lukuaika\" \/>\n\t<meta name=\"twitter:data1\" content=\"3 minuuttia\" \/>\n<script type=\"application\/ld+json\" class=\"yoast-schema-graph\">{\"@context\":\"https:\\\/\\\/schema.org\",\"@graph\":[{\"@type\":\"WebPage\",\"@id\":\"https:\\\/\\\/meidanmetsamme.org\\\/index.php\\\/keita-me-olemme\\\/tyoryhma\\\/\",\"url\":\"https:\\\/\\\/meidanmetsamme.org\\\/index.php\\\/keita-me-olemme\\\/tyoryhma\\\/\",\"name\":\"Ty\u00f6ryhm\u00e4 - MEID\u00c4N METS\u00c4MME \u2011kansalaisliike\",\"isPartOf\":{\"@id\":\"https:\\\/\\\/meidanmetsamme.org\\\/#website\"},\"primaryImageOfPage\":{\"@id\":\"https:\\\/\\\/meidanmetsamme.org\\\/index.php\\\/keita-me-olemme\\\/tyoryhma\\\/#primaryimage\"},\"image\":{\"@id\":\"https:\\\/\\\/meidanmetsamme.org\\\/index.php\\\/keita-me-olemme\\\/tyoryhma\\\/#primaryimage\"},\"thumbnailUrl\":\"https:\\\/\\\/meidanmetsamme.org\\\/wp-content\\\/uploads\\\/2025\\\/06\\\/Makaan-metsassa-1.jpg\",\"datePublished\":\"2021-02-03T09:12:21+00:00\",\"dateModified\":\"2026-02-05T18:17:23+00:00\",\"breadcrumb\":{\"@id\":\"https:\\\/\\\/meidanmetsamme.org\\\/index.php\\\/keita-me-olemme\\\/tyoryhma\\\/#breadcrumb\"},\"inLanguage\":\"fi\",\"potentialAction\":[{\"@type\":\"ReadAction\",\"target\":[\"https:\\\/\\\/meidanmetsamme.org\\\/index.php\\\/keita-me-olemme\\\/tyoryhma\\\/\"]}]},{\"@type\":\"ImageObject\",\"inLanguage\":\"fi\",\"@id\":\"https:\\\/\\\/meidanmetsamme.org\\\/index.php\\\/keita-me-olemme\\\/tyoryhma\\\/#primaryimage\",\"url\":\"https:\\\/\\\/meidanmetsamme.org\\\/wp-content\\\/uploads\\\/2025\\\/06\\\/Makaan-metsassa-1.jpg\",\"contentUrl\":\"https:\\\/\\\/meidanmetsamme.org\\\/wp-content\\\/uploads\\\/2025\\\/06\\\/Makaan-metsassa-1.jpg\",\"width\":578,\"height\":616},{\"@type\":\"BreadcrumbList\",\"@id\":\"https:\\\/\\\/meidanmetsamme.org\\\/index.php\\\/keita-me-olemme\\\/tyoryhma\\\/#breadcrumb\",\"itemListElement\":[{\"@type\":\"ListItem\",\"position\":1,\"name\":\"Home\",\"item\":\"https:\\\/\\\/meidanmetsamme.org\\\/\"},{\"@type\":\"ListItem\",\"position\":2,\"name\":\"Keit\u00e4 me olemme\",\"item\":\"https:\\\/\\\/meidanmetsamme.org\\\/index.php\\\/keita-me-olemme\\\/\"},{\"@type\":\"ListItem\",\"position\":3,\"name\":\"Ty\u00f6ryhm\u00e4\"}]},{\"@type\":\"WebSite\",\"@id\":\"https:\\\/\\\/meidanmetsamme.org\\\/#website\",\"url\":\"https:\\\/\\\/meidanmetsamme.org\\\/\",\"name\":\"MEID\u00c4N METS\u00c4MME \u2011kansalaisliike\",\"description\":\"Pidet\u00e4\u00e4n metsist\u00e4mme parempaa huolta\",\"publisher\":{\"@id\":\"https:\\\/\\\/meidanmetsamme.org\\\/#organization\"},\"potentialAction\":[{\"@type\":\"SearchAction\",\"target\":{\"@type\":\"EntryPoint\",\"urlTemplate\":\"https:\\\/\\\/meidanmetsamme.org\\\/?s={search_term_string}\"},\"query-input\":{\"@type\":\"PropertyValueSpecification\",\"valueRequired\":true,\"valueName\":\"search_term_string\"}}],\"inLanguage\":\"fi\"},{\"@type\":\"Organization\",\"@id\":\"https:\\\/\\\/meidanmetsamme.org\\\/#organization\",\"name\":\"MEID\u00c4N METS\u00c4MME \u2011kansalaisliike\",\"url\":\"https:\\\/\\\/meidanmetsamme.org\\\/\",\"logo\":{\"@type\":\"ImageObject\",\"inLanguage\":\"fi\",\"@id\":\"https:\\\/\\\/meidanmetsamme.org\\\/#\\\/schema\\\/logo\\\/image\\\/\",\"url\":\"https:\\\/\\\/meidanmetsamme.org\\\/wp-content\\\/uploads\\\/2019\\\/10\\\/cropped-meidanmetsamme-logo-ellipse-200px.png\",\"contentUrl\":\"https:\\\/\\\/meidanmetsamme.org\\\/wp-content\\\/uploads\\\/2019\\\/10\\\/cropped-meidanmetsamme-logo-ellipse-200px.png\",\"width\":200,\"height\":123,\"caption\":\"MEID\u00c4N METS\u00c4MME \u2011kansalaisliike\"},\"image\":{\"@id\":\"https:\\\/\\\/meidanmetsamme.org\\\/#\\\/schema\\\/logo\\\/image\\\/\"}}]}<\/script>\n<!-- \/ Yoast SEO plugin. -->","yoast_head_json":{"title":"Ty\u00f6ryhm\u00e4 - MEID\u00c4N METS\u00c4MME \u2011kansalaisliike","robots":{"index":"index","follow":"follow","max-snippet":"max-snippet:-1","max-image-preview":"max-image-preview:large","max-video-preview":"max-video-preview:-1"},"canonical":"https:\/\/meidanmetsamme.org\/index.php\/keita-me-olemme\/tyoryhma\/","og_locale":"fi_FI","og_type":"article","og_title":"Ty\u00f6ryhm\u00e4 - MEID\u00c4N METS\u00c4MME \u2011kansalaisliike","og_description":"Meid\u00e4n mets\u00e4mme -ty\u00f6ryhm\u00e4 Sini Holopainen on innostunut hitaammasta, luonnonl\u00e4heisemm\u00e4st\u00e4 el\u00e4m\u00e4st\u00e4. H\u00e4nt\u00e4 kutsuu el\u00e4m\u00e4n suojelu, omavaraisuustaitojen opettelu ja luontoyhteyden vahvistaminen. T\u00e4ll\u00e4 hetkell\u00e4 h\u00e4n ty\u00f6skentelee Helsingin yliopiston kest\u00e4vyystieteen instituutissa (HELSUS) Koneen s\u00e4\u00e4ti\u00f6n rahoittamassa hankkeessa, jossa luodaan yhteyksi\u00e4 kest\u00e4vyystieteen ja median v\u00e4lill\u00e4. Eeva Houtbeckers, KTT, tutkii taloutta, ty\u00f6t\u00e4 ja toimeentuloa kasvutalouden j\u00e4lkeen sek\u00e4 toimii kohtuusliikkeess\u00e4. Globaalissa pohjoisessa mets\u00e4t&hellip; Jatka lukemista Ty\u00f6ryhm\u00e4","og_url":"https:\/\/meidanmetsamme.org\/index.php\/keita-me-olemme\/tyoryhma\/","og_site_name":"MEID\u00c4N METS\u00c4MME \u2011kansalaisliike","article_modified_time":"2026-02-05T18:17:23+00:00","og_image":[{"width":578,"height":616,"url":"https:\/\/meidanmetsamme.org\/wp-content\/uploads\/2025\/06\/Makaan-metsassa-1.jpg","type":"image\/jpeg"}],"twitter_card":"summary_large_image","twitter_misc":{"Arvioitu lukuaika":"3 minuuttia"},"schema":{"@context":"https:\/\/schema.org","@graph":[{"@type":"WebPage","@id":"https:\/\/meidanmetsamme.org\/index.php\/keita-me-olemme\/tyoryhma\/","url":"https:\/\/meidanmetsamme.org\/index.php\/keita-me-olemme\/tyoryhma\/","name":"Ty\u00f6ryhm\u00e4 - MEID\u00c4N METS\u00c4MME \u2011kansalaisliike","isPartOf":{"@id":"https:\/\/meidanmetsamme.org\/#website"},"primaryImageOfPage":{"@id":"https:\/\/meidanmetsamme.org\/index.php\/keita-me-olemme\/tyoryhma\/#primaryimage"},"image":{"@id":"https:\/\/meidanmetsamme.org\/index.php\/keita-me-olemme\/tyoryhma\/#primaryimage"},"thumbnailUrl":"https:\/\/meidanmetsamme.org\/wp-content\/uploads\/2025\/06\/Makaan-metsassa-1.jpg","datePublished":"2021-02-03T09:12:21+00:00","dateModified":"2026-02-05T18:17:23+00:00","breadcrumb":{"@id":"https:\/\/meidanmetsamme.org\/index.php\/keita-me-olemme\/tyoryhma\/#breadcrumb"},"inLanguage":"fi","potentialAction":[{"@type":"ReadAction","target":["https:\/\/meidanmetsamme.org\/index.php\/keita-me-olemme\/tyoryhma\/"]}]},{"@type":"ImageObject","inLanguage":"fi","@id":"https:\/\/meidanmetsamme.org\/index.php\/keita-me-olemme\/tyoryhma\/#primaryimage","url":"https:\/\/meidanmetsamme.org\/wp-content\/uploads\/2025\/06\/Makaan-metsassa-1.jpg","contentUrl":"https:\/\/meidanmetsamme.org\/wp-content\/uploads\/2025\/06\/Makaan-metsassa-1.jpg","width":578,"height":616},{"@type":"BreadcrumbList","@id":"https:\/\/meidanmetsamme.org\/index.php\/keita-me-olemme\/tyoryhma\/#breadcrumb","itemListElement":[{"@type":"ListItem","position":1,"name":"Home","item":"https:\/\/meidanmetsamme.org\/"},{"@type":"ListItem","position":2,"name":"Keit\u00e4 me olemme","item":"https:\/\/meidanmetsamme.org\/index.php\/keita-me-olemme\/"},{"@type":"ListItem","position":3,"name":"Ty\u00f6ryhm\u00e4"}]},{"@type":"WebSite","@id":"https:\/\/meidanmetsamme.org\/#website","url":"https:\/\/meidanmetsamme.org\/","name":"MEID\u00c4N METS\u00c4MME \u2011kansalaisliike","description":"Pidet\u00e4\u00e4n metsist\u00e4mme parempaa huolta","publisher":{"@id":"https:\/\/meidanmetsamme.org\/#organization"},"potentialAction":[{"@type":"SearchAction","target":{"@type":"EntryPoint","urlTemplate":"https:\/\/meidanmetsamme.org\/?s={search_term_string}"},"query-input":{"@type":"PropertyValueSpecification","valueRequired":true,"valueName":"search_term_string"}}],"inLanguage":"fi"},{"@type":"Organization","@id":"https:\/\/meidanmetsamme.org\/#organization","name":"MEID\u00c4N METS\u00c4MME \u2011kansalaisliike","url":"https:\/\/meidanmetsamme.org\/","logo":{"@type":"ImageObject","inLanguage":"fi","@id":"https:\/\/meidanmetsamme.org\/#\/schema\/logo\/image\/","url":"https:\/\/meidanmetsamme.org\/wp-content\/uploads\/2019\/10\/cropped-meidanmetsamme-logo-ellipse-200px.png","contentUrl":"https:\/\/meidanmetsamme.org\/wp-content\/uploads\/2019\/10\/cropped-meidanmetsamme-logo-ellipse-200px.png","width":200,"height":123,"caption":"MEID\u00c4N METS\u00c4MME \u2011kansalaisliike"},"image":{"@id":"https:\/\/meidanmetsamme.org\/#\/schema\/logo\/image\/"}}]}},"_links":{"self":[{"href":"https:\/\/meidanmetsamme.org\/index.php\/wp-json\/wp\/v2\/pages\/873","targetHints":{"allow":["GET"]}}],"collection":[{"href":"https:\/\/meidanmetsamme.org\/index.php\/wp-json\/wp\/v2\/pages"}],"about":[{"href":"https:\/\/meidanmetsamme.org\/index.php\/wp-json\/wp\/v2\/types\/page"}],"author":[{"embeddable":true,"href":"https:\/\/meidanmetsamme.org\/index.php\/wp-json\/wp\/v2\/users\/4"}],"replies":[{"embeddable":true,"href":"https:\/\/meidanmetsamme.org\/index.php\/wp-json\/wp\/v2\/comments?post=873"}],"version-history":[{"count":39,"href":"https:\/\/meidanmetsamme.org\/index.php\/wp-json\/wp\/v2\/pages\/873\/revisions"}],"predecessor-version":[{"id":2800,"href":"https:\/\/meidanmetsamme.org\/index.php\/wp-json\/wp\/v2\/pages\/873\/revisions\/2800"}],"up":[{"embeddable":true,"href":"https:\/\/meidanmetsamme.org\/index.php\/wp-json\/wp\/v2\/pages\/1710"}],"wp:attachment":[{"href":"https:\/\/meidanmetsamme.org\/index.php\/wp-json\/wp\/v2\/media?parent=873"}],"curies":[{"name":"wp","href":"https:\/\/api.w.org\/{rel}","templated":true}]}}