{"id":902,"date":"2021-02-04T12:48:50","date_gmt":"2021-02-04T10:48:50","guid":{"rendered":"https:\/\/uusimeidanmetsamme.jlehtinen.net\/?page_id=902"},"modified":"2025-05-17T16:00:09","modified_gmt":"2025-05-17T13:00:09","slug":"vaikuttamistyomme","status":"publish","type":"page","link":"https:\/\/meidanmetsamme.org\/index.php\/etusivu\/vaikuttamistyomme\/","title":{"rendered":"Vaikuttamisty\u00f6mme"},"content":{"rendered":"\n<figure class=\"wp-block-image size-large\"><img loading=\"lazy\" decoding=\"async\" width=\"1024\" height=\"683\" src=\"https:\/\/meidanmetsamme.org\/wp-content\/uploads\/2018\/11\/CZ9A9573-1024x683.jpg\" alt=\"Meid\u00e4n mets\u00e4mme tuomiokirkon kryptassa\" class=\"wp-image-487\" srcset=\"https:\/\/meidanmetsamme.org\/wp-content\/uploads\/2018\/11\/CZ9A9573-1024x683.jpg 1024w, https:\/\/meidanmetsamme.org\/wp-content\/uploads\/2018\/11\/CZ9A9573-300x200.jpg 300w, https:\/\/meidanmetsamme.org\/wp-content\/uploads\/2018\/11\/CZ9A9573-768x512.jpg 768w\" sizes=\"auto, (max-width: 1024px) 100vw, 1024px\" \/><figcaption>Kuva: ty\u00f6ryhm\u00e4n arkisto<\/figcaption><\/figure>\n\n\n\n<p>Meid\u00e4n mets\u00e4mme -kansalaisliike on ottanut kantaa metsiemme tilaan, luonnon monimuotoisuuden s\u00e4ilytt\u00e4miseen ja metsien suojeluun. Olemme yh\u00e4 selvemmin ymm\u00e4rt\u00e4neet metsien merkityksen mm. hiilinieluna ja tarpeen n\u00e4hd\u00e4 mets\u00e4t uusin entist\u00e4 monimuotoisemmin silmin. <\/p>\n\n\n\n<p>Toivomme, ett\u00e4 kannanottojen sis\u00e4ll\u00f6st\u00e4 syntyy monipuolista keskustelua ja my\u00f6s uutta toimintaa!<\/p>\n\n\n\n<h2 class=\"wp-block-heading\">Kannanotto<\/h2>\n\n\n\n<div class=\"wp-block-group\"><div class=\"wp-block-group__inner-container is-layout-flow wp-block-group-is-layout-flow\">\n<ul class=\"wp-block-list\"><li><a href=\"https:\/\/meidanmetsamme.org\/wp-content\/uploads\/2025\/05\/Kansalaisten-kannanotto-metsien-puolesta-150525.pdf\" data-type=\"URL\" data-id=\"https:\/\/meidanmetsamme.org\/wp-content\/uploads\/2025\/05\/Kansalaisten-kannanotto-metsien-puolesta-150525.pdf\">Kansalaisten kannanotto metsien puolesta, p\u00e4ivitetty 15.5.2025 &#8211; pdf-tiedosto<\/a><\/li><li><a href=\"https:\/\/meidanmetsamme.org\/wp-content\/uploads\/2024\/04\/Kannanotto-2024.pdf\">Kansalaisten kannanotto metsien puolesta, p\u00e4ivitetty 18.4.2024<\/a> &#8211; pdf-tiedosto<\/li><li><a rel=\"noreferrer noopener\" href=\"https:\/\/meidanmetsamme.org\/wp-content\/uploads\/2022\/02\/MM_kannanotto_3_02_2022.docx\" target=\"_blank\">Meid\u00e4n mets\u00e4mme -kannanotto, p\u00e4ivitetty 3.2.2022<\/a> &#8211; word-tiedosto<\/li><li><a rel=\"noreferrer noopener\" href=\"https:\/\/meidanmetsamme.org\/wp-content\/uploads\/2019\/11\/meidan-metsamme-kannanotto-2019.pdf\" data-type=\"URL\" target=\"_blank\">Meid\u00e4n mets\u00e4mme -kannanotto, p\u00e4ivitetty 29.11.2019<\/a> &#8211; pdf-tiedosto<\/li><li><a rel=\"noreferrer noopener\" href=\"https:\/\/meidanmetsamme.org\/wp-content\/uploads\/2018\/06\/meidan-metsamme-kannanotto-2018.pdf\" target=\"_blank\">Meid\u00e4n mets\u00e4mme &#8211; kannanotto, alkuper\u00e4inen, 27.10.2018<\/a> &#8211; pdf-tiedosto<\/li><\/ul>\n<\/div><\/div>\n\n\n\n<h2 class=\"wp-block-heading\">Seurakuntien mets\u00e4t -vetoomukset<\/h2>\n\n\n\n<p><strong>Vetoomukset 2022<\/strong><\/p>\n\n\n\n<ul class=\"wp-block-list\"><li><a href=\"https:\/\/meidanmetsamme.org\/wp-content\/uploads\/2022\/10\/Esitys-kirkolle-18.10.2022.pdf\">Kymmenys luonnolle -esitys kirkolle<\/a>, 18.10.2022 &#8211; pdf-tiedosto<\/li><\/ul>\n\n\n\n<p><strong>Vetoomukset 2021<\/strong><\/p>\n\n\n\n<ul class=\"wp-block-list\"><li><a href=\"https:\/\/meidanmetsamme.org\/wp-content\/uploads\/2021\/04\/LEHDISTOTIEDOTE-Meidan-metsamme-kirkossa.pdf\" target=\"_blank\" rel=\"noreferrer noopener\">Kirkon on suojeltava mets\u00e4ns\u00e4 &#8211; lehdist\u00f6tiedote<\/a>, 19.4.2021 &#8211; pdf-tiedosto<\/li><\/ul>\n\n\n\n<p><strong>Vetoomukset 2020<\/strong><\/p>\n\n\n\n<ul class=\"wp-block-list\"><li><a rel=\"noreferrer noopener\" href=\"\/wp-content\/uploads\/2021\/03\/Vetoomus-seurakunnille.docx.pdf\" target=\"_blank\">Vetoomus seurakunnille<\/a>, 9.11.2020, 9.12.2020 \u2013 pdf-tiedosto<\/li><li><a href=\"\/wp-content\/uploads\/2020\/11\/Tiedote201109.pdf\" target=\"_blank\" rel=\"noreferrer noopener\">Lehdist\u00f6tiedote<\/a>, 9.11.2020- pdf-tiedosto<\/li><\/ul>\n\n\n\n<p><a rel=\"noreferrer noopener\" href=\"https:\/\/www.adressit.com\/kirkon_metsien_monimuotoisuus_turvattava\" target=\"_blank\">Adressit.com \u2013 kirkon metsien monimuotoisuus turvattava<\/a> &#8211; nimienker\u00e4ys on p\u00e4\u00e4ttynyt<\/p>\n\n\n\n<h2 class=\"wp-block-heading\">Meid\u00e4n mets\u00e4mme -lausunnot<\/h2>\n\n\n\n<p>Kansalaisaloitteessa laiksi avohakkuiden kielt\u00e4miseksi valtion eli Mets\u00e4hallituksen hallinnoimissa metsiss\u00e4 on kyse meid\u00e4n kaikkien kansalaisten yhteisesti omistamista metsist\u00e4. Vaihtoehdoksi avohakkuille aloitteessa esitet\u00e4\u00e4n metsien pit\u00e4mist\u00e4 jatkuvasti puustoisina  eli jatkuvaa kasvatusta. Laki sallisi poikkeuksia esimerkiksi vakavissa tuhotapauksissa.<\/p>\n\n\n\n<p>Meid\u00e4n mets\u00e4mme laatima lausunto toimitettiin maa- ja mets\u00e4talousvaliokunnalle 11.1.2021. Valiokunta jatkaa lomansa j\u00e4lkeen helmikuussa asian valmistelua eduskunnalle.<\/p>\n\n\n\n<ul class=\"wp-block-list\"><li><a href=\"https:\/\/meidanmetsamme.org\/wp-content\/uploads\/2021\/02\/Lausunto_lakialoitteesta_avohakkuiden_lopettamisesta_valtion_mailla.pdf\" target=\"_blank\" rel=\"noreferrer noopener\">Meid\u00e4n mets\u00e4mme -kansalaisliikkeen lausunto kansalaisaloitteesta Lakialoite avohakkuiden lopettamiseksi valtion mailla<\/a> 11.1.2021- pdf-tiedosto<\/li><\/ul>\n\n\n\n<h2 class=\"wp-block-heading\">Meid\u00e4n mets\u00e4mme -tiedotteet<\/h2>\n\n\n\n<p>Meid\u00e4n Mets\u00e4mme -liike vaatii, ett\u00e4 Suomen kansallisen, vuoteen 2025 ulottuvan mets\u00e4strategian toteuttamista valvovaa ja kehitt\u00e4v\u00e4\u00e4 mets\u00e4neuvostoa t\u00e4ydennet\u00e4\u00e4n. Ministeri Jari Lep\u00e4n elokuussa 2019 asettamassa neuvostossa on 32 j\u00e4sent\u00e4. Heist\u00e4 ylivoimainen enemmist\u00f6 on mets\u00e4teollisuuden tai muita mets\u00e4n k\u00e4yt\u00f6n edustajia.<\/p>\n\n\n\n<ul class=\"wp-block-list\"><li><a href=\"https:\/\/meidanmetsamme.org\/wp-content\/uploads\/2020\/06\/TIEDOTE-9.6.2020-monimuotoisuutta-Suomen-mets\u00e4neuvostoon.pdf\" target=\"_blank\" rel=\"noreferrer noopener\">Tiedote mets\u00e4neuvoston t\u00e4ydent\u00e4misest\u00e4<\/a> 9.6.2020 &#8211; pdf-tiedosto<\/li><\/ul>\n\n\n\n<p>Metsien yst\u00e4v\u00e4t kautta maan surevat suurta luonnonsuojelijaa Pentti Linkolaa.<\/p>\n\n\n\n<p><a href=\"https:\/\/meidanmetsamme.org\/index.php\/2020\/04\/05\/suuri-viisas-vanha-puu-on-kaatunut\/\">Pentti Linkola &#8211; suuri viisas vanha puu on kaatunut<\/a> 5.4.2020<\/p>\n\n\n\n<p>Meid\u00e4n mets\u00e4mme -ty\u00f6ryhm\u00e4 oli mukana kiritt\u00e4m\u00e4ss\u00e4 Suomen hallituksen ilmastokokousta Vuosaaren Hotelli Rantapuiston ulkopuolella.<\/p>\n\n\n\n<ul class=\"wp-block-list\"><li><a href=\"https:\/\/meidanmetsamme.org\/wp-content\/uploads\/2020\/03\/Suomen-hallituksen-Ilmastokokoukselle.pdf\" target=\"_blank\" rel=\"noreferrer noopener\">Meid\u00e4n mets\u00e4mme -ty\u00f6ryhm\u00e4n viesti Suomen hallituksen ilmastokokoukselle<\/a> 3.2.2020 &#8211; pdf-tiedosto<\/li><li><a href=\"https:\/\/yle.fi\/uutiset\/3-11189736\" target=\"_blank\" rel=\"noreferrer noopener\">Uutisjuttu ja kuvia Yle<\/a>: Hallituksen ilmastokokouksen saldo<\/li><\/ul>\n\n\n\n<p><\/p>\n","protected":false},"excerpt":{"rendered":"<p>Meid\u00e4n mets\u00e4mme -kansalaisliike on ottanut kantaa metsiemme tilaan, luonnon monimuotoisuuden s\u00e4ilytt\u00e4miseen ja metsien suojeluun. Olemme yh\u00e4 selvemmin ymm\u00e4rt\u00e4neet metsien merkityksen mm. hiilinieluna ja tarpeen n\u00e4hd\u00e4 mets\u00e4t uusin entist\u00e4 monimuotoisemmin silmin. Toivomme, ett\u00e4 kannanottojen sis\u00e4ll\u00f6st\u00e4 syntyy monipuolista keskustelua ja my\u00f6s uutta toimintaa! Kannanotto Meid\u00e4n mets\u00e4mme -lausunnot Kansalaisaloitteessa laiksi avohakkuiden kielt\u00e4miseksi valtion eli Mets\u00e4hallituksen hallinnoimissa metsiss\u00e4 on&hellip; <a class=\"more-link\" href=\"https:\/\/meidanmetsamme.org\/index.php\/etusivu\/vaikuttamistyomme\/\">Jatka lukemista <span class=\"screen-reader-text\">Vaikuttamisty\u00f6mme<\/span><\/a><\/p>\n","protected":false},"author":4,"featured_media":0,"parent":861,"menu_order":0,"comment_status":"closed","ping_status":"closed","template":"","meta":{"footnotes":""},"class_list":["post-902","page","type-page","status-publish","hentry","entry"],"yoast_head":"<!-- This site is optimized with the Yoast SEO plugin v27.3 - https:\/\/yoast.com\/product\/yoast-seo-wordpress\/ -->\n<title>Vaikuttamisty\u00f6mme - MEID\u00c4N METS\u00c4MME \u2011kansalaisliike<\/title>\n<meta name=\"robots\" content=\"index, follow, max-snippet:-1, max-image-preview:large, max-video-preview:-1\" \/>\n<link rel=\"canonical\" href=\"https:\/\/meidanmetsamme.org\/index.php\/etusivu\/vaikuttamistyomme\/\" \/>\n<meta property=\"og:locale\" content=\"fi_FI\" \/>\n<meta property=\"og:type\" content=\"article\" \/>\n<meta property=\"og:title\" content=\"Vaikuttamisty\u00f6mme - MEID\u00c4N METS\u00c4MME \u2011kansalaisliike\" \/>\n<meta property=\"og:description\" content=\"Meid\u00e4n mets\u00e4mme -kansalaisliike on ottanut kantaa metsiemme tilaan, luonnon monimuotoisuuden s\u00e4ilytt\u00e4miseen ja metsien suojeluun. Olemme yh\u00e4 selvemmin ymm\u00e4rt\u00e4neet metsien merkityksen mm. hiilinieluna ja tarpeen n\u00e4hd\u00e4 mets\u00e4t uusin entist\u00e4 monimuotoisemmin silmin. Toivomme, ett\u00e4 kannanottojen sis\u00e4ll\u00f6st\u00e4 syntyy monipuolista keskustelua ja my\u00f6s uutta toimintaa! Kannanotto Meid\u00e4n mets\u00e4mme -lausunnot Kansalaisaloitteessa laiksi avohakkuiden kielt\u00e4miseksi valtion eli Mets\u00e4hallituksen hallinnoimissa metsiss\u00e4 on&hellip; Jatka lukemista Vaikuttamisty\u00f6mme\" \/>\n<meta property=\"og:url\" content=\"https:\/\/meidanmetsamme.org\/index.php\/etusivu\/vaikuttamistyomme\/\" \/>\n<meta property=\"og:site_name\" content=\"MEID\u00c4N METS\u00c4MME \u2011kansalaisliike\" \/>\n<meta property=\"article:modified_time\" content=\"2025-05-17T13:00:09+00:00\" \/>\n<meta property=\"og:image\" content=\"https:\/\/meidanmetsamme.org\/wp-content\/uploads\/2018\/11\/CZ9A9573-1024x683.jpg\" \/>\n\t<meta property=\"og:image:width\" content=\"1024\" \/>\n\t<meta property=\"og:image:height\" content=\"683\" \/>\n\t<meta property=\"og:image:type\" content=\"image\/jpeg\" \/>\n<meta name=\"twitter:card\" content=\"summary_large_image\" \/>\n<meta name=\"twitter:label1\" content=\"Arvioitu lukuaika\" \/>\n\t<meta name=\"twitter:data1\" content=\"1 minuutti\" \/>\n<script type=\"application\/ld+json\" class=\"yoast-schema-graph\">{\"@context\":\"https:\\\/\\\/schema.org\",\"@graph\":[{\"@type\":\"WebPage\",\"@id\":\"https:\\\/\\\/meidanmetsamme.org\\\/index.php\\\/etusivu\\\/vaikuttamistyomme\\\/\",\"url\":\"https:\\\/\\\/meidanmetsamme.org\\\/index.php\\\/etusivu\\\/vaikuttamistyomme\\\/\",\"name\":\"Vaikuttamisty\u00f6mme - MEID\u00c4N METS\u00c4MME \u2011kansalaisliike\",\"isPartOf\":{\"@id\":\"https:\\\/\\\/meidanmetsamme.org\\\/#website\"},\"primaryImageOfPage\":{\"@id\":\"https:\\\/\\\/meidanmetsamme.org\\\/index.php\\\/etusivu\\\/vaikuttamistyomme\\\/#primaryimage\"},\"image\":{\"@id\":\"https:\\\/\\\/meidanmetsamme.org\\\/index.php\\\/etusivu\\\/vaikuttamistyomme\\\/#primaryimage\"},\"thumbnailUrl\":\"https:\\\/\\\/meidanmetsamme.org\\\/wp-content\\\/uploads\\\/2018\\\/11\\\/CZ9A9573-1024x683.jpg\",\"datePublished\":\"2021-02-04T10:48:50+00:00\",\"dateModified\":\"2025-05-17T13:00:09+00:00\",\"breadcrumb\":{\"@id\":\"https:\\\/\\\/meidanmetsamme.org\\\/index.php\\\/etusivu\\\/vaikuttamistyomme\\\/#breadcrumb\"},\"inLanguage\":\"fi\",\"potentialAction\":[{\"@type\":\"ReadAction\",\"target\":[\"https:\\\/\\\/meidanmetsamme.org\\\/index.php\\\/etusivu\\\/vaikuttamistyomme\\\/\"]}]},{\"@type\":\"ImageObject\",\"inLanguage\":\"fi\",\"@id\":\"https:\\\/\\\/meidanmetsamme.org\\\/index.php\\\/etusivu\\\/vaikuttamistyomme\\\/#primaryimage\",\"url\":\"https:\\\/\\\/meidanmetsamme.org\\\/wp-content\\\/uploads\\\/2018\\\/11\\\/CZ9A9573.jpg\",\"contentUrl\":\"https:\\\/\\\/meidanmetsamme.org\\\/wp-content\\\/uploads\\\/2018\\\/11\\\/CZ9A9573.jpg\",\"width\":5760,\"height\":3840,\"caption\":\"Meid\u00e4n mets\u00e4mme tuomiokirkon kryptassa\"},{\"@type\":\"BreadcrumbList\",\"@id\":\"https:\\\/\\\/meidanmetsamme.org\\\/index.php\\\/etusivu\\\/vaikuttamistyomme\\\/#breadcrumb\",\"itemListElement\":[{\"@type\":\"ListItem\",\"position\":1,\"name\":\"Home\",\"item\":\"https:\\\/\\\/meidanmetsamme.org\\\/\"},{\"@type\":\"ListItem\",\"position\":2,\"name\":\"Etusivu\",\"item\":\"https:\\\/\\\/meidanmetsamme.org\\\/\"},{\"@type\":\"ListItem\",\"position\":3,\"name\":\"Vaikuttamisty\u00f6mme\"}]},{\"@type\":\"WebSite\",\"@id\":\"https:\\\/\\\/meidanmetsamme.org\\\/#website\",\"url\":\"https:\\\/\\\/meidanmetsamme.org\\\/\",\"name\":\"MEID\u00c4N METS\u00c4MME \u2011kansalaisliike\",\"description\":\"Pidet\u00e4\u00e4n metsist\u00e4mme parempaa huolta\",\"publisher\":{\"@id\":\"https:\\\/\\\/meidanmetsamme.org\\\/#organization\"},\"potentialAction\":[{\"@type\":\"SearchAction\",\"target\":{\"@type\":\"EntryPoint\",\"urlTemplate\":\"https:\\\/\\\/meidanmetsamme.org\\\/?s={search_term_string}\"},\"query-input\":{\"@type\":\"PropertyValueSpecification\",\"valueRequired\":true,\"valueName\":\"search_term_string\"}}],\"inLanguage\":\"fi\"},{\"@type\":\"Organization\",\"@id\":\"https:\\\/\\\/meidanmetsamme.org\\\/#organization\",\"name\":\"MEID\u00c4N METS\u00c4MME \u2011kansalaisliike\",\"url\":\"https:\\\/\\\/meidanmetsamme.org\\\/\",\"logo\":{\"@type\":\"ImageObject\",\"inLanguage\":\"fi\",\"@id\":\"https:\\\/\\\/meidanmetsamme.org\\\/#\\\/schema\\\/logo\\\/image\\\/\",\"url\":\"https:\\\/\\\/meidanmetsamme.org\\\/wp-content\\\/uploads\\\/2019\\\/10\\\/cropped-meidanmetsamme-logo-ellipse-200px.png\",\"contentUrl\":\"https:\\\/\\\/meidanmetsamme.org\\\/wp-content\\\/uploads\\\/2019\\\/10\\\/cropped-meidanmetsamme-logo-ellipse-200px.png\",\"width\":200,\"height\":123,\"caption\":\"MEID\u00c4N METS\u00c4MME \u2011kansalaisliike\"},\"image\":{\"@id\":\"https:\\\/\\\/meidanmetsamme.org\\\/#\\\/schema\\\/logo\\\/image\\\/\"}}]}<\/script>\n<!-- \/ Yoast SEO plugin. -->","yoast_head_json":{"title":"Vaikuttamisty\u00f6mme - MEID\u00c4N METS\u00c4MME \u2011kansalaisliike","robots":{"index":"index","follow":"follow","max-snippet":"max-snippet:-1","max-image-preview":"max-image-preview:large","max-video-preview":"max-video-preview:-1"},"canonical":"https:\/\/meidanmetsamme.org\/index.php\/etusivu\/vaikuttamistyomme\/","og_locale":"fi_FI","og_type":"article","og_title":"Vaikuttamisty\u00f6mme - MEID\u00c4N METS\u00c4MME \u2011kansalaisliike","og_description":"Meid\u00e4n mets\u00e4mme -kansalaisliike on ottanut kantaa metsiemme tilaan, luonnon monimuotoisuuden s\u00e4ilytt\u00e4miseen ja metsien suojeluun. Olemme yh\u00e4 selvemmin ymm\u00e4rt\u00e4neet metsien merkityksen mm. hiilinieluna ja tarpeen n\u00e4hd\u00e4 mets\u00e4t uusin entist\u00e4 monimuotoisemmin silmin. Toivomme, ett\u00e4 kannanottojen sis\u00e4ll\u00f6st\u00e4 syntyy monipuolista keskustelua ja my\u00f6s uutta toimintaa! Kannanotto Meid\u00e4n mets\u00e4mme -lausunnot Kansalaisaloitteessa laiksi avohakkuiden kielt\u00e4miseksi valtion eli Mets\u00e4hallituksen hallinnoimissa metsiss\u00e4 on&hellip; Jatka lukemista Vaikuttamisty\u00f6mme","og_url":"https:\/\/meidanmetsamme.org\/index.php\/etusivu\/vaikuttamistyomme\/","og_site_name":"MEID\u00c4N METS\u00c4MME \u2011kansalaisliike","article_modified_time":"2025-05-17T13:00:09+00:00","og_image":[{"width":1024,"height":683,"url":"https:\/\/meidanmetsamme.org\/wp-content\/uploads\/2018\/11\/CZ9A9573-1024x683.jpg","type":"image\/jpeg"}],"twitter_card":"summary_large_image","twitter_misc":{"Arvioitu lukuaika":"1 minuutti"},"schema":{"@context":"https:\/\/schema.org","@graph":[{"@type":"WebPage","@id":"https:\/\/meidanmetsamme.org\/index.php\/etusivu\/vaikuttamistyomme\/","url":"https:\/\/meidanmetsamme.org\/index.php\/etusivu\/vaikuttamistyomme\/","name":"Vaikuttamisty\u00f6mme - MEID\u00c4N METS\u00c4MME \u2011kansalaisliike","isPartOf":{"@id":"https:\/\/meidanmetsamme.org\/#website"},"primaryImageOfPage":{"@id":"https:\/\/meidanmetsamme.org\/index.php\/etusivu\/vaikuttamistyomme\/#primaryimage"},"image":{"@id":"https:\/\/meidanmetsamme.org\/index.php\/etusivu\/vaikuttamistyomme\/#primaryimage"},"thumbnailUrl":"https:\/\/meidanmetsamme.org\/wp-content\/uploads\/2018\/11\/CZ9A9573-1024x683.jpg","datePublished":"2021-02-04T10:48:50+00:00","dateModified":"2025-05-17T13:00:09+00:00","breadcrumb":{"@id":"https:\/\/meidanmetsamme.org\/index.php\/etusivu\/vaikuttamistyomme\/#breadcrumb"},"inLanguage":"fi","potentialAction":[{"@type":"ReadAction","target":["https:\/\/meidanmetsamme.org\/index.php\/etusivu\/vaikuttamistyomme\/"]}]},{"@type":"ImageObject","inLanguage":"fi","@id":"https:\/\/meidanmetsamme.org\/index.php\/etusivu\/vaikuttamistyomme\/#primaryimage","url":"https:\/\/meidanmetsamme.org\/wp-content\/uploads\/2018\/11\/CZ9A9573.jpg","contentUrl":"https:\/\/meidanmetsamme.org\/wp-content\/uploads\/2018\/11\/CZ9A9573.jpg","width":5760,"height":3840,"caption":"Meid\u00e4n mets\u00e4mme tuomiokirkon kryptassa"},{"@type":"BreadcrumbList","@id":"https:\/\/meidanmetsamme.org\/index.php\/etusivu\/vaikuttamistyomme\/#breadcrumb","itemListElement":[{"@type":"ListItem","position":1,"name":"Home","item":"https:\/\/meidanmetsamme.org\/"},{"@type":"ListItem","position":2,"name":"Etusivu","item":"https:\/\/meidanmetsamme.org\/"},{"@type":"ListItem","position":3,"name":"Vaikuttamisty\u00f6mme"}]},{"@type":"WebSite","@id":"https:\/\/meidanmetsamme.org\/#website","url":"https:\/\/meidanmetsamme.org\/","name":"MEID\u00c4N METS\u00c4MME \u2011kansalaisliike","description":"Pidet\u00e4\u00e4n metsist\u00e4mme parempaa huolta","publisher":{"@id":"https:\/\/meidanmetsamme.org\/#organization"},"potentialAction":[{"@type":"SearchAction","target":{"@type":"EntryPoint","urlTemplate":"https:\/\/meidanmetsamme.org\/?s={search_term_string}"},"query-input":{"@type":"PropertyValueSpecification","valueRequired":true,"valueName":"search_term_string"}}],"inLanguage":"fi"},{"@type":"Organization","@id":"https:\/\/meidanmetsamme.org\/#organization","name":"MEID\u00c4N METS\u00c4MME \u2011kansalaisliike","url":"https:\/\/meidanmetsamme.org\/","logo":{"@type":"ImageObject","inLanguage":"fi","@id":"https:\/\/meidanmetsamme.org\/#\/schema\/logo\/image\/","url":"https:\/\/meidanmetsamme.org\/wp-content\/uploads\/2019\/10\/cropped-meidanmetsamme-logo-ellipse-200px.png","contentUrl":"https:\/\/meidanmetsamme.org\/wp-content\/uploads\/2019\/10\/cropped-meidanmetsamme-logo-ellipse-200px.png","width":200,"height":123,"caption":"MEID\u00c4N METS\u00c4MME \u2011kansalaisliike"},"image":{"@id":"https:\/\/meidanmetsamme.org\/#\/schema\/logo\/image\/"}}]}},"_links":{"self":[{"href":"https:\/\/meidanmetsamme.org\/index.php\/wp-json\/wp\/v2\/pages\/902","targetHints":{"allow":["GET"]}}],"collection":[{"href":"https:\/\/meidanmetsamme.org\/index.php\/wp-json\/wp\/v2\/pages"}],"about":[{"href":"https:\/\/meidanmetsamme.org\/index.php\/wp-json\/wp\/v2\/types\/page"}],"author":[{"embeddable":true,"href":"https:\/\/meidanmetsamme.org\/index.php\/wp-json\/wp\/v2\/users\/4"}],"replies":[{"embeddable":true,"href":"https:\/\/meidanmetsamme.org\/index.php\/wp-json\/wp\/v2\/comments?post=902"}],"version-history":[{"count":39,"href":"https:\/\/meidanmetsamme.org\/index.php\/wp-json\/wp\/v2\/pages\/902\/revisions"}],"predecessor-version":[{"id":2703,"href":"https:\/\/meidanmetsamme.org\/index.php\/wp-json\/wp\/v2\/pages\/902\/revisions\/2703"}],"up":[{"embeddable":true,"href":"https:\/\/meidanmetsamme.org\/index.php\/wp-json\/wp\/v2\/pages\/861"}],"wp:attachment":[{"href":"https:\/\/meidanmetsamme.org\/index.php\/wp-json\/wp\/v2\/media?parent=902"}],"curies":[{"name":"wp","href":"https:\/\/api.w.org\/{rel}","templated":true}]}}