{"id":921,"date":"2021-02-04T13:39:28","date_gmt":"2021-02-04T11:39:28","guid":{"rendered":"https:\/\/uusimeidanmetsamme.jlehtinen.net\/?page_id=921"},"modified":"2022-10-11T11:23:37","modified_gmt":"2022-10-11T08:23:37","slug":"pa-svenska","status":"publish","type":"page","link":"https:\/\/meidanmetsamme.org\/index.php\/etusivu\/pa-svenska\/","title":{"rendered":"P\u00e5 svenska"},"content":{"rendered":"\n<figure class=\"wp-block-image size-full\"><img loading=\"lazy\" decoding=\"async\" width=\"1632\" height=\"1224\" src=\"https:\/\/meidanmetsamme.org\/wp-content\/uploads\/2021\/03\/lapsi-ja-kuusi.jpg\" alt=\"\" class=\"wp-image-1827\" srcset=\"https:\/\/meidanmetsamme.org\/wp-content\/uploads\/2021\/03\/lapsi-ja-kuusi.jpg 1632w, https:\/\/meidanmetsamme.org\/wp-content\/uploads\/2021\/03\/lapsi-ja-kuusi-300x225.jpg 300w, https:\/\/meidanmetsamme.org\/wp-content\/uploads\/2021\/03\/lapsi-ja-kuusi-1024x768.jpg 1024w, https:\/\/meidanmetsamme.org\/wp-content\/uploads\/2021\/03\/lapsi-ja-kuusi-768x576.jpg 768w, https:\/\/meidanmetsamme.org\/wp-content\/uploads\/2021\/03\/lapsi-ja-kuusi-1536x1152.jpg 1536w, https:\/\/meidanmetsamme.org\/wp-content\/uploads\/2021\/03\/lapsi-ja-kuusi-1568x1176.jpg 1568w\" sizes=\"auto, (max-width: 1632px) 100vw, 1632px\" \/><figcaption>Kuva: Eeva-Stiina L\u00f6nnemo<\/figcaption><\/figure>\n\n\n\n<p>Skogens biologiska m\u00e5ngfald har en avg\u00f6rande betydelse f\u00f6r allt liv och f\u00f6r ett ekologiskt h\u00e5llbart v\u00e4lbefinnande. <\/p>\n\n\n\n<h2 class=\"wp-block-heading\">Medborgarnas st\u00e4llningstagande V\u00e5ra skogar<\/h2>\n\n\n\n<p>Medborgarnas st\u00e4llningstagande V\u00c5RA SKOGAR kr\u00e4ver att beh\u00f6vliga skogsskydds\u00e5tg\u00e4rder genomf\u00f6rs samt att skogsv\u00e5rden utvecklas i en mera h\u00e5llbar riktning. <\/p>\n\n\n\n<p>Under de n\u00e4rmaste 20 \u00e5ren kommer Finlands alla \u00f6ver 160 \u00e5r gamla skogar att f\u00f6rsvinna. Dessa skogar uppr\u00e4tth\u00e5ller skogarnas biologiska m\u00e5ngfald. F\u00f6r skogens inv\u00e5nare \u00e4r denna utveckling f\u00f6r\u00f6dande: antalet tofsmesar och svartmesar har minskat med h\u00e4lften p\u00e5 bara 15 \u00e5r. <\/p>\n\n\n\n<p>F\u00f6rutom att livsmilj\u00f6n utarmas f\u00f6rst\u00f6rs f\u00e5gelbon och andra djurs bon pga. skogshyggen, \u00e4ven om det enligt lagen om naturskydd \u00e4r f\u00f6rbjudet att st\u00f6ra h\u00e4ckande djur och deras bon. Omfattande kalhyggen f\u00f6rorsakar traumatiska upplevelser ocks\u00e5 hos m\u00e4nniskor. Den v\u00e4lbekanta skogen med alla dess minnen och allt den gett och bidragit med finns inte mer och inte alls i de f\u00f6ljande generationernas liv.<\/p>\n\n\n\n<p>F\u00f6r tillf\u00e4llet ut\u00f6kas Finlands skogshyggen i s\u00e5 h\u00f6g grad att forskarna anser att de investeringar som nu planeras inom tr\u00e4industrin \u00e4ventyrar Finlands koldioxids\u00e4nkor och landets klimatpolitik. Samtidigt visar unders\u00f6kningar att merparten av finl\u00e4ndarna vill bevara skogarna i h\u00f6gsta m\u00f6jliga naturtillst\u00e5nd.<\/p>\n\n\n\n<p>Omkring 400 m\u00e4nniskor samlades i Helsingfors domkyrkas krypta 27.10.2018 f\u00f6r att ta st\u00e4llning f\u00f6r V\u00c5RA SKOGAR. I programmet som byggdes upp av personliga ber\u00e4ttelser, konstn\u00e4rliga inslag och vetenskapliga anf\u00f6randen uttrycktes b\u00e5de skogsgl\u00e4dje och skogssorg. Forskare, skogs\u00e4gare, f\u00f6retagare och politiker spann vidare p\u00e5 fr\u00e5gan om hur skogsv\u00e5rden kan f\u00f6rnyas i h\u00e5llbar riktning. <\/p>\n\n\n\n<h2 class=\"wp-block-heading\">V\u00e5ra skogar -st\u00e4llningstaganden<\/h2>\n\n\n\n<ul class=\"wp-block-list\"><li><a href=\"https:\/\/meidanmetsamme.org\/wp-content\/uploads\/2020\/01\/vara-skogar-stallningstagandet-2019.pdf\">V\u00e5ra skogar -st\u00e4llningstagande<\/a>, uppdaterad 29.11.2019 &#8211; pdf-fil<\/li><li><a href=\"https:\/\/meidanmetsamme.org\/wp-content\/uploads\/2018\/09\/vara-skogar-stallningstagandet-2018.pdf\">V\u00e5ra skogar -st\u00e4llningstagande<\/a>, f\u00f6rsta versionen 27.10.2018 &#8211; pdf-fil<\/li><\/ul>\n\n\n\n<ul class=\"wp-block-list\"><li><a href=\"https:\/\/meidanmetsamme.org\/index.php\/2018\/12\/21\/kannanoton-videotallenne\/\" data-type=\"post\" data-id=\"555\">Se videon fr\u00e5n evenemanget<\/a> 27.10.2018<\/li><\/ul>\n\n\n\n<p>St\u00e4llningstagandet \u00f6verl\u00e4mnades i sin skriftliga form till milj\u00f6ministerns och jord- och skogsbruksministerns representant. St\u00e4llningstagandet h\u00e4nvisar och ansluter sig inneh\u00e5llsm\u00e4ssigt till <\/p>\n\n\n\n<ul class=\"wp-block-list\"><li>WWF Finlands Vision f\u00f6r skogen\/Mets\u00e4visio 2025<\/li><li>Finlands Naturskyddsf\u00f6rbunds m\u00e5ls\u00e4ttningar g\u00e4llande skogen 2018-2030<\/li><li>Deklarationen (24.3.2017) av 68 forskare om f\u00f6ljderna av skogsbruksplanerna i Finland samt <\/li><li>medborgarinitiativet \u201dF\u00f6rpassa kalhyggen till historien\u201d (Avohakkuut historiaan, 17.5.2018).<\/li><\/ul>\n\n\n\n<h2 class=\"wp-block-heading\" id=\"forsamlingarnas-skogar\">Medborgarr\u00f6relse uppmanar kyrkan att f\u00f6rnya sin skogsv\u00e5rd:<\/h2>\n\n\n\n<h2 class=\"wp-block-heading\">F\u00f6rsamlingarnas skogar<\/h2>\n\n\n\n<ul class=\"wp-block-list\"><li><a rel=\"noreferrer noopener\" href=\"https:\/\/meidanmetsamme.org\/wp-content\/uploads\/2021\/04\/PRESSMEDDELANDE-Vara-skogar.pdf\" target=\"_blank\">Kyrkan skall skydda sina skogar<\/a>, pressmeddelande 19.4.2021 &#8211; pdf-fil<\/li><\/ul>\n\n\n\n<ul class=\"wp-block-list\"><li><a href=\"https:\/\/meidanmetsamme.org\/wp-content\/uploads\/2021\/03\/Upprop-till-forsamlingarna.pdf\">Upprop till f\u00f6rsamlingarna<\/a>, 9.11.2020, 13.12.2020 &#8211; pdf-fil<\/li><li><a href=\"https:\/\/meidanmetsamme.org\/wp-content\/uploads\/2020\/11\/Pressmeddelande201109.pdf\">Pressmeddelande<\/a> 9.11.2020 &#8211; pdf-fil<\/li><\/ul>\n\n\n\n<p><a rel=\"noreferrer noopener\" href=\"https:\/\/www.adressit.com\/kirkon_metsien_monimuotoisuus_turvattava\" target=\"_blank\">Adressit.com \u2013 kirkon metsien monimuotoisuus turvattava<\/a> &#8211; Biodiversiteten i kyrkans skogar m\u00e5ste tryggas (p\u00e5 finska) &#8211; namninsamlingen har upph\u00f6rt<\/p>\n\n\n\n<p><a href=\"http:\/\/www.kimitoonsnatur.fi\/2021\/02\/kyrkan-bor-skydda-mangfalden-i-vara-skogar-och-bidra-till-att-forhindra-utarmningen-av-naturen\/\">Kimito\u00f6ns natur:<\/a> Kyrkan b\u00f6r skydda m\u00e5ngfalden i v\u00e5ra skogar och bidra till att f\u00f6rhindra utarmningen av naturen<\/p>\n\n\n\n<h2 class=\"wp-block-heading\">Nyttiga skogsl\u00e4nkar<\/h2>\n\n\n\n<ul class=\"wp-block-list\"><li><a rel=\"noreferrer noopener\" href=\"https:\/\/wwf.fi\/app\/uploads\/7\/t\/c\/7rwf8zzdll8ce3xk9slkpd\/metsaopas_2019_sve_web.pdf\" target=\"_blank\">WWF:s skogsv\u00e5rdsguide<\/a> &#8211; pdf-fil<\/li><\/ul>\n\n\n\n<p><a rel=\"noreferrer noopener\" href=\"https:\/\/www.sll.fi\/raasepori\/sv\/2020\/12\/29\/invanarinitiativ-angaende-kalhyggen\/\" target=\"_blank\">FNF: Inv\u00e5narinitiativ ang\u00e5ende kalhyggen i Raseborg<\/a> <\/p>\n\n\n\n<p><a href=\"https:\/\/www.sll.fi\/raasepori\/sv\/ditt-landskap\/kontinuerlig-skogsvard\/\" target=\"_blank\" rel=\"noreferrer noopener\">FNF, Raseborgs Natur: Kontinuerlig skogsv\u00e5rd<\/a><\/p>\n\n\n\n<p><a rel=\"noreferrer noopener\" href=\"https:\/\/www.naturochmiljo.fi\/lar-dig-mer\/skogsbruk\/\" target=\"_blank\">Natur och milj\u00f6<\/a>: En naturenlig och m\u00e5ngformig skog \u00e4r v\u00e4rdefull f\u00f6r biodiversiteten och har dessutom ett stort rekreationsv\u00e4rde f\u00f6r oss m\u00e4nniskor<\/p>\n\n\n\n<p><a href=\"https:\/\/www.naturochmiljo.fi\/lar-dig-mer\/perspektiv\/kontinuitetsskogsbruk-mojliggor-hallbara-losningar\/\" target=\"_blank\" rel=\"noreferrer noopener\">Natur och Milj\u00f6:<\/a> Kontinuitetsskogsbruk m\u00f6jligg\u00f6r h\u00e5llbara l\u00f6sningar<\/p>\n\n\n\n<p><a rel=\"noreferrer noopener\" href=\"https:\/\/www.eduskunta.fi\/SV\/vaski\/JulkaisuMetatieto\/Documents\/MI_9+2019.pdf\" target=\"_blank\">Laginitiativ om att upph\u00f6ra med kalhuggning p\u00e5 stats\u00e4gda omr\u00e5den<\/a><\/p>\n\n\n\n<p><a rel=\"noreferrer noopener\" href=\"https:\/\/moreofeverything.org\/\" target=\"_blank\">More Of Everything<\/a> &#8211; A Film About Swedish Forestry (v\u00e4lj svensk textning)<\/p>\n\n\n\n<p><a rel=\"noreferrer noopener\" href=\"https:\/\/konstenatt.se\/\" target=\"_blank\">Konsten att hugga ved och ha skogen kvar<\/a><\/p>\n\n\n\n<p><a href=\"https:\/\/www.youtube.com\/watch?v=ZACtwv7N5YU\" target=\"_blank\" rel=\"noreferrer noopener\">Mikael Karlssons f\u00f6rel\u00e4sning om ekosystembaserat skogsbruk<\/a><a href=\"https:\/\/www.youtube.com\/watch?v=ZACtwv7N5YU\"> (Mariehamn 19.9.2022)<\/a><\/p>\n","protected":false},"excerpt":{"rendered":"<p>Skogens biologiska m\u00e5ngfald har en avg\u00f6rande betydelse f\u00f6r allt liv och f\u00f6r ett ekologiskt h\u00e5llbart v\u00e4lbefinnande. Medborgarnas st\u00e4llningstagande V\u00e5ra skogar Medborgarnas st\u00e4llningstagande V\u00c5RA SKOGAR kr\u00e4ver att beh\u00f6vliga skogsskydds\u00e5tg\u00e4rder genomf\u00f6rs samt att skogsv\u00e5rden utvecklas i en mera h\u00e5llbar riktning. Under de n\u00e4rmaste 20 \u00e5ren kommer Finlands alla \u00f6ver 160 \u00e5r gamla skogar att f\u00f6rsvinna. Dessa skogar&hellip; <a class=\"more-link\" href=\"https:\/\/meidanmetsamme.org\/index.php\/etusivu\/pa-svenska\/\">Jatka lukemista <span class=\"screen-reader-text\">P\u00e5 svenska<\/span><\/a><\/p>\n","protected":false},"author":4,"featured_media":0,"parent":861,"menu_order":0,"comment_status":"closed","ping_status":"closed","template":"","meta":{"footnotes":""},"class_list":["post-921","page","type-page","status-publish","hentry","entry"],"yoast_head":"<!-- This site is optimized with the Yoast SEO plugin v27.3 - https:\/\/yoast.com\/product\/yoast-seo-wordpress\/ -->\n<title>P\u00e5 svenska - MEID\u00c4N METS\u00c4MME \u2011kansalaisliike<\/title>\n<meta name=\"robots\" content=\"index, follow, max-snippet:-1, max-image-preview:large, max-video-preview:-1\" \/>\n<link rel=\"canonical\" href=\"https:\/\/meidanmetsamme.org\/index.php\/etusivu\/pa-svenska\/\" \/>\n<meta property=\"og:locale\" content=\"fi_FI\" \/>\n<meta property=\"og:type\" content=\"article\" \/>\n<meta property=\"og:title\" content=\"P\u00e5 svenska - MEID\u00c4N METS\u00c4MME \u2011kansalaisliike\" \/>\n<meta property=\"og:description\" content=\"Skogens biologiska m\u00e5ngfald har en avg\u00f6rande betydelse f\u00f6r allt liv och f\u00f6r ett ekologiskt h\u00e5llbart v\u00e4lbefinnande. Medborgarnas st\u00e4llningstagande V\u00e5ra skogar Medborgarnas st\u00e4llningstagande V\u00c5RA SKOGAR kr\u00e4ver att beh\u00f6vliga skogsskydds\u00e5tg\u00e4rder genomf\u00f6rs samt att skogsv\u00e5rden utvecklas i en mera h\u00e5llbar riktning. Under de n\u00e4rmaste 20 \u00e5ren kommer Finlands alla \u00f6ver 160 \u00e5r gamla skogar att f\u00f6rsvinna. Dessa skogar&hellip; Jatka lukemista P\u00e5 svenska\" \/>\n<meta property=\"og:url\" content=\"https:\/\/meidanmetsamme.org\/index.php\/etusivu\/pa-svenska\/\" \/>\n<meta property=\"og:site_name\" content=\"MEID\u00c4N METS\u00c4MME \u2011kansalaisliike\" \/>\n<meta property=\"article:modified_time\" content=\"2022-10-11T08:23:37+00:00\" \/>\n<meta property=\"og:image\" content=\"https:\/\/meidanmetsamme.org\/wp-content\/uploads\/2021\/03\/lapsi-ja-kuusi.jpg\" \/>\n\t<meta property=\"og:image:width\" content=\"1632\" \/>\n\t<meta property=\"og:image:height\" content=\"1224\" \/>\n\t<meta property=\"og:image:type\" content=\"image\/jpeg\" \/>\n<meta name=\"twitter:card\" content=\"summary_large_image\" \/>\n<meta name=\"twitter:label1\" content=\"Arvioitu lukuaika\" \/>\n\t<meta name=\"twitter:data1\" content=\"2 minuuttia\" \/>\n<script type=\"application\/ld+json\" class=\"yoast-schema-graph\">{\"@context\":\"https:\\\/\\\/schema.org\",\"@graph\":[{\"@type\":\"WebPage\",\"@id\":\"https:\\\/\\\/meidanmetsamme.org\\\/index.php\\\/etusivu\\\/pa-svenska\\\/\",\"url\":\"https:\\\/\\\/meidanmetsamme.org\\\/index.php\\\/etusivu\\\/pa-svenska\\\/\",\"name\":\"P\u00e5 svenska - MEID\u00c4N METS\u00c4MME \u2011kansalaisliike\",\"isPartOf\":{\"@id\":\"https:\\\/\\\/meidanmetsamme.org\\\/#website\"},\"primaryImageOfPage\":{\"@id\":\"https:\\\/\\\/meidanmetsamme.org\\\/index.php\\\/etusivu\\\/pa-svenska\\\/#primaryimage\"},\"image\":{\"@id\":\"https:\\\/\\\/meidanmetsamme.org\\\/index.php\\\/etusivu\\\/pa-svenska\\\/#primaryimage\"},\"thumbnailUrl\":\"https:\\\/\\\/meidanmetsamme.org\\\/wp-content\\\/uploads\\\/2021\\\/03\\\/lapsi-ja-kuusi.jpg\",\"datePublished\":\"2021-02-04T11:39:28+00:00\",\"dateModified\":\"2022-10-11T08:23:37+00:00\",\"breadcrumb\":{\"@id\":\"https:\\\/\\\/meidanmetsamme.org\\\/index.php\\\/etusivu\\\/pa-svenska\\\/#breadcrumb\"},\"inLanguage\":\"fi\",\"potentialAction\":[{\"@type\":\"ReadAction\",\"target\":[\"https:\\\/\\\/meidanmetsamme.org\\\/index.php\\\/etusivu\\\/pa-svenska\\\/\"]}]},{\"@type\":\"ImageObject\",\"inLanguage\":\"fi\",\"@id\":\"https:\\\/\\\/meidanmetsamme.org\\\/index.php\\\/etusivu\\\/pa-svenska\\\/#primaryimage\",\"url\":\"https:\\\/\\\/meidanmetsamme.org\\\/wp-content\\\/uploads\\\/2021\\\/03\\\/lapsi-ja-kuusi.jpg\",\"contentUrl\":\"https:\\\/\\\/meidanmetsamme.org\\\/wp-content\\\/uploads\\\/2021\\\/03\\\/lapsi-ja-kuusi.jpg\",\"width\":1632,\"height\":1224},{\"@type\":\"BreadcrumbList\",\"@id\":\"https:\\\/\\\/meidanmetsamme.org\\\/index.php\\\/etusivu\\\/pa-svenska\\\/#breadcrumb\",\"itemListElement\":[{\"@type\":\"ListItem\",\"position\":1,\"name\":\"Home\",\"item\":\"https:\\\/\\\/meidanmetsamme.org\\\/\"},{\"@type\":\"ListItem\",\"position\":2,\"name\":\"Etusivu\",\"item\":\"https:\\\/\\\/meidanmetsamme.org\\\/\"},{\"@type\":\"ListItem\",\"position\":3,\"name\":\"P\u00e5 svenska\"}]},{\"@type\":\"WebSite\",\"@id\":\"https:\\\/\\\/meidanmetsamme.org\\\/#website\",\"url\":\"https:\\\/\\\/meidanmetsamme.org\\\/\",\"name\":\"MEID\u00c4N METS\u00c4MME \u2011kansalaisliike\",\"description\":\"Pidet\u00e4\u00e4n metsist\u00e4mme parempaa huolta\",\"publisher\":{\"@id\":\"https:\\\/\\\/meidanmetsamme.org\\\/#organization\"},\"potentialAction\":[{\"@type\":\"SearchAction\",\"target\":{\"@type\":\"EntryPoint\",\"urlTemplate\":\"https:\\\/\\\/meidanmetsamme.org\\\/?s={search_term_string}\"},\"query-input\":{\"@type\":\"PropertyValueSpecification\",\"valueRequired\":true,\"valueName\":\"search_term_string\"}}],\"inLanguage\":\"fi\"},{\"@type\":\"Organization\",\"@id\":\"https:\\\/\\\/meidanmetsamme.org\\\/#organization\",\"name\":\"MEID\u00c4N METS\u00c4MME \u2011kansalaisliike\",\"url\":\"https:\\\/\\\/meidanmetsamme.org\\\/\",\"logo\":{\"@type\":\"ImageObject\",\"inLanguage\":\"fi\",\"@id\":\"https:\\\/\\\/meidanmetsamme.org\\\/#\\\/schema\\\/logo\\\/image\\\/\",\"url\":\"https:\\\/\\\/meidanmetsamme.org\\\/wp-content\\\/uploads\\\/2019\\\/10\\\/cropped-meidanmetsamme-logo-ellipse-200px.png\",\"contentUrl\":\"https:\\\/\\\/meidanmetsamme.org\\\/wp-content\\\/uploads\\\/2019\\\/10\\\/cropped-meidanmetsamme-logo-ellipse-200px.png\",\"width\":200,\"height\":123,\"caption\":\"MEID\u00c4N METS\u00c4MME \u2011kansalaisliike\"},\"image\":{\"@id\":\"https:\\\/\\\/meidanmetsamme.org\\\/#\\\/schema\\\/logo\\\/image\\\/\"}}]}<\/script>\n<!-- \/ Yoast SEO plugin. -->","yoast_head_json":{"title":"P\u00e5 svenska - MEID\u00c4N METS\u00c4MME \u2011kansalaisliike","robots":{"index":"index","follow":"follow","max-snippet":"max-snippet:-1","max-image-preview":"max-image-preview:large","max-video-preview":"max-video-preview:-1"},"canonical":"https:\/\/meidanmetsamme.org\/index.php\/etusivu\/pa-svenska\/","og_locale":"fi_FI","og_type":"article","og_title":"P\u00e5 svenska - MEID\u00c4N METS\u00c4MME \u2011kansalaisliike","og_description":"Skogens biologiska m\u00e5ngfald har en avg\u00f6rande betydelse f\u00f6r allt liv och f\u00f6r ett ekologiskt h\u00e5llbart v\u00e4lbefinnande. Medborgarnas st\u00e4llningstagande V\u00e5ra skogar Medborgarnas st\u00e4llningstagande V\u00c5RA SKOGAR kr\u00e4ver att beh\u00f6vliga skogsskydds\u00e5tg\u00e4rder genomf\u00f6rs samt att skogsv\u00e5rden utvecklas i en mera h\u00e5llbar riktning. Under de n\u00e4rmaste 20 \u00e5ren kommer Finlands alla \u00f6ver 160 \u00e5r gamla skogar att f\u00f6rsvinna. Dessa skogar&hellip; Jatka lukemista P\u00e5 svenska","og_url":"https:\/\/meidanmetsamme.org\/index.php\/etusivu\/pa-svenska\/","og_site_name":"MEID\u00c4N METS\u00c4MME \u2011kansalaisliike","article_modified_time":"2022-10-11T08:23:37+00:00","og_image":[{"width":1632,"height":1224,"url":"https:\/\/meidanmetsamme.org\/wp-content\/uploads\/2021\/03\/lapsi-ja-kuusi.jpg","type":"image\/jpeg"}],"twitter_card":"summary_large_image","twitter_misc":{"Arvioitu lukuaika":"2 minuuttia"},"schema":{"@context":"https:\/\/schema.org","@graph":[{"@type":"WebPage","@id":"https:\/\/meidanmetsamme.org\/index.php\/etusivu\/pa-svenska\/","url":"https:\/\/meidanmetsamme.org\/index.php\/etusivu\/pa-svenska\/","name":"P\u00e5 svenska - MEID\u00c4N METS\u00c4MME \u2011kansalaisliike","isPartOf":{"@id":"https:\/\/meidanmetsamme.org\/#website"},"primaryImageOfPage":{"@id":"https:\/\/meidanmetsamme.org\/index.php\/etusivu\/pa-svenska\/#primaryimage"},"image":{"@id":"https:\/\/meidanmetsamme.org\/index.php\/etusivu\/pa-svenska\/#primaryimage"},"thumbnailUrl":"https:\/\/meidanmetsamme.org\/wp-content\/uploads\/2021\/03\/lapsi-ja-kuusi.jpg","datePublished":"2021-02-04T11:39:28+00:00","dateModified":"2022-10-11T08:23:37+00:00","breadcrumb":{"@id":"https:\/\/meidanmetsamme.org\/index.php\/etusivu\/pa-svenska\/#breadcrumb"},"inLanguage":"fi","potentialAction":[{"@type":"ReadAction","target":["https:\/\/meidanmetsamme.org\/index.php\/etusivu\/pa-svenska\/"]}]},{"@type":"ImageObject","inLanguage":"fi","@id":"https:\/\/meidanmetsamme.org\/index.php\/etusivu\/pa-svenska\/#primaryimage","url":"https:\/\/meidanmetsamme.org\/wp-content\/uploads\/2021\/03\/lapsi-ja-kuusi.jpg","contentUrl":"https:\/\/meidanmetsamme.org\/wp-content\/uploads\/2021\/03\/lapsi-ja-kuusi.jpg","width":1632,"height":1224},{"@type":"BreadcrumbList","@id":"https:\/\/meidanmetsamme.org\/index.php\/etusivu\/pa-svenska\/#breadcrumb","itemListElement":[{"@type":"ListItem","position":1,"name":"Home","item":"https:\/\/meidanmetsamme.org\/"},{"@type":"ListItem","position":2,"name":"Etusivu","item":"https:\/\/meidanmetsamme.org\/"},{"@type":"ListItem","position":3,"name":"P\u00e5 svenska"}]},{"@type":"WebSite","@id":"https:\/\/meidanmetsamme.org\/#website","url":"https:\/\/meidanmetsamme.org\/","name":"MEID\u00c4N METS\u00c4MME \u2011kansalaisliike","description":"Pidet\u00e4\u00e4n metsist\u00e4mme parempaa huolta","publisher":{"@id":"https:\/\/meidanmetsamme.org\/#organization"},"potentialAction":[{"@type":"SearchAction","target":{"@type":"EntryPoint","urlTemplate":"https:\/\/meidanmetsamme.org\/?s={search_term_string}"},"query-input":{"@type":"PropertyValueSpecification","valueRequired":true,"valueName":"search_term_string"}}],"inLanguage":"fi"},{"@type":"Organization","@id":"https:\/\/meidanmetsamme.org\/#organization","name":"MEID\u00c4N METS\u00c4MME \u2011kansalaisliike","url":"https:\/\/meidanmetsamme.org\/","logo":{"@type":"ImageObject","inLanguage":"fi","@id":"https:\/\/meidanmetsamme.org\/#\/schema\/logo\/image\/","url":"https:\/\/meidanmetsamme.org\/wp-content\/uploads\/2019\/10\/cropped-meidanmetsamme-logo-ellipse-200px.png","contentUrl":"https:\/\/meidanmetsamme.org\/wp-content\/uploads\/2019\/10\/cropped-meidanmetsamme-logo-ellipse-200px.png","width":200,"height":123,"caption":"MEID\u00c4N METS\u00c4MME \u2011kansalaisliike"},"image":{"@id":"https:\/\/meidanmetsamme.org\/#\/schema\/logo\/image\/"}}]}},"_links":{"self":[{"href":"https:\/\/meidanmetsamme.org\/index.php\/wp-json\/wp\/v2\/pages\/921","targetHints":{"allow":["GET"]}}],"collection":[{"href":"https:\/\/meidanmetsamme.org\/index.php\/wp-json\/wp\/v2\/pages"}],"about":[{"href":"https:\/\/meidanmetsamme.org\/index.php\/wp-json\/wp\/v2\/types\/page"}],"author":[{"embeddable":true,"href":"https:\/\/meidanmetsamme.org\/index.php\/wp-json\/wp\/v2\/users\/4"}],"replies":[{"embeddable":true,"href":"https:\/\/meidanmetsamme.org\/index.php\/wp-json\/wp\/v2\/comments?post=921"}],"version-history":[{"count":28,"href":"https:\/\/meidanmetsamme.org\/index.php\/wp-json\/wp\/v2\/pages\/921\/revisions"}],"predecessor-version":[{"id":2294,"href":"https:\/\/meidanmetsamme.org\/index.php\/wp-json\/wp\/v2\/pages\/921\/revisions\/2294"}],"up":[{"embeddable":true,"href":"https:\/\/meidanmetsamme.org\/index.php\/wp-json\/wp\/v2\/pages\/861"}],"wp:attachment":[{"href":"https:\/\/meidanmetsamme.org\/index.php\/wp-json\/wp\/v2\/media?parent=921"}],"curies":[{"name":"wp","href":"https:\/\/api.w.org\/{rel}","templated":true}]}}