{"id":971,"date":"2021-02-09T18:17:51","date_gmt":"2021-02-09T16:17:51","guid":{"rendered":"https:\/\/uusimeidanmetsamme.jlehtinen.net\/?page_id=971"},"modified":"2021-02-27T14:18:03","modified_gmt":"2021-02-27T12:18:03","slug":"metsadialogisarja-3-3","status":"publish","type":"page","link":"https:\/\/meidanmetsamme.org\/index.php\/etusivu\/metsadialogit\/metsadialogisarja-3-3\/","title":{"rendered":"Kolmen kerran mets\u00e4dialogisarja 2020-2021"},"content":{"rendered":"\n<h2 class=\"wp-block-heading\">Mets\u00e4dialogisarja 3\/3<\/h2>\n\n\n\n<p>Kolmen kerran mets\u00e4dialogisarjan viimeinen osa j\u00e4rjestettiin 20.1.2021 Espoossa Velskolan toimintakeskuksessa. Kokoonnuimme nuotion \u00e4\u00e4reen pohtimaan \u201dmiten teemme yhdess\u00e4 metsiin liittyv\u00e4\u00e4 muutosty\u00f6t\u00e4 vaikuttavasti ja dialogisesti? \u201d<\/p>\n\n\n\n<figure class=\"wp-block-image size-large\"><img loading=\"lazy\" decoding=\"async\" width=\"768\" height=\"427\" src=\"https:\/\/meidanmetsamme.org\/wp-content\/uploads\/2021\/02\/Nuotiolla-sarja-3-3.jpg\" alt=\"\" class=\"wp-image-1092\" srcset=\"https:\/\/meidanmetsamme.org\/wp-content\/uploads\/2021\/02\/Nuotiolla-sarja-3-3.jpg 768w, https:\/\/meidanmetsamme.org\/wp-content\/uploads\/2021\/02\/Nuotiolla-sarja-3-3-300x167.jpg 300w\" sizes=\"auto, (max-width: 768px) 100vw, 768px\" \/><\/figure>\n\n\n\n<p>Kehittelimme ideoita erilaisten muuttuvien mets\u00e4tavoitteiden tunnistamiseen ja monipuolisen tiedon ja tuen tarjoamiseen dialogisin keinoin. Mukana oli edustajia Mets\u00e4hallituksesta, Mets\u00e4keskuksesta, BIOS -tutkimusyksik\u00f6st\u00e4, Aalto-yliopistosta sek\u00e4 mets\u00e4nomistajia ja Meid\u00e4n mets\u00e4mme-kansalaisliikkeen edustajia. Dialogia fasilitoi Timo J\u00e4rvensivu.<\/p>\n\n\n\n<div class=\"wp-block-columns is-layout-flex wp-container-core-columns-is-layout-9d6595d7 wp-block-columns-is-layout-flex\">\n<div class=\"wp-block-column is-layout-flow wp-block-column-is-layout-flow\">\n<figure class=\"wp-block-image size-large is-resized\"><img loading=\"lazy\" decoding=\"async\" src=\"https:\/\/meidanmetsamme.org\/wp-content\/uploads\/2021\/02\/Lappu-dialogisesti.jpg\" alt=\"\" class=\"wp-image-1093\" width=\"388\" height=\"248\"\/><\/figure>\n<\/div>\n\n\n\n<div class=\"wp-block-column is-layout-flow wp-block-column-is-layout-flow\">\n<figure class=\"wp-block-image size-large\"><img loading=\"lazy\" decoding=\"async\" width=\"768\" height=\"512\" src=\"https:\/\/meidanmetsamme.org\/wp-content\/uploads\/2021\/02\/Laput-dialogisesti.jpg\" alt=\"\" class=\"wp-image-1094\" srcset=\"https:\/\/meidanmetsamme.org\/wp-content\/uploads\/2021\/02\/Laput-dialogisesti.jpg 768w, https:\/\/meidanmetsamme.org\/wp-content\/uploads\/2021\/02\/Laput-dialogisesti-300x200.jpg 300w\" sizes=\"auto, (max-width: 768px) 100vw, 768px\" \/><\/figure>\n<\/div>\n<\/div>\n\n\n\n<p>Vietimme rennon p\u00e4iv\u00e4n kauniissa, lumisessa talvis\u00e4\u00e4ss\u00e4 ja pikkupakkasessa. K\u00e4velimme Velskolassa jyhkeiden metsien, peltojen ja puroluonnon rytmitt\u00e4miss\u00e4 vaihtelevissa maisemissa. Mets\u00e4k\u00e4velylle mukaan liittyiv\u00e4t kehitysp\u00e4\u00e4llikk\u00f6 Kerttuli Boucht, Asko Leinonen ja Juha Ollila Espoon seurakuntayhtym\u00e4st\u00e4. He kertoivat Espoon mets\u00e4nhoidon muuttuneista tavoitteista. Kiitos heille mielenkiintoisesta keskustelusta ja osallistumisesta.<\/p>\n\n\n\n<p>Suurkiitos kaikille mukana olleille ja Velskolan toimintakeskuksen yst\u00e4v\u00e4lliselle ja palvelualttiille v\u00e4elle. Olipa antoisa ja mukava p\u00e4iv\u00e4.<\/p>\n\n\n\n<div class=\"wp-block-columns is-layout-flex wp-container-core-columns-is-layout-9d6595d7 wp-block-columns-is-layout-flex\">\n<div class=\"wp-block-column is-layout-flow wp-block-column-is-layout-flow\">\n<figure class=\"wp-block-image size-large\"><img loading=\"lazy\" decoding=\"async\" width=\"768\" height=\"433\" src=\"https:\/\/meidanmetsamme.org\/wp-content\/uploads\/2021\/02\/Kavelemassa-sarja-3-3.jpg\" alt=\"\" class=\"wp-image-1095\" srcset=\"https:\/\/meidanmetsamme.org\/wp-content\/uploads\/2021\/02\/Kavelemassa-sarja-3-3.jpg 768w, https:\/\/meidanmetsamme.org\/wp-content\/uploads\/2021\/02\/Kavelemassa-sarja-3-3-300x169.jpg 300w\" sizes=\"auto, (max-width: 768px) 100vw, 768px\" \/><\/figure>\n<\/div>\n\n\n\n<div class=\"wp-block-column is-layout-flow wp-block-column-is-layout-flow\">\n<figure class=\"wp-block-image size-large\"><img loading=\"lazy\" decoding=\"async\" width=\"768\" height=\"531\" src=\"https:\/\/meidanmetsamme.org\/wp-content\/uploads\/2021\/02\/Seisomassa-sarja-3-3.jpg\" alt=\"\" class=\"wp-image-1096\" srcset=\"https:\/\/meidanmetsamme.org\/wp-content\/uploads\/2021\/02\/Seisomassa-sarja-3-3.jpg 768w, https:\/\/meidanmetsamme.org\/wp-content\/uploads\/2021\/02\/Seisomassa-sarja-3-3-300x207.jpg 300w\" sizes=\"auto, (max-width: 768px) 100vw, 768px\" \/><\/figure>\n<\/div>\n<\/div>\n\n\n\n<h2 class=\"wp-block-heading\">Mets\u00e4dialogisarja 2\/3<\/h2>\n\n\n\n<p>Kolmen kerran mets\u00e4dialogisarjan toinen osa k\u00e4ytiin 17.11.2020 Espoon Velskolan toimintakeskuksessa. Pieni joukko mets\u00e4ihmisi\u00e4 kokoontui nuotion \u00e4\u00e4reen pohtimaan mit\u00e4 \u201dkokonaiskest\u00e4vyys\u201d -k\u00e4site voisi mets\u00e4nk\u00e4yt\u00f6n kannalta tarkoittaa ja miten p\u00e4\u00e4sisimme sit\u00e4 kohti?<\/p>\n\n\n\n<figure class=\"wp-block-image size-large\"><img loading=\"lazy\" decoding=\"async\" width=\"1024\" height=\"768\" src=\"https:\/\/meidanmetsamme.org\/wp-content\/uploads\/2020\/11\/metsadialogi-Velskolassa-17.11.-1024x768.jpg\" alt=\"Mets\u00e4dialogi Velskolassa 17.11.\" class=\"wp-image-786\" srcset=\"https:\/\/meidanmetsamme.org\/wp-content\/uploads\/2020\/11\/metsadialogi-Velskolassa-17.11.-1024x768.jpg 1024w, https:\/\/meidanmetsamme.org\/wp-content\/uploads\/2020\/11\/metsadialogi-Velskolassa-17.11.-300x225.jpg 300w, https:\/\/meidanmetsamme.org\/wp-content\/uploads\/2020\/11\/metsadialogi-Velskolassa-17.11.-768x576.jpg 768w, https:\/\/meidanmetsamme.org\/wp-content\/uploads\/2020\/11\/metsadialogi-Velskolassa-17.11..jpg 1440w\" sizes=\"auto, (max-width: 1024px) 100vw, 1024px\" \/><\/figure>\n\n\n\n<p>Mukana oli edustajia Mets\u00e4hallituksesta, Ymp\u00e4rist\u00f6ministeri\u00f6st\u00e4, Mets\u00e4keskuksesta, BIOS -tutkimusyksik\u00f6st\u00e4, \u00c5bo Akademista, Aalto-yliopistosta, mets\u00e4nomistaja ja Meid\u00e4n mets\u00e4mme -edustaja. Dialogia fasilitoi Timo J\u00e4rvensivu.<\/p>\n\n\n\n<p>Vietimme p\u00e4iv\u00e4n tihkusateelta suojassa, v\u00e4lill\u00e4 k\u00e4vellen ja k\u00e4yden vihre\u00e4n pehme\u00e4ss\u00e4 mets\u00e4ss\u00e4 noron varrella aistimassa my\u00f6s kaikkea sit\u00e4 mit\u00e4 emme silmin n\u00e4e. <\/p>\n\n\n\n<p>Jaoimme yhdess\u00e4 edelleen huolta ja pelkoakin meneill\u00e4\u00e4n olevasta suuresta muutoksesta ja yritimme l\u00f6yt\u00e4\u00e4 ratkaisuja. N\u00e4kemyksi\u00e4 on paljon eik\u00e4 ole helppo l\u00f6yt\u00e4\u00e4 yht\u00e4 oikeaa n\u00e4kemyst\u00e4 yhteiseen k\u00e4ytt\u00f6\u00f6n. <\/p>\n\n\n\n<p>Siit\u00e4 olimme yht\u00e4 mielt\u00e4, ett\u00e4&nbsp; paras tieteellinen tieto pit\u00e4\u00e4 saada k\u00e4ytt\u00f6\u00f6n ja samalla ymm\u00e4rt\u00e4\u00e4, ettei tiede koskaan ole t\u00e4ysin arvovapaata. Kokoonnumme viel\u00e4 kerran uuden vuoden puolella etsien uusia visioita monimuotoisen ja ilmaston muutosta hillitsev\u00e4n mets\u00e4politiikan l\u00f6yt\u00e4miseksi.<\/p>\n\n\n\n<p>Kiitos kaikille mukanaolijoille ja Velskolan toimintakeskuksen yst\u00e4v\u00e4lliselle ja palvelualttiille v\u00e4elle.<\/p>\n\n\n\n<h2 class=\"wp-block-heading\">Mets\u00e4dialogisarja 1\/3<\/h2>\n\n\n\n<p>Meid\u00e4n mets\u00e4mme-kansanliikkeen j\u00e4rjest\u00e4m\u00e4 kolmen kerran mets\u00e4dialogisarjan ensimm\u00e4inen osa pidettiin perjantaina 18.9.2020 Tammelassa. Valitsimme dialogipaikaksi luonnonkauniin, kahden kansallispuiston Torronsuon ja Liesj\u00e4rven Tammelan, miss\u00e4 my\u00f6s  metsien k\u00e4ytt\u00f6 n\u00e4kyy vahvasti maisemassa.<\/p>\n\n\n\n<figure class=\"wp-block-image size-large\"><img loading=\"lazy\" decoding=\"async\" width=\"720\" height=\"480\" src=\"https:\/\/meidanmetsamme.org\/wp-content\/uploads\/2020\/10\/IMG_7964-Small.jpg\" alt=\"\" class=\"wp-image-765\" srcset=\"https:\/\/meidanmetsamme.org\/wp-content\/uploads\/2020\/10\/IMG_7964-Small.jpg 720w, https:\/\/meidanmetsamme.org\/wp-content\/uploads\/2020\/10\/IMG_7964-Small-300x200.jpg 300w\" sizes=\"auto, (max-width: 720px) 100vw, 720px\" \/><\/figure>\n\n\n\n<p>Tarkoituksena oli yhteisest\u00e4 huolesta k\u00e4sin etsi\u00e4 vaihtoehtoisia visioita siit\u00e4, miten turvata mets\u00e4luonnon monimuotoisuus ja hillit\u00e4 p\u00e4\u00e4st\u00f6j\u00e4 ja samalla sopeutua ilmastonmuutokseen metsien k\u00e4yt\u00f6n n\u00e4k\u00f6kulmasta.<\/p>\n\n\n\n<p>Pyrimme kuuntelemaan ja ymm\u00e4rt\u00e4m\u00e4\u00e4n toisiamme. Ja t\u00e4n\u00e4\u00e4n erityisesti muistaen Einsteinin sanat: \u201dEmme voi ratkaista ongelmiamme samalla ajattelulla, jolla ne ovat<br>syntyneet.\u201d Matkaev\u00e4\u00e4ksi saimme Juha Kauppisen kirjasta Monimuotoisuus sitaatit: \u201dN\u00e4m\u00e4, jotka eiv\u00e4t puhu, sammalet ja perhoset. Ne vain katoavat sanomatta mit\u00e4\u00e4n\u2026On<br>helppo pelastaa luonnon monimuotoisuus ja ihmiskunta. Riitt\u00e4\u00e4 kun asettaa kourallisen<br>eli\u00f6lajeja ihmisen edelle t\u00e4rkeysj\u00e4rjestyksess\u00e4, ehdoitta, ilman poikkeuksia.\u201d<\/p>\n\n\n\n<p>Aluksi menimme Liesj\u00e4rventien varteen ilmaantuneelle laajalle avohakkuualueelle tekem\u00e4\u00e4n havaintoja siit\u00e4, mit\u00e4 n\u00e4imme. Jatkoimme matkaa Portaan kyl\u00e4\u00e4n varsinaiseen dialogipaikkaan Nahkurinverstaalle. Matkalla havainnoimme Liesj\u00e4rven kansallispuiston vieress\u00e4 olevia suometsien avohakkuualoja sek\u00e4 muita p\u00e4\u00e4tehakkuita sek\u00e4 eri vaiheissa olevia jaksollisen kasvatuksen alueita. Varsinaisessa Dialogissa pyrimme l\u00f6yt\u00e4m\u00e4\u00e4n erilaisia avauksia mets\u00e4keskustelun viemiseksi uudelle tasolle keh\u00e4kuvio ty\u00f6kaluna.<\/p>\n\n\n\n<figure class=\"wp-block-image size-large\"><img loading=\"lazy\" decoding=\"async\" width=\"720\" height=\"480\" src=\"https:\/\/meidanmetsamme.org\/wp-content\/uploads\/2020\/10\/IMG_8024-Small.jpg\" alt=\"\" class=\"wp-image-766\" srcset=\"https:\/\/meidanmetsamme.org\/wp-content\/uploads\/2020\/10\/IMG_8024-Small.jpg 720w, https:\/\/meidanmetsamme.org\/wp-content\/uploads\/2020\/10\/IMG_8024-Small-300x200.jpg 300w\" sizes=\"auto, (max-width: 720px) 100vw, 720px\" \/><\/figure>\n\n\n\n<figure class=\"wp-block-image size-large\"><img loading=\"lazy\" decoding=\"async\" width=\"711\" height=\"480\" src=\"https:\/\/meidanmetsamme.org\/wp-content\/uploads\/2020\/10\/IMG_8019-3-Small.jpg\" alt=\"\" class=\"wp-image-767\" srcset=\"https:\/\/meidanmetsamme.org\/wp-content\/uploads\/2020\/10\/IMG_8019-3-Small.jpg 711w, https:\/\/meidanmetsamme.org\/wp-content\/uploads\/2020\/10\/IMG_8019-3-Small-300x203.jpg 300w\" sizes=\"auto, (max-width: 711px) 100vw, 711px\" \/><\/figure>\n\n\n\n<p>T\u00e4st\u00e4 on hyv\u00e4 jatkaa dialogi-sarjaa. Kiitos kaikille mukana olijoille: Satu Rantala Maa-ja mets\u00e4talousministeri\u00f6st\u00e4, Antti Otsamo Mets\u00e4hallituksesta, mets\u00e4nomistaja Irina Niinivaara, Bj\u00f6rn Wikstr\u00f6m \u00c5bo Akademista, Eeva Houtbeckers Aalto-yliopistosta, Tuomo Kalliokoski Helsingin yliopistosta, Lauri Saaristo TAPIOsta, Antti Majava BIOS tutkimusyksik\u00f6st\u00e4, Markku Remes Mets\u00e4keskuksesta, Terhi Lehtonen<br>Ymp\u00e4rist\u00f6ministeri\u00f6st\u00e4, Ulla Montin ja Eeva-Stiina L\u00f6nnemo Meid\u00e4n mets\u00e4mme- ty\u00f6ryhm\u00e4st\u00e4 ja fasilitaattorina toimi Timo J\u00e4rvensivu.<\/p>\n","protected":false},"excerpt":{"rendered":"<p>Mets\u00e4dialogisarja 3\/3 Kolmen kerran mets\u00e4dialogisarjan viimeinen osa j\u00e4rjestettiin 20.1.2021 Espoossa Velskolan toimintakeskuksessa. Kokoonnuimme nuotion \u00e4\u00e4reen pohtimaan \u201dmiten teemme yhdess\u00e4 metsiin liittyv\u00e4\u00e4 muutosty\u00f6t\u00e4 vaikuttavasti ja dialogisesti? \u201d Kehittelimme ideoita erilaisten muuttuvien mets\u00e4tavoitteiden tunnistamiseen ja monipuolisen tiedon ja tuen tarjoamiseen dialogisin keinoin. Mukana oli edustajia Mets\u00e4hallituksesta, Mets\u00e4keskuksesta, BIOS -tutkimusyksik\u00f6st\u00e4, Aalto-yliopistosta sek\u00e4 mets\u00e4nomistajia ja Meid\u00e4n mets\u00e4mme-kansalaisliikkeen edustajia. Dialogia&hellip; <a class=\"more-link\" href=\"https:\/\/meidanmetsamme.org\/index.php\/etusivu\/metsadialogit\/metsadialogisarja-3-3\/\">Jatka lukemista <span class=\"screen-reader-text\">Kolmen kerran mets\u00e4dialogisarja 2020-2021<\/span><\/a><\/p>\n","protected":false},"author":4,"featured_media":0,"parent":842,"menu_order":0,"comment_status":"closed","ping_status":"closed","template":"","meta":{"footnotes":""},"class_list":["post-971","page","type-page","status-publish","hentry","entry"],"yoast_head":"<!-- This site is optimized with the Yoast SEO plugin v27.3 - https:\/\/yoast.com\/product\/yoast-seo-wordpress\/ -->\n<title>Kolmen kerran mets\u00e4dialogisarja 2020-2021 - MEID\u00c4N METS\u00c4MME \u2011kansalaisliike<\/title>\n<meta name=\"robots\" content=\"index, follow, max-snippet:-1, max-image-preview:large, max-video-preview:-1\" \/>\n<link rel=\"canonical\" href=\"https:\/\/meidanmetsamme.org\/index.php\/etusivu\/metsadialogit\/metsadialogisarja-3-3\/\" \/>\n<meta property=\"og:locale\" content=\"fi_FI\" \/>\n<meta property=\"og:type\" content=\"article\" \/>\n<meta property=\"og:title\" content=\"Kolmen kerran mets\u00e4dialogisarja 2020-2021 - MEID\u00c4N METS\u00c4MME \u2011kansalaisliike\" \/>\n<meta property=\"og:description\" content=\"Mets\u00e4dialogisarja 3\/3 Kolmen kerran mets\u00e4dialogisarjan viimeinen osa j\u00e4rjestettiin 20.1.2021 Espoossa Velskolan toimintakeskuksessa. Kokoonnuimme nuotion \u00e4\u00e4reen pohtimaan \u201dmiten teemme yhdess\u00e4 metsiin liittyv\u00e4\u00e4 muutosty\u00f6t\u00e4 vaikuttavasti ja dialogisesti? \u201d Kehittelimme ideoita erilaisten muuttuvien mets\u00e4tavoitteiden tunnistamiseen ja monipuolisen tiedon ja tuen tarjoamiseen dialogisin keinoin. Mukana oli edustajia Mets\u00e4hallituksesta, Mets\u00e4keskuksesta, BIOS -tutkimusyksik\u00f6st\u00e4, Aalto-yliopistosta sek\u00e4 mets\u00e4nomistajia ja Meid\u00e4n mets\u00e4mme-kansalaisliikkeen edustajia. Dialogia&hellip; Jatka lukemista Kolmen kerran mets\u00e4dialogisarja 2020-2021\" \/>\n<meta property=\"og:url\" content=\"https:\/\/meidanmetsamme.org\/index.php\/etusivu\/metsadialogit\/metsadialogisarja-3-3\/\" \/>\n<meta property=\"og:site_name\" content=\"MEID\u00c4N METS\u00c4MME \u2011kansalaisliike\" \/>\n<meta property=\"article:modified_time\" content=\"2021-02-27T12:18:03+00:00\" \/>\n<meta property=\"og:image\" content=\"https:\/\/meidanmetsamme.org\/wp-content\/uploads\/2021\/02\/Nuotiolla-sarja-3-3.jpg\" \/>\n\t<meta property=\"og:image:width\" content=\"768\" \/>\n\t<meta property=\"og:image:height\" content=\"427\" \/>\n\t<meta property=\"og:image:type\" content=\"image\/jpeg\" \/>\n<meta name=\"twitter:card\" content=\"summary_large_image\" \/>\n<meta name=\"twitter:label1\" content=\"Arvioitu lukuaika\" \/>\n\t<meta name=\"twitter:data1\" content=\"3 minuuttia\" \/>\n<script type=\"application\/ld+json\" class=\"yoast-schema-graph\">{\"@context\":\"https:\\\/\\\/schema.org\",\"@graph\":[{\"@type\":\"WebPage\",\"@id\":\"https:\\\/\\\/meidanmetsamme.org\\\/index.php\\\/etusivu\\\/metsadialogit\\\/metsadialogisarja-3-3\\\/\",\"url\":\"https:\\\/\\\/meidanmetsamme.org\\\/index.php\\\/etusivu\\\/metsadialogit\\\/metsadialogisarja-3-3\\\/\",\"name\":\"Kolmen kerran mets\u00e4dialogisarja 2020-2021 - MEID\u00c4N METS\u00c4MME \u2011kansalaisliike\",\"isPartOf\":{\"@id\":\"https:\\\/\\\/meidanmetsamme.org\\\/#website\"},\"primaryImageOfPage\":{\"@id\":\"https:\\\/\\\/meidanmetsamme.org\\\/index.php\\\/etusivu\\\/metsadialogit\\\/metsadialogisarja-3-3\\\/#primaryimage\"},\"image\":{\"@id\":\"https:\\\/\\\/meidanmetsamme.org\\\/index.php\\\/etusivu\\\/metsadialogit\\\/metsadialogisarja-3-3\\\/#primaryimage\"},\"thumbnailUrl\":\"https:\\\/\\\/meidanmetsamme.org\\\/wp-content\\\/uploads\\\/2021\\\/02\\\/Nuotiolla-sarja-3-3.jpg\",\"datePublished\":\"2021-02-09T16:17:51+00:00\",\"dateModified\":\"2021-02-27T12:18:03+00:00\",\"breadcrumb\":{\"@id\":\"https:\\\/\\\/meidanmetsamme.org\\\/index.php\\\/etusivu\\\/metsadialogit\\\/metsadialogisarja-3-3\\\/#breadcrumb\"},\"inLanguage\":\"fi\",\"potentialAction\":[{\"@type\":\"ReadAction\",\"target\":[\"https:\\\/\\\/meidanmetsamme.org\\\/index.php\\\/etusivu\\\/metsadialogit\\\/metsadialogisarja-3-3\\\/\"]}]},{\"@type\":\"ImageObject\",\"inLanguage\":\"fi\",\"@id\":\"https:\\\/\\\/meidanmetsamme.org\\\/index.php\\\/etusivu\\\/metsadialogit\\\/metsadialogisarja-3-3\\\/#primaryimage\",\"url\":\"https:\\\/\\\/meidanmetsamme.org\\\/wp-content\\\/uploads\\\/2021\\\/02\\\/Nuotiolla-sarja-3-3.jpg\",\"contentUrl\":\"https:\\\/\\\/meidanmetsamme.org\\\/wp-content\\\/uploads\\\/2021\\\/02\\\/Nuotiolla-sarja-3-3.jpg\",\"width\":768,\"height\":427,\"caption\":\"Kuva: ty\u00f6ryhm\u00e4n arkisto\"},{\"@type\":\"BreadcrumbList\",\"@id\":\"https:\\\/\\\/meidanmetsamme.org\\\/index.php\\\/etusivu\\\/metsadialogit\\\/metsadialogisarja-3-3\\\/#breadcrumb\",\"itemListElement\":[{\"@type\":\"ListItem\",\"position\":1,\"name\":\"Home\",\"item\":\"https:\\\/\\\/meidanmetsamme.org\\\/\"},{\"@type\":\"ListItem\",\"position\":2,\"name\":\"Etusivu\",\"item\":\"https:\\\/\\\/meidanmetsamme.org\\\/\"},{\"@type\":\"ListItem\",\"position\":3,\"name\":\"Mets\u00e4dialogit\",\"item\":\"https:\\\/\\\/meidanmetsamme.org\\\/index.php\\\/etusivu\\\/metsadialogit\\\/\"},{\"@type\":\"ListItem\",\"position\":4,\"name\":\"Kolmen kerran mets\u00e4dialogisarja 2020-2021\"}]},{\"@type\":\"WebSite\",\"@id\":\"https:\\\/\\\/meidanmetsamme.org\\\/#website\",\"url\":\"https:\\\/\\\/meidanmetsamme.org\\\/\",\"name\":\"MEID\u00c4N METS\u00c4MME \u2011kansalaisliike\",\"description\":\"Pidet\u00e4\u00e4n metsist\u00e4mme parempaa huolta\",\"publisher\":{\"@id\":\"https:\\\/\\\/meidanmetsamme.org\\\/#organization\"},\"potentialAction\":[{\"@type\":\"SearchAction\",\"target\":{\"@type\":\"EntryPoint\",\"urlTemplate\":\"https:\\\/\\\/meidanmetsamme.org\\\/?s={search_term_string}\"},\"query-input\":{\"@type\":\"PropertyValueSpecification\",\"valueRequired\":true,\"valueName\":\"search_term_string\"}}],\"inLanguage\":\"fi\"},{\"@type\":\"Organization\",\"@id\":\"https:\\\/\\\/meidanmetsamme.org\\\/#organization\",\"name\":\"MEID\u00c4N METS\u00c4MME \u2011kansalaisliike\",\"url\":\"https:\\\/\\\/meidanmetsamme.org\\\/\",\"logo\":{\"@type\":\"ImageObject\",\"inLanguage\":\"fi\",\"@id\":\"https:\\\/\\\/meidanmetsamme.org\\\/#\\\/schema\\\/logo\\\/image\\\/\",\"url\":\"https:\\\/\\\/meidanmetsamme.org\\\/wp-content\\\/uploads\\\/2019\\\/10\\\/cropped-meidanmetsamme-logo-ellipse-200px.png\",\"contentUrl\":\"https:\\\/\\\/meidanmetsamme.org\\\/wp-content\\\/uploads\\\/2019\\\/10\\\/cropped-meidanmetsamme-logo-ellipse-200px.png\",\"width\":200,\"height\":123,\"caption\":\"MEID\u00c4N METS\u00c4MME \u2011kansalaisliike\"},\"image\":{\"@id\":\"https:\\\/\\\/meidanmetsamme.org\\\/#\\\/schema\\\/logo\\\/image\\\/\"}}]}<\/script>\n<!-- \/ Yoast SEO plugin. -->","yoast_head_json":{"title":"Kolmen kerran mets\u00e4dialogisarja 2020-2021 - MEID\u00c4N METS\u00c4MME \u2011kansalaisliike","robots":{"index":"index","follow":"follow","max-snippet":"max-snippet:-1","max-image-preview":"max-image-preview:large","max-video-preview":"max-video-preview:-1"},"canonical":"https:\/\/meidanmetsamme.org\/index.php\/etusivu\/metsadialogit\/metsadialogisarja-3-3\/","og_locale":"fi_FI","og_type":"article","og_title":"Kolmen kerran mets\u00e4dialogisarja 2020-2021 - MEID\u00c4N METS\u00c4MME \u2011kansalaisliike","og_description":"Mets\u00e4dialogisarja 3\/3 Kolmen kerran mets\u00e4dialogisarjan viimeinen osa j\u00e4rjestettiin 20.1.2021 Espoossa Velskolan toimintakeskuksessa. Kokoonnuimme nuotion \u00e4\u00e4reen pohtimaan \u201dmiten teemme yhdess\u00e4 metsiin liittyv\u00e4\u00e4 muutosty\u00f6t\u00e4 vaikuttavasti ja dialogisesti? \u201d Kehittelimme ideoita erilaisten muuttuvien mets\u00e4tavoitteiden tunnistamiseen ja monipuolisen tiedon ja tuen tarjoamiseen dialogisin keinoin. Mukana oli edustajia Mets\u00e4hallituksesta, Mets\u00e4keskuksesta, BIOS -tutkimusyksik\u00f6st\u00e4, Aalto-yliopistosta sek\u00e4 mets\u00e4nomistajia ja Meid\u00e4n mets\u00e4mme-kansalaisliikkeen edustajia. Dialogia&hellip; Jatka lukemista Kolmen kerran mets\u00e4dialogisarja 2020-2021","og_url":"https:\/\/meidanmetsamme.org\/index.php\/etusivu\/metsadialogit\/metsadialogisarja-3-3\/","og_site_name":"MEID\u00c4N METS\u00c4MME \u2011kansalaisliike","article_modified_time":"2021-02-27T12:18:03+00:00","og_image":[{"width":768,"height":427,"url":"https:\/\/meidanmetsamme.org\/wp-content\/uploads\/2021\/02\/Nuotiolla-sarja-3-3.jpg","type":"image\/jpeg"}],"twitter_card":"summary_large_image","twitter_misc":{"Arvioitu lukuaika":"3 minuuttia"},"schema":{"@context":"https:\/\/schema.org","@graph":[{"@type":"WebPage","@id":"https:\/\/meidanmetsamme.org\/index.php\/etusivu\/metsadialogit\/metsadialogisarja-3-3\/","url":"https:\/\/meidanmetsamme.org\/index.php\/etusivu\/metsadialogit\/metsadialogisarja-3-3\/","name":"Kolmen kerran mets\u00e4dialogisarja 2020-2021 - MEID\u00c4N METS\u00c4MME \u2011kansalaisliike","isPartOf":{"@id":"https:\/\/meidanmetsamme.org\/#website"},"primaryImageOfPage":{"@id":"https:\/\/meidanmetsamme.org\/index.php\/etusivu\/metsadialogit\/metsadialogisarja-3-3\/#primaryimage"},"image":{"@id":"https:\/\/meidanmetsamme.org\/index.php\/etusivu\/metsadialogit\/metsadialogisarja-3-3\/#primaryimage"},"thumbnailUrl":"https:\/\/meidanmetsamme.org\/wp-content\/uploads\/2021\/02\/Nuotiolla-sarja-3-3.jpg","datePublished":"2021-02-09T16:17:51+00:00","dateModified":"2021-02-27T12:18:03+00:00","breadcrumb":{"@id":"https:\/\/meidanmetsamme.org\/index.php\/etusivu\/metsadialogit\/metsadialogisarja-3-3\/#breadcrumb"},"inLanguage":"fi","potentialAction":[{"@type":"ReadAction","target":["https:\/\/meidanmetsamme.org\/index.php\/etusivu\/metsadialogit\/metsadialogisarja-3-3\/"]}]},{"@type":"ImageObject","inLanguage":"fi","@id":"https:\/\/meidanmetsamme.org\/index.php\/etusivu\/metsadialogit\/metsadialogisarja-3-3\/#primaryimage","url":"https:\/\/meidanmetsamme.org\/wp-content\/uploads\/2021\/02\/Nuotiolla-sarja-3-3.jpg","contentUrl":"https:\/\/meidanmetsamme.org\/wp-content\/uploads\/2021\/02\/Nuotiolla-sarja-3-3.jpg","width":768,"height":427,"caption":"Kuva: ty\u00f6ryhm\u00e4n arkisto"},{"@type":"BreadcrumbList","@id":"https:\/\/meidanmetsamme.org\/index.php\/etusivu\/metsadialogit\/metsadialogisarja-3-3\/#breadcrumb","itemListElement":[{"@type":"ListItem","position":1,"name":"Home","item":"https:\/\/meidanmetsamme.org\/"},{"@type":"ListItem","position":2,"name":"Etusivu","item":"https:\/\/meidanmetsamme.org\/"},{"@type":"ListItem","position":3,"name":"Mets\u00e4dialogit","item":"https:\/\/meidanmetsamme.org\/index.php\/etusivu\/metsadialogit\/"},{"@type":"ListItem","position":4,"name":"Kolmen kerran mets\u00e4dialogisarja 2020-2021"}]},{"@type":"WebSite","@id":"https:\/\/meidanmetsamme.org\/#website","url":"https:\/\/meidanmetsamme.org\/","name":"MEID\u00c4N METS\u00c4MME \u2011kansalaisliike","description":"Pidet\u00e4\u00e4n metsist\u00e4mme parempaa huolta","publisher":{"@id":"https:\/\/meidanmetsamme.org\/#organization"},"potentialAction":[{"@type":"SearchAction","target":{"@type":"EntryPoint","urlTemplate":"https:\/\/meidanmetsamme.org\/?s={search_term_string}"},"query-input":{"@type":"PropertyValueSpecification","valueRequired":true,"valueName":"search_term_string"}}],"inLanguage":"fi"},{"@type":"Organization","@id":"https:\/\/meidanmetsamme.org\/#organization","name":"MEID\u00c4N METS\u00c4MME \u2011kansalaisliike","url":"https:\/\/meidanmetsamme.org\/","logo":{"@type":"ImageObject","inLanguage":"fi","@id":"https:\/\/meidanmetsamme.org\/#\/schema\/logo\/image\/","url":"https:\/\/meidanmetsamme.org\/wp-content\/uploads\/2019\/10\/cropped-meidanmetsamme-logo-ellipse-200px.png","contentUrl":"https:\/\/meidanmetsamme.org\/wp-content\/uploads\/2019\/10\/cropped-meidanmetsamme-logo-ellipse-200px.png","width":200,"height":123,"caption":"MEID\u00c4N METS\u00c4MME \u2011kansalaisliike"},"image":{"@id":"https:\/\/meidanmetsamme.org\/#\/schema\/logo\/image\/"}}]}},"_links":{"self":[{"href":"https:\/\/meidanmetsamme.org\/index.php\/wp-json\/wp\/v2\/pages\/971","targetHints":{"allow":["GET"]}}],"collection":[{"href":"https:\/\/meidanmetsamme.org\/index.php\/wp-json\/wp\/v2\/pages"}],"about":[{"href":"https:\/\/meidanmetsamme.org\/index.php\/wp-json\/wp\/v2\/types\/page"}],"author":[{"embeddable":true,"href":"https:\/\/meidanmetsamme.org\/index.php\/wp-json\/wp\/v2\/users\/4"}],"replies":[{"embeddable":true,"href":"https:\/\/meidanmetsamme.org\/index.php\/wp-json\/wp\/v2\/comments?post=971"}],"version-history":[{"count":7,"href":"https:\/\/meidanmetsamme.org\/index.php\/wp-json\/wp\/v2\/pages\/971\/revisions"}],"predecessor-version":[{"id":1397,"href":"https:\/\/meidanmetsamme.org\/index.php\/wp-json\/wp\/v2\/pages\/971\/revisions\/1397"}],"up":[{"embeddable":true,"href":"https:\/\/meidanmetsamme.org\/index.php\/wp-json\/wp\/v2\/pages\/842"}],"wp:attachment":[{"href":"https:\/\/meidanmetsamme.org\/index.php\/wp-json\/wp\/v2\/media?parent=971"}],"curies":[{"name":"wp","href":"https:\/\/api.w.org\/{rel}","templated":true}]}}